{"id":13403,"date":"2025-03-27T16:24:49","date_gmt":"2025-03-27T15:24:49","guid":{"rendered":"https:\/\/www.lebens-qi.at\/qishop\/?post_type=product&#038;p=13403"},"modified":"2025-03-27T16:37:24","modified_gmt":"2025-03-27T15:37:24","slug":"heilsymbole-zahlenreihen-band-2","status":"publish","type":"product","link":"https:\/\/www.lebens-qi.at\/qishop\/produkt\/heilsymbole-zahlenreihen-band-2\/","title":{"rendered":"Heilsymbole &#038; Zahlenreihen Band 2"},"content":{"rendered":"<p><strong>Heilsymbole &amp; Zahlenreihen 2<\/strong><br \/>\nArbeitsbuch der Plejadenheilung<br \/>\n<em>von Pavlina Klemm<\/em><\/p>\n<p>\u00bbAlles, was seit Heilsymbole &amp; Zahlenreihen Band 1 entstanden ist.\u00ab <em><br \/>\n&#8212; Pavlina Klemm<\/em><\/p>\n<p>Vom Kontakt mit den Engeln der positiven Zukunft bis zur \u00dcbertragung von Pr\u00e4paraten aus der Kosmischen Heilapotheke, von der Anbindung an die Seele der Sonne, der Aufl\u00f6sung energetischer Vertr\u00e4ge, dem Ausstieg aus niedrigen Dimensionen, der Umstellung des Herzens auf Freude bis zu pers\u00f6nlicher Schutzschwingung sowie Tipps zur inneren Stabilit\u00e4t &#8230;<\/p>\n<p>Das NEUE ARBEITSBUCH der Plejader von PAVLINA KLEMM versammelt <strong>mehr als drei\u00dfig HEILSYMBOLE &amp; ZAHLENREIHEN<\/strong> mit den dazugeh\u00f6rigen \u00dcbungen, von denen viele hier erstmals erscheinen. Einen Schwerpunkt bildet das Erlernen des Channelns durch die f\u00fcnfte Herzkammer. Ein weiterer Schwerpunkt ist eine Gruppen\u00fcbung zur Neuanbindung der Seele, wenn sie den Menschen durch k\u00f6rperliche Eingriffe verlassen hat.<\/p>\n<p>Aus dem Gru\u00dfwort der Plejader: \u00bbUnsere Informationen helfen euch dabei, das Licht eurer Seele optimal auszudehnen, sie helfen euch, die Lichtschwingung eures Geistes anzuheben und eure Zellen von Belastungen zu befreien, unter denen sie lange gelitten haben.\u00ab<\/p>\n<p>Aus der Einleitung von Pavlina Klemm: \u00bbAus Erfahrung wei\u00df ich, dass jene, die meine B\u00fccher lesen, geborene Heiler sind und das Heilen geradezu im Blut haben. Genau wie die Plejader. Um das Heilen zu f\u00f6rdern, \u00fcbergeben sie uns diese unz\u00e4hlige Menge an neuen Informationen.\u00ab<\/p>\n<p>PAVLINA KLEMM, geboren in Tschechien, lebt und arbeitet heute am Chiemsee. Seit ihrer Kindheit steht sie in Kontakt mit der Geistigen Welt. Sie ist ausgebildet in Quantenheilung, Neuer Hom\u00f6opathie, Reconnective Healing und russischen Heilweisen. Tausende besuchten schon ihre Workshops und Seminare zur Ausbildung als Plejadenheiler.<\/p>\n","protected":false},"excerpt":{"rendered":"<p>Arbeitsbuch der Plejadenheilung<\/p>\n","protected":false},"featured_media":13404,"comment_status":"open","ping_status":"closed","template":"","meta":{"_links_to":"","_links_to_target":""},"pwb-brand":[2470],"product_brand":[],"product_cat":[804],"product_tag":[580,2712,545,2743,1298,2471,2472,2745,2031,121,178,2744],"class_list":{"0":"post-13403","1":"product","2":"type-product","3":"status-publish","4":"has-post-thumbnail","6":"pwb-brand-amra","7":"product_cat-energiearbeit","8":"product_tag-buch","9":"product_tag-channeling","10":"product_tag-engel","11":"product_tag-heilsymbole","12":"product_tag-heilung","13":"product_tag-pavlina-klemm","14":"product_tag-plejaden","15":"product_tag-plejadenheilung","16":"product_tag-plejader","17":"product_tag-schutz","18":"product_tag-seele","19":"product_tag-zahlenreihen","21":"first","22":"instock","23":"taxable","24":"shipping-taxable","25":"purchasable","26":"product-type-simple"},"blog_post_layout_featured_media_urls":{"thumbnail":["https:\/\/www.lebens-qi.at\/qishop\/wp-content\/uploads\/9783954475773-heilsymbole-150x150.jpg",150,150,true],"full":["https:\/\/www.lebens-qi.at\/qishop\/wp-content\/uploads\/9783954475773-heilsymbole.jpg",648,648,false]},"categories":["2470"],"categories_names":{"2470":{"name":"AMRA","link":"https:\/\/www.lebens-qi.at\/qishop\/brand\/amra\/"}},"comments_number":"0","brands":[{"id":2470,"name":"AMRA","slug":"amra"}],"_links":{"self":[{"href":"https:\/\/www.lebens-qi.at\/qishop\/wp-json\/wp\/v2\/product\/13403","targetHints":{"allow":["GET"]}}],"collection":[{"href":"https:\/\/www.lebens-qi.at\/qishop\/wp-json\/wp\/v2\/product"}],"about":[{"href":"https:\/\/www.lebens-qi.at\/qishop\/wp-json\/wp\/v2\/types\/product"}],"replies":[{"embeddable":true,"href":"https:\/\/www.lebens-qi.at\/qishop\/wp-json\/wp\/v2\/comments?post=13403"}],"wp:featuredmedia":[{"embeddable":true,"href":"https:\/\/www.lebens-qi.at\/qishop\/wp-json\/wp\/v2\/media\/13404"}],"wp:attachment":[{"href":"https:\/\/www.lebens-qi.at\/qishop\/wp-json\/wp\/v2\/media?parent=13403"}],"wp:term":[{"taxonomy":"pwb-brand","embeddable":true,"href":"https:\/\/www.lebens-qi.at\/qishop\/wp-json\/wp\/v2\/pwb-brand?post=13403"},{"taxonomy":"product_brand","embeddable":true,"href":"https:\/\/www.lebens-qi.at\/qishop\/wp-json\/wp\/v2\/product_brand?post=13403"},{"taxonomy":"product_cat","embeddable":true,"href":"https:\/\/www.lebens-qi.at\/qishop\/wp-json\/wp\/v2\/product_cat?post=13403"},{"taxonomy":"product_tag","embeddable":true,"href":"https:\/\/www.lebens-qi.at\/qishop\/wp-json\/wp\/v2\/product_tag?post=13403"}],"curies":[{"name":"wp","href":"https:\/\/api.w.org\/{rel}","templated":true}]}}