{"id":13405,"date":"2025-03-27T16:40:10","date_gmt":"2025-03-27T15:40:10","guid":{"rendered":"https:\/\/www.lebens-qi.at\/qishop\/?post_type=product&#038;p=13405"},"modified":"2025-03-27T18:30:41","modified_gmt":"2025-03-27T17:30:41","slug":"heilsymbole-zahlenreihen-1-karten-set","status":"publish","type":"product","link":"https:\/\/www.lebens-qi.at\/qishop\/produkt\/heilsymbole-zahlenreihen-1-karten-set\/","title":{"rendered":"Heilsymbole &#038; Zahlenreihen 1 &#8211; Karten-Set"},"content":{"rendered":"<p><b>Kartenset: Heilsymbole &amp; Zahlenreihen<\/b><br \/>\n44 Karten zur Plejadenheilung mit Begleitbuch<br \/>\n<em>von Pavlina Klemm<\/em><\/p>\n<p>Wir, deine plejadischen Begleiter, sind sehr dankbar daf\u00fcr, dass du dich mithilfe dieses Kartensets selbst heilst. Du h\u00e4ltst gerade die materialisierte, manifestierte Energie von Symbolen, Zahlenreihen und Affirmationen in H\u00e4nden. Durch dein Heilen hilfst du anderen Personen, durch die Anbindung an die morphogenetischen Felder dank der Symbole auf diesen Karten erweiterst du dein Bewusstsein, und es gelingt dir leichter und schneller, dich in der f\u00fcnften Bewusstseinsdimension zu verankern. Vertraue bei dieser energetischen Arbeit auf deine Intuition und lasse dich f\u00fchren.<\/p>\n<p>\u00bbProbiert die Heilsymbole und Zahlenreihen selbst aus und erlebt ihre lichtvolle Wirkung auf euer Leben.\u00ab<br \/>\n<em>&#8212; Jeanne Ruland<\/em><\/p>\n<p>Immer wieder haben Teilnehmer aus den Seminaren und Workshops, aber auch Leserinnen und Leser der Bestsellerreihe <a href=\"https:\/\/www.lebens-qi.at\/qishop\/produkt\/lichtbotschaften-von-den-plejaden-band-1\/\">LICHTBOTSCHAFTEN VON DEN PLEJADEN<\/a> danach gefragt. Jetzt d\u00fcrfen wir es euch endlich vorstellen &#8211; das Kartenset mit den gesammelten Heilsymbolen und Zahlenreihen! Das Kartenset HEILSYMBOLE &amp; ZAHLENREIHEN enth\u00e4lt alle energetischen Hilfsmittel aus den bisher sieben B\u00fcchern, elf CDs und den Veranstaltungen des Channelmediums &#8211; und ist f\u00fcr den t\u00e4glichen Gebrauch gedacht. Zur Aktivierung dieser energetischen Hilfsmittel gen\u00fcgt die reine Absicht.<\/p>\n<p>AUS DER EINLEITUNG DER PLEJADER ZUM BUCH: \u00bbDer menschliche Geist bindet sich an die Synapsen des kosmischen kollektiven Bewusstseins an und erh\u00f6ht dadurch sein Bewusstsein und sein Wissen. Die kosmischen Lichtimpulse k\u00f6nnen den menschlichen Geist jetzt endlich heilen und regenerieren.\u00ab<\/p>\n<p>PAVLINA KLEMM \u00dcBER DAS GLEICHNAMIGE BUCH: \u00bbEs ist egal, in welchen Inkarnationen ihr euch fr\u00fcher befandet. Es ist egal, wie viele Gedanken euch in eure Vergangenheit zur\u00fcckwerfen. Jeder hat die M\u00f6glichkeit, seine Realit\u00e4t zum Positiven zu ver\u00e4ndern. Wie die Plejader uns mitteilen &#8211; Schritt f\u00fcr Schritt.\u00ab<\/p>\n<p>AUS DEM BUCH-VORWORT VON JEANNE RULAND: \u00bbProbiert die Heilsymbole und Zahlenreihen am besten selbst aus und erlebt ihre lichtvolle und strahlende Wirkung auf euer Leben.\u00ab<\/p>\n<p>PAVLINA KLEMM, geboren in Tschechien, lebt und arbeitet heute in der N\u00e4he von M\u00fcnchen. Sie ist ausgebildet in Quantenheilung, Reconnective Healing nach Eric Pearl und Neuer Hom\u00f6opathie nach K\u00f6rbler, in russischen Heilmethoden und durch Doreen Virtue. Seit ihrer Kindheit steht sie in Kontakt mit der geistigen Welt.<\/p>\n","protected":false},"excerpt":{"rendered":"<p>44 Karten zur Plejadenheilung mit Begleitbuch<\/p>\n","protected":false},"featured_media":13408,"comment_status":"open","ping_status":"closed","template":"","meta":{"_links_to":"","_links_to_target":""},"pwb-brand":[2470],"product_brand":[],"product_cat":[862],"product_tag":[2743,667,2471,2472,2745,2031,2744],"class_list":{"0":"post-13405","1":"product","2":"type-product","3":"status-publish","4":"has-post-thumbnail","6":"pwb-brand-amra","7":"product_cat-impulskarten","8":"product_tag-heilsymbole","9":"product_tag-kartendeck","10":"product_tag-pavlina-klemm","11":"product_tag-plejaden","12":"product_tag-plejadenheilung","13":"product_tag-plejader","14":"product_tag-zahlenreihen","16":"first","17":"instock","18":"taxable","19":"shipping-taxable","20":"purchasable","21":"product-type-simple"},"blog_post_layout_featured_media_urls":{"thumbnail":["https:\/\/www.lebens-qi.at\/qishop\/wp-content\/uploads\/9783954473762-heilsymbole-150x150.jpg",150,150,true],"full":["https:\/\/www.lebens-qi.at\/qishop\/wp-content\/uploads\/9783954473762-heilsymbole.jpg",648,648,false]},"categories":["2470"],"categories_names":{"2470":{"name":"AMRA","link":"https:\/\/www.lebens-qi.at\/qishop\/brand\/amra\/"}},"comments_number":"0","brands":[{"id":2470,"name":"AMRA","slug":"amra"}],"_links":{"self":[{"href":"https:\/\/www.lebens-qi.at\/qishop\/wp-json\/wp\/v2\/product\/13405","targetHints":{"allow":["GET"]}}],"collection":[{"href":"https:\/\/www.lebens-qi.at\/qishop\/wp-json\/wp\/v2\/product"}],"about":[{"href":"https:\/\/www.lebens-qi.at\/qishop\/wp-json\/wp\/v2\/types\/product"}],"replies":[{"embeddable":true,"href":"https:\/\/www.lebens-qi.at\/qishop\/wp-json\/wp\/v2\/comments?post=13405"}],"wp:featuredmedia":[{"embeddable":true,"href":"https:\/\/www.lebens-qi.at\/qishop\/wp-json\/wp\/v2\/media\/13408"}],"wp:attachment":[{"href":"https:\/\/www.lebens-qi.at\/qishop\/wp-json\/wp\/v2\/media?parent=13405"}],"wp:term":[{"taxonomy":"pwb-brand","embeddable":true,"href":"https:\/\/www.lebens-qi.at\/qishop\/wp-json\/wp\/v2\/pwb-brand?post=13405"},{"taxonomy":"product_brand","embeddable":true,"href":"https:\/\/www.lebens-qi.at\/qishop\/wp-json\/wp\/v2\/product_brand?post=13405"},{"taxonomy":"product_cat","embeddable":true,"href":"https:\/\/www.lebens-qi.at\/qishop\/wp-json\/wp\/v2\/product_cat?post=13405"},{"taxonomy":"product_tag","embeddable":true,"href":"https:\/\/www.lebens-qi.at\/qishop\/wp-json\/wp\/v2\/product_tag?post=13405"}],"curies":[{"name":"wp","href":"https:\/\/api.w.org\/{rel}","templated":true}]}}