{"id":1341,"date":"2024-02-15T22:55:59","date_gmt":"2024-02-15T21:55:59","guid":{"rendered":"https:\/\/www.lebens-qi.at\/qishop\/produkt\/seifenschale-hand-der-fatima-savanne\/"},"modified":"2024-12-12T16:08:52","modified_gmt":"2024-12-12T15:08:52","slug":"seifenschale-hand-der-fatima-savanne","status":"publish","type":"product","link":"https:\/\/www.lebens-qi.at\/qishop\/produkt\/seifenschale-hand-der-fatima-savanne\/","title":{"rendered":"Seifenschale &quot;Hand der Fatima&quot; Savanne"},"content":{"rendered":"<p><b>Keramik Seifenschale &#8222;Hand der Fatima&#8220; &#8211; jede ein Unikat<\/b><\/p>\n<p>Diese Seifenschale wurde von Hand aus Keramik geformt. Charakteristisch ist die leicht unregelm\u00e4\u00dfige Form. Mit eingepr\u00e4gtem Relief &#8222;Hand der Fatima&#8220;.<br \/>\nSteinzeug glasiert in der beigen, nat\u00fcrlich wirkendenden Farbvariante &#8222;Savanne&#8220; mit Aquamarin kombiniert.<br \/>\nOhne Loch &#8211; es bleibt der Untergrund trocken und sauber! <\/p>\n<p><b>In 3 verschiedenen Formen erh\u00e4ltlich:<br \/>\nRechteckig:<\/b> Gr\u00f6\u00dfe ca. 10 x 7,5 cm <br \/>\n<b>Quadratisch:<\/b> Gr\u00f6\u00dfe ca. 8 x 8 cm<br \/>\n<b>Rund:<\/b> Durchmesser ca. 9 cm<br \/>\n<b>H\u00f6he:<\/b> bei allen 3 Formen ca. 1,5 cm<br \/>\n<b>Farbe: <\/b> Savanne (hell-beige gefleckt) \/ Aquamarin<\/p>\n<p>Lieferumfang OHNE Seife oder Deko. Diese bitte separat bestellen! Bitte beachten Sie, dass jedes St\u00fcck ein Unikat ist und die Fotos Symbolfotos darstellen. Abweichungen sind daher gegeben. Gerne senden wir ihnen Fotos von den aktuell bei uns lagernden Seifenschalen zu.<\/p>\n","protected":false},"excerpt":{"rendered":"<p>in 3 verschiedenen Formen<\/p>\n","protected":false},"featured_media":1340,"comment_status":"open","ping_status":"closed","template":"","meta":{"_links_to":"","_links_to_target":""},"pwb-brand":[323],"product_brand":[],"product_cat":[222],"product_tag":[311,310,305,303,302],"class_list":{"0":"post-1341","1":"product","2":"type-product","3":"status-publish","4":"has-post-thumbnail","6":"pwb-brand-kreatives-by-petra","7":"product_cat-zubehoer-zur-koerperpflege","8":"product_tag-hamsa","9":"product_tag-hand-der-fatima","10":"product_tag-handgefertigt","11":"product_tag-keramik","12":"product_tag-seifenschale","14":"first","15":"instock","16":"taxable","17":"shipping-taxable","18":"purchasable","19":"product-type-variable"},"blog_post_layout_featured_media_urls":{"thumbnail":["https:\/\/www.lebens-qi.at\/qishop\/wp-content\/uploads\/fatima-150x150.jpg",150,150,true],"full":["https:\/\/www.lebens-qi.at\/qishop\/wp-content\/uploads\/fatima.jpg",2048,2048,false]},"categories":["323"],"categories_names":{"323":{"name":"Kreatives by Petra","link":"https:\/\/www.lebens-qi.at\/qishop\/brand\/kreatives-by-petra\/"}},"comments_number":"0","brands":[{"id":323,"name":"Kreatives by Petra","slug":"kreatives-by-petra"}],"_links":{"self":[{"href":"https:\/\/www.lebens-qi.at\/qishop\/wp-json\/wp\/v2\/product\/1341","targetHints":{"allow":["GET"]}}],"collection":[{"href":"https:\/\/www.lebens-qi.at\/qishop\/wp-json\/wp\/v2\/product"}],"about":[{"href":"https:\/\/www.lebens-qi.at\/qishop\/wp-json\/wp\/v2\/types\/product"}],"replies":[{"embeddable":true,"href":"https:\/\/www.lebens-qi.at\/qishop\/wp-json\/wp\/v2\/comments?post=1341"}],"wp:featuredmedia":[{"embeddable":true,"href":"https:\/\/www.lebens-qi.at\/qishop\/wp-json\/wp\/v2\/media\/1340"}],"wp:attachment":[{"href":"https:\/\/www.lebens-qi.at\/qishop\/wp-json\/wp\/v2\/media?parent=1341"}],"wp:term":[{"taxonomy":"pwb-brand","embeddable":true,"href":"https:\/\/www.lebens-qi.at\/qishop\/wp-json\/wp\/v2\/pwb-brand?post=1341"},{"taxonomy":"product_brand","embeddable":true,"href":"https:\/\/www.lebens-qi.at\/qishop\/wp-json\/wp\/v2\/product_brand?post=1341"},{"taxonomy":"product_cat","embeddable":true,"href":"https:\/\/www.lebens-qi.at\/qishop\/wp-json\/wp\/v2\/product_cat?post=1341"},{"taxonomy":"product_tag","embeddable":true,"href":"https:\/\/www.lebens-qi.at\/qishop\/wp-json\/wp\/v2\/product_tag?post=1341"}],"curies":[{"name":"wp","href":"https:\/\/api.w.org\/{rel}","templated":true}]}}