{"id":1345,"date":"2024-02-15T22:56:06","date_gmt":"2024-02-15T21:56:06","guid":{"rendered":"https:\/\/www.lebens-qi.at\/qishop\/produkt\/rosenquarz-massage-roller\/"},"modified":"2025-02-21T11:45:45","modified_gmt":"2025-02-21T10:45:45","slug":"rosenquarz-massage-roller","status":"publish","type":"product","link":"https:\/\/www.lebens-qi.at\/qishop\/produkt\/rosenquarz-massage-roller\/","title":{"rendered":"Rosenquarz Massage-Roller"},"content":{"rendered":"<p><b>Rosenquarz Massage-Roller <\/b><\/p>\n<p>Die Verwendung von Gesichtsmassagerollen stammt aus dem antiken China, wo dies seit langem als Heilungsmethode bekannt ist. Wenden Sie den Gesichtsmassageroller nur 10 Minuten an und entw\u00e4ssern Sie die Lymphe. Es verbessert die Durchblutung des Gesichts und des Chi. verringert Falten und ist vorbeugend gegen Doppelkinn. Einfach und schnell in Ihre t\u00e4gliche Gesichtsroutine zu integrieren, oder auch einmal w\u00f6chentlich zum Verw\u00f6hnen.<\/p>\n<p><b>Produktspezifikationen<\/b><br \/>Rosenquarz: f\u00f6rdert Z\u00e4rtlichkeit und (Selbst-)Liebe.<br \/>Gr\u00f6\u00dfe: 14 cm<br \/>Metallfarbe: Gelbgold.<br \/>Verpackung: Wei\u00dfer Karton.<br \/><em>Hinweis: Die Steinfarbe kann nat\u00fcrlich variieren und sich etwas von dem gezeigten Bild unterscheiden.<\/em><\/p>\n<p><b>Handhabung<\/b><br \/>Reiben Sie sanft Ihre Stirn, Wangen, Augenbrauen, Kiefer, Lippen und Hals mit der breiten Seite in Richtung der Lymphdrainagepunkte. <br \/>Verwenden Sie auch das kleinere Ende der Walze, um jeden Teil Ihres Gesichts (auch unter den Augen) gut zu erreichen.<\/p>\n<p><b>TIPP: <\/b>Der Massage-Roller kann auch zum Einarbeiten Ihrer Gesichtspflege verwendet werden. <\/p>\n","protected":false},"excerpt":{"rendered":"<p>Edelstein-Wellness f\u00fcr zu Hause<\/p>\n","protected":false},"featured_media":1344,"comment_status":"open","ping_status":"closed","template":"","meta":{"_links_to":"","_links_to_target":""},"pwb-brand":[276],"product_brand":[],"product_cat":[222],"product_tag":[244,242,173],"class_list":{"0":"post-1345","1":"product","2":"type-product","3":"status-publish","4":"has-post-thumbnail","6":"pwb-brand-mani-bhadra-phoenix-import","7":"product_cat-zubehoer-zur-koerperpflege","8":"product_tag-edelsteinmassage","9":"product_tag-massageroller","10":"product_tag-rosenquarz","12":"first","13":"instock","14":"taxable","15":"shipping-taxable","16":"purchasable","17":"product-type-simple"},"blog_post_layout_featured_media_urls":{"thumbnail":["https:\/\/www.lebens-qi.at\/qishop\/wp-content\/uploads\/9520-150x150.jpg",150,150,true],"full":["https:\/\/www.lebens-qi.at\/qishop\/wp-content\/uploads\/9520.jpg",800,800,false]},"categories":["276"],"categories_names":{"276":{"name":"Mani Bhadra - Phoenix Import","link":"https:\/\/www.lebens-qi.at\/qishop\/brand\/mani-bhadra-phoenix-import\/"}},"comments_number":"0","brands":[{"id":276,"name":"Mani Bhadra - Phoenix Import","slug":"mani-bhadra-phoenix-import"}],"_links":{"self":[{"href":"https:\/\/www.lebens-qi.at\/qishop\/wp-json\/wp\/v2\/product\/1345","targetHints":{"allow":["GET"]}}],"collection":[{"href":"https:\/\/www.lebens-qi.at\/qishop\/wp-json\/wp\/v2\/product"}],"about":[{"href":"https:\/\/www.lebens-qi.at\/qishop\/wp-json\/wp\/v2\/types\/product"}],"replies":[{"embeddable":true,"href":"https:\/\/www.lebens-qi.at\/qishop\/wp-json\/wp\/v2\/comments?post=1345"}],"wp:featuredmedia":[{"embeddable":true,"href":"https:\/\/www.lebens-qi.at\/qishop\/wp-json\/wp\/v2\/media\/1344"}],"wp:attachment":[{"href":"https:\/\/www.lebens-qi.at\/qishop\/wp-json\/wp\/v2\/media?parent=1345"}],"wp:term":[{"taxonomy":"pwb-brand","embeddable":true,"href":"https:\/\/www.lebens-qi.at\/qishop\/wp-json\/wp\/v2\/pwb-brand?post=1345"},{"taxonomy":"product_brand","embeddable":true,"href":"https:\/\/www.lebens-qi.at\/qishop\/wp-json\/wp\/v2\/product_brand?post=1345"},{"taxonomy":"product_cat","embeddable":true,"href":"https:\/\/www.lebens-qi.at\/qishop\/wp-json\/wp\/v2\/product_cat?post=1345"},{"taxonomy":"product_tag","embeddable":true,"href":"https:\/\/www.lebens-qi.at\/qishop\/wp-json\/wp\/v2\/product_tag?post=1345"}],"curies":[{"name":"wp","href":"https:\/\/api.w.org\/{rel}","templated":true}]}}