{"id":13456,"date":"2025-03-28T16:31:59","date_gmt":"2025-03-28T15:31:59","guid":{"rendered":"https:\/\/www.lebens-qi.at\/qishop\/?post_type=product&#038;p=13456"},"modified":"2025-03-28T16:37:49","modified_gmt":"2025-03-28T15:37:49","slug":"heilsymbole-zahlenreihen-2-karten-set","status":"publish","type":"product","link":"https:\/\/www.lebens-qi.at\/qishop\/produkt\/heilsymbole-zahlenreihen-2-karten-set\/","title":{"rendered":"Heilsymbole &#038; Zahlenreihen 2 &#8211; Karten-Set"},"content":{"rendered":"<p><b>Kartenset: Heilsymbole &amp; Zahlenreihen 2<\/b><br \/>\n44 Karten zur Plejadenheilung mit Begleitbuch<br \/>\n<em>von Pavlina Klemm<\/em><\/p>\n<p>\u00bbAlles, was seit dem Heilsymbole-Kartenset 1 entstanden ist.\u00ab <em><br \/>\n&#8212; Pavlina Klemm<\/em><\/p>\n<p>Immer wieder haben Teilnehmer aus den Seminaren und Workshops, aber auch Leserinnen und Leser der Bestsellerreihe <a href=\"https:\/\/www.lebens-qi.at\/qishop\/produkt\/lichtbotschaften-von-den-plejaden-band-1\/\">LICHTBOTSCHAFTEN VON DEN PLEJADEN<\/a> danach gefragt. Jetzt d\u00fcrfen wir sie euch im \u00bbNeuen Arbeitsbuch der Plejadenheilung\u00ab endlich vorstellen &#8211; die Heilsymbole und Zahlenreihen, die nach dem Plejadenbuch 6 entstanden sind! Vom Sonnensymbol f\u00fcr die Lichtheilung \u00fcber den Ausstieg aus niedrigschwingenden Energien bis zu Engelsanbindungen und Chakraportalen, dem Zugang zum eigenen Channeln \u00fcber die f\u00fcnfte Herzkammer und zur R\u00fcckerlangung von Freude und Liebe &#8230;<\/p>\n<p>HEILSYMBOLE &amp; ZAHLENREIHEN enth\u00e4lt das gesamte Arbeitsmaterial aus den B\u00fcchern 7 bis 9 und aus verstreut erschienenen Ver\u00f6ffentlichungen des Mediums &#8211; und es kann ohne jede Vorkenntnis eingesetzt werden. Zur Anbindung und energetischen Aktivierung der Hilfsmittel gen\u00fcgt die reine Absicht.<\/p>\n<p>PAVLINA KLEMM, geboren in Tschechien, lebt und arbeitet heute in der N\u00e4he von M\u00fcnchen. Sie ist ausgebildet in Quantenheilung, Reconnective Healing und Neuer Hom\u00f6opathie sowie in russischen Heilmethoden. Seit ihrer Kindheit steht sie in Kontakt mit der Geistigen Welt.<\/p>\n<p>&nbsp;<\/p>\n","protected":false},"excerpt":{"rendered":"<p>44 Karten zur Plejadenheilung mit Begleitbuch<\/p>\n","protected":false},"featured_media":13457,"comment_status":"open","ping_status":"closed","template":"","meta":{"_links_to":"","_links_to_target":""},"pwb-brand":[2470],"product_brand":[],"product_cat":[862],"product_tag":[2712,2743,667,2471,2472,2745,2031,2744],"class_list":{"0":"post-13456","1":"product","2":"type-product","3":"status-publish","4":"has-post-thumbnail","6":"pwb-brand-amra","7":"product_cat-impulskarten","8":"product_tag-channeling","9":"product_tag-heilsymbole","10":"product_tag-kartendeck","11":"product_tag-pavlina-klemm","12":"product_tag-plejaden","13":"product_tag-plejadenheilung","14":"product_tag-plejader","15":"product_tag-zahlenreihen","17":"first","18":"instock","19":"taxable","20":"shipping-taxable","21":"purchasable","22":"product-type-simple"},"blog_post_layout_featured_media_urls":{"thumbnail":["https:\/\/www.lebens-qi.at\/qishop\/wp-content\/uploads\/9783954475797-heilsymbole2-150x150.jpg",150,150,true],"full":["https:\/\/www.lebens-qi.at\/qishop\/wp-content\/uploads\/9783954475797-heilsymbole2.jpg",648,648,false]},"categories":["2470"],"categories_names":{"2470":{"name":"AMRA","link":"https:\/\/www.lebens-qi.at\/qishop\/brand\/amra\/"}},"comments_number":"0","brands":[{"id":2470,"name":"AMRA","slug":"amra"}],"_links":{"self":[{"href":"https:\/\/www.lebens-qi.at\/qishop\/wp-json\/wp\/v2\/product\/13456","targetHints":{"allow":["GET"]}}],"collection":[{"href":"https:\/\/www.lebens-qi.at\/qishop\/wp-json\/wp\/v2\/product"}],"about":[{"href":"https:\/\/www.lebens-qi.at\/qishop\/wp-json\/wp\/v2\/types\/product"}],"replies":[{"embeddable":true,"href":"https:\/\/www.lebens-qi.at\/qishop\/wp-json\/wp\/v2\/comments?post=13456"}],"wp:featuredmedia":[{"embeddable":true,"href":"https:\/\/www.lebens-qi.at\/qishop\/wp-json\/wp\/v2\/media\/13457"}],"wp:attachment":[{"href":"https:\/\/www.lebens-qi.at\/qishop\/wp-json\/wp\/v2\/media?parent=13456"}],"wp:term":[{"taxonomy":"pwb-brand","embeddable":true,"href":"https:\/\/www.lebens-qi.at\/qishop\/wp-json\/wp\/v2\/pwb-brand?post=13456"},{"taxonomy":"product_brand","embeddable":true,"href":"https:\/\/www.lebens-qi.at\/qishop\/wp-json\/wp\/v2\/product_brand?post=13456"},{"taxonomy":"product_cat","embeddable":true,"href":"https:\/\/www.lebens-qi.at\/qishop\/wp-json\/wp\/v2\/product_cat?post=13456"},{"taxonomy":"product_tag","embeddable":true,"href":"https:\/\/www.lebens-qi.at\/qishop\/wp-json\/wp\/v2\/product_tag?post=13456"}],"curies":[{"name":"wp","href":"https:\/\/api.w.org\/{rel}","templated":true}]}}