{"id":13458,"date":"2025-03-28T16:41:55","date_gmt":"2025-03-28T15:41:55","guid":{"rendered":"https:\/\/www.lebens-qi.at\/qishop\/?post_type=product&#038;p=13458"},"modified":"2025-09-08T16:59:06","modified_gmt":"2025-09-08T14:59:06","slug":"neemoel-bio","status":"publish","type":"product","link":"https:\/\/www.lebens-qi.at\/qishop\/produkt\/neemoel-bio\/","title":{"rendered":"Neem\u00f6l bio"},"content":{"rendered":"<p><strong>Neem\u00f6l bio<\/strong><br \/>\n<em>Botanischer Name: Azadirachta indica<br \/>\n<\/em><\/p>\n<p><strong>Inhalt:<\/strong> 30 ml<\/p>\n<p><b>Herkunftsland<\/b>: Indien<br \/>\n<b>Qualit\u00e4t<\/b>: 100% naturreines Basis\u00f6l<br \/>\n<b>Pflanzenteil<\/b>: Samen<br \/>\n<b>Anbau<\/b>: kontrolliert biologisch<br \/>\n<b>Zertifizierung<\/b>: Bio-Rohstoff Ayus<br \/>\n<b>Eignung als<\/b>: Pflanzen\u00f6l f\u00fcr den Einsatz in K\u00f6rperpflegeprodukte. Vor Gebrauch erw\u00e4rmen.<br \/>\n<b>INCI<\/b>: Azadirachta indica Seed Oil<\/p>\n<h4>Eigenschaften<\/h4>\n<ul>\n<li>antibakteriell<\/li>\n<li>immunst\u00e4rkend<\/li>\n<\/ul>\n<h4>Anwendung<\/h4>\n<p>Besonders gut zur Pflege bei schuppender Kopfhaut, aber auch von fettiger und Mischhaut um Hautreizungen und Unreinheiten vorzubeugen.<\/p>\n<h4>Weitere Hinweise<\/h4>\n<p>Von Hitze und Sonnenlicht fernhalten. K\u00fchl aufbewahren. Nach dem \u00d6ffnen z\u00fcgig verbrauchen.<\/p>\n","protected":false},"excerpt":{"rendered":"<p>antibakteriell &amp; immunst\u00e4rkend<\/p>\n","protected":false},"featured_media":13459,"comment_status":"open","ping_status":"closed","template":"","meta":{"_links_to":"","_links_to_target":""},"pwb-brand":[134],"product_brand":[],"product_cat":[2233,2232],"product_tag":[855,2238,2242,92,325,1754,2240,2239],"class_list":{"0":"post-13458","1":"product","2":"type-product","3":"status-publish","4":"has-post-thumbnail","6":"pwb-brand-oshadhi","7":"product_cat-basis-massageoele-natuerliche-pflege","8":"product_cat-basis-massageoele","9":"product_tag-aromatherapie","10":"product_tag-basisoel","11":"product_tag-diy","12":"product_tag-naturkosmetik","13":"product_tag-naturrein","14":"product_tag-neem","15":"product_tag-rohstoff","16":"product_tag-traegeroel","17":"pa_herkunft-indien","18":"pa_inhalt-30-ml","19":"pa_qualitaet-100-naturreines-basisoel-kontrolliert-biologisch","21":"first","22":"outofstock","23":"taxable","24":"shipping-taxable","25":"purchasable","26":"product-type-simple"},"blog_post_layout_featured_media_urls":{"thumbnail":["https:\/\/www.lebens-qi.at\/qishop\/wp-content\/uploads\/neemoel-150x150.jpg",150,150,true],"full":["https:\/\/www.lebens-qi.at\/qishop\/wp-content\/uploads\/neemoel.jpg",600,600,false]},"categories":["134"],"categories_names":{"134":{"name":"Oshadhi","link":"https:\/\/www.lebens-qi.at\/qishop\/brand\/oshadhi\/"}},"comments_number":"0","brands":[{"id":134,"name":"Oshadhi","slug":"oshadhi"}],"_links":{"self":[{"href":"https:\/\/www.lebens-qi.at\/qishop\/wp-json\/wp\/v2\/product\/13458","targetHints":{"allow":["GET"]}}],"collection":[{"href":"https:\/\/www.lebens-qi.at\/qishop\/wp-json\/wp\/v2\/product"}],"about":[{"href":"https:\/\/www.lebens-qi.at\/qishop\/wp-json\/wp\/v2\/types\/product"}],"replies":[{"embeddable":true,"href":"https:\/\/www.lebens-qi.at\/qishop\/wp-json\/wp\/v2\/comments?post=13458"}],"wp:featuredmedia":[{"embeddable":true,"href":"https:\/\/www.lebens-qi.at\/qishop\/wp-json\/wp\/v2\/media\/13459"}],"wp:attachment":[{"href":"https:\/\/www.lebens-qi.at\/qishop\/wp-json\/wp\/v2\/media?parent=13458"}],"wp:term":[{"taxonomy":"pwb-brand","embeddable":true,"href":"https:\/\/www.lebens-qi.at\/qishop\/wp-json\/wp\/v2\/pwb-brand?post=13458"},{"taxonomy":"product_brand","embeddable":true,"href":"https:\/\/www.lebens-qi.at\/qishop\/wp-json\/wp\/v2\/product_brand?post=13458"},{"taxonomy":"product_cat","embeddable":true,"href":"https:\/\/www.lebens-qi.at\/qishop\/wp-json\/wp\/v2\/product_cat?post=13458"},{"taxonomy":"product_tag","embeddable":true,"href":"https:\/\/www.lebens-qi.at\/qishop\/wp-json\/wp\/v2\/product_tag?post=13458"}],"curies":[{"name":"wp","href":"https:\/\/api.w.org\/{rel}","templated":true}]}}