{"id":13572,"date":"2025-04-03T14:13:18","date_gmt":"2025-04-03T12:13:18","guid":{"rendered":"https:\/\/www.lebens-qi.at\/qishop\/?post_type=product&#038;p=13572"},"modified":"2025-04-11T11:10:02","modified_gmt":"2025-04-11T09:10:02","slug":"aventurin-gelb-gebohrt","status":"publish","type":"product","link":"https:\/\/www.lebens-qi.at\/qishop\/produkt\/aventurin-gelb-gebohrt\/","title":{"rendered":"Aventurin gelb gebohrt"},"content":{"rendered":"<p><b>Aventurin gelb gebohrt<\/b><br \/>\nFarbe: gelb<br \/>\nThemen: Optimismus, Lebensfreude und F\u00f6rderung positiver Energien<\/p>\n<p>F\u00fcr die sog. Heilsteinwirkung lesen Sie bitte in entsprechenden B\u00fcchern nach. Aus rechtlichen Gr\u00fcnden d\u00fcrfen wir keine gesundheitlichen Aussagen treffen. <a href=\"https:\/\/www.lebens-qi.at\/qishop\/produkt-kategorie\/mehr\/buecher\/heilsteine\/\">Hier finden Sie unsere Auswahl an Steineb\u00fcchern.<\/a><\/p>\n<p>Gr\u00f6\u00dfe: 2-4 cm &#8211; bei Tropfenanh\u00e4ngern kann diese jedoch nicht immer genau angegeben werden.<\/p>\n<p><em>Lieferumfang 1 St\u00fcck<br \/>\nSymbolfoto &#8211; bei Steinen gibt es deutliche Abweichungen in Form und Farbe!\u00a0<\/em><\/p>\n","protected":false},"excerpt":{"rendered":"<p>Stein der F\u00f6rderung positiver Energien<\/p>\n","protected":false},"featured_media":13574,"comment_status":"open","ping_status":"closed","template":"","meta":{"_links_to":"","_links_to_target":""},"pwb-brand":[114],"product_brand":[],"product_cat":[913,914],"product_tag":[117,194,645,1969,119],"class_list":{"0":"post-13572","1":"product","2":"type-product","3":"status-publish","4":"has-post-thumbnail","6":"pwb-brand-lebens-qi-kraft-der-steine","7":"product_cat-gebohrte-steine","8":"product_cat-gebohrte-steine-steinschmuck","9":"product_tag-anhaenger","10":"product_tag-aventurin","11":"product_tag-lebensfreude","12":"product_tag-optimismus","13":"product_tag-steinschmuck","15":"first","16":"instock","17":"taxable","18":"shipping-taxable","19":"purchasable","20":"product-type-simple"},"blog_post_layout_featured_media_urls":{"thumbnail":["https:\/\/www.lebens-qi.at\/qishop\/wp-content\/uploads\/Aventurin-gelb-2-150x150.png",150,150,true],"full":["https:\/\/www.lebens-qi.at\/qishop\/wp-content\/uploads\/Aventurin-gelb-2.png",800,800,false]},"categories":["114"],"categories_names":{"114":{"name":"Lebens-Qi Kraft der Steine","link":"https:\/\/www.lebens-qi.at\/qishop\/brand\/lebens-qi-kraft-der-steine\/"}},"comments_number":"0","brands":[{"id":114,"name":"Lebens-Qi Kraft der Steine","slug":"lebens-qi-kraft-der-steine"}],"_links":{"self":[{"href":"https:\/\/www.lebens-qi.at\/qishop\/wp-json\/wp\/v2\/product\/13572","targetHints":{"allow":["GET"]}}],"collection":[{"href":"https:\/\/www.lebens-qi.at\/qishop\/wp-json\/wp\/v2\/product"}],"about":[{"href":"https:\/\/www.lebens-qi.at\/qishop\/wp-json\/wp\/v2\/types\/product"}],"replies":[{"embeddable":true,"href":"https:\/\/www.lebens-qi.at\/qishop\/wp-json\/wp\/v2\/comments?post=13572"}],"wp:featuredmedia":[{"embeddable":true,"href":"https:\/\/www.lebens-qi.at\/qishop\/wp-json\/wp\/v2\/media\/13574"}],"wp:attachment":[{"href":"https:\/\/www.lebens-qi.at\/qishop\/wp-json\/wp\/v2\/media?parent=13572"}],"wp:term":[{"taxonomy":"pwb-brand","embeddable":true,"href":"https:\/\/www.lebens-qi.at\/qishop\/wp-json\/wp\/v2\/pwb-brand?post=13572"},{"taxonomy":"product_brand","embeddable":true,"href":"https:\/\/www.lebens-qi.at\/qishop\/wp-json\/wp\/v2\/product_brand?post=13572"},{"taxonomy":"product_cat","embeddable":true,"href":"https:\/\/www.lebens-qi.at\/qishop\/wp-json\/wp\/v2\/product_cat?post=13572"},{"taxonomy":"product_tag","embeddable":true,"href":"https:\/\/www.lebens-qi.at\/qishop\/wp-json\/wp\/v2\/product_tag?post=13572"}],"curies":[{"name":"wp","href":"https:\/\/api.w.org\/{rel}","templated":true}]}}