{"id":13600,"date":"2025-04-04T15:29:41","date_gmt":"2025-04-04T13:29:41","guid":{"rendered":"https:\/\/www.lebens-qi.at\/qishop\/?post_type=product&#038;p=13600"},"modified":"2025-04-08T16:08:34","modified_gmt":"2025-04-08T14:08:34","slug":"gagat-jett-gebohrt","status":"publish","type":"product","link":"https:\/\/www.lebens-qi.at\/qishop\/produkt\/gagat-jett-gebohrt\/","title":{"rendered":"Gagat (Jett) gebohrt"},"content":{"rendered":"<p><b>Gagat (Jett) gebohrt<\/b><br \/>\nFarbe: schwarz<br \/>\nChakrazuordnung: Stirnchakra<br \/>\nThemen: Trauer, Loslassen, Neubeginn<\/p>\n<p>F\u00fcr die sog. Heilsteinwirkung lesen Sie bitte in entsprechenden B\u00fcchern nach. Aus rechtlichen Gr\u00fcnden d\u00fcrfen wir keine gesundheitlichen Aussagen treffen. <a href=\"https:\/\/www.lebens-qi.at\/qishop\/produkt-kategorie\/mehr\/buecher\/heilsteine\/\">Hier finden Sie unsere Auswahl an Steineb\u00fcchern.<\/a><\/p>\n<p>Gr\u00f6\u00dfe: 2-4 cm &#8211; bei Tropfenanh\u00e4ngern kann diese jedoch nicht immer genau angegeben werden.<\/p>\n<p><em>Lieferumfang 1 St\u00fcck<br \/>\nSymbolfoto &#8211; bei Steinen gibt es deutliche Abweichungen in Form und Farbe!\u00a0<\/em><\/p>\n","protected":false},"excerpt":{"rendered":"<p>Stein des Loslassens<\/p>\n","protected":false},"featured_media":13607,"comment_status":"open","ping_status":"closed","template":"","meta":{"_links_to":"","_links_to_target":""},"pwb-brand":[114],"product_brand":[],"product_cat":[913,914],"product_tag":[117,2789,515,550,119,514],"class_list":{"0":"post-13600","1":"product","2":"type-product","3":"status-publish","4":"has-post-thumbnail","6":"pwb-brand-lebens-qi-kraft-der-steine","7":"product_cat-gebohrte-steine","8":"product_cat-gebohrte-steine-steinschmuck","9":"product_tag-anhaenger","10":"product_tag-gagat","11":"product_tag-loslassen","12":"product_tag-neubeginn","13":"product_tag-steinschmuck","14":"product_tag-trauer","16":"first","17":"instock","18":"taxable","19":"shipping-taxable","20":"purchasable","21":"product-type-simple"},"blog_post_layout_featured_media_urls":{"thumbnail":["https:\/\/www.lebens-qi.at\/qishop\/wp-content\/uploads\/Gagat1-150x150.png",150,150,true],"full":["https:\/\/www.lebens-qi.at\/qishop\/wp-content\/uploads\/Gagat1.png",800,800,false]},"categories":["114"],"categories_names":{"114":{"name":"Lebens-Qi Kraft der Steine","link":"https:\/\/www.lebens-qi.at\/qishop\/brand\/lebens-qi-kraft-der-steine\/"}},"comments_number":"0","brands":[{"id":114,"name":"Lebens-Qi Kraft der Steine","slug":"lebens-qi-kraft-der-steine"}],"_links":{"self":[{"href":"https:\/\/www.lebens-qi.at\/qishop\/wp-json\/wp\/v2\/product\/13600","targetHints":{"allow":["GET"]}}],"collection":[{"href":"https:\/\/www.lebens-qi.at\/qishop\/wp-json\/wp\/v2\/product"}],"about":[{"href":"https:\/\/www.lebens-qi.at\/qishop\/wp-json\/wp\/v2\/types\/product"}],"replies":[{"embeddable":true,"href":"https:\/\/www.lebens-qi.at\/qishop\/wp-json\/wp\/v2\/comments?post=13600"}],"wp:featuredmedia":[{"embeddable":true,"href":"https:\/\/www.lebens-qi.at\/qishop\/wp-json\/wp\/v2\/media\/13607"}],"wp:attachment":[{"href":"https:\/\/www.lebens-qi.at\/qishop\/wp-json\/wp\/v2\/media?parent=13600"}],"wp:term":[{"taxonomy":"pwb-brand","embeddable":true,"href":"https:\/\/www.lebens-qi.at\/qishop\/wp-json\/wp\/v2\/pwb-brand?post=13600"},{"taxonomy":"product_brand","embeddable":true,"href":"https:\/\/www.lebens-qi.at\/qishop\/wp-json\/wp\/v2\/product_brand?post=13600"},{"taxonomy":"product_cat","embeddable":true,"href":"https:\/\/www.lebens-qi.at\/qishop\/wp-json\/wp\/v2\/product_cat?post=13600"},{"taxonomy":"product_tag","embeddable":true,"href":"https:\/\/www.lebens-qi.at\/qishop\/wp-json\/wp\/v2\/product_tag?post=13600"}],"curies":[{"name":"wp","href":"https:\/\/api.w.org\/{rel}","templated":true}]}}