{"id":1361,"date":"2024-02-15T22:56:13","date_gmt":"2024-02-15T21:56:13","guid":{"rendered":"https:\/\/www.lebens-qi.at\/qishop\/produkt\/seifenschale-feige-in-blattform-ohne-loch\/"},"modified":"2024-12-12T16:07:43","modified_gmt":"2024-12-12T15:07:43","slug":"seifenschale-feige-in-blattform-ohne-loch","status":"publish","type":"product","link":"https:\/\/www.lebens-qi.at\/qishop\/produkt\/seifenschale-feige-in-blattform-ohne-loch\/","title":{"rendered":"Seifenschale &quot;Feige&quot; in Blattform OHNE Loch"},"content":{"rendered":"<p><b>Keramik Seifenschale &#8222;Feige&#8220; &#8211; jede ein Unikat<\/b><\/p>\n<p>Diese Seifenschale wurde von Hand aus Keramik geformt. Charakteristisch ist die leicht unregelm\u00e4\u00dfige Form. Ein Feigenblatt aus dem LEBENS-QI Kr\u00e4utergarten hinterlie\u00df den Abdruck, dazu kommt ein kurzer Spruch. So ist jede Schale ein einzigartiges St\u00fcck &#8211; kein Exemplar gleicht dem anderen!<br \/>\nPassend zum nat\u00fcrlichen Design ist Spruch und das Blatt in Gr\u00fcn, der Rand als Kontrast Rot, die Schale selbst naturf\u00e4rbig mit bunten Sprenkeln glasiert.<br \/>\nOhne Loch &#8211; es bleibt der Untergrund trocken und sauber! <\/p>\n<p><b><br \/>\nMa\u00dfe: <\/b> Gr\u00f6\u00dfe ca. 17 x 9 cm, H\u00f6he ca. 1,5 cm<b><br \/>\nFarbe:<\/b> rot\/gr\u00fcn\/natur<\/p>\n<p>Lieferumfang OHNE Seife oder Deko. Diese bitte separat bestellen! Bitte beachten Sie, dass jedes St\u00fcck ein Unikat ist und die Fotos Symbolfotos darstellen. Abweichungen sind daher gegeben. Gerne senden wir ihnen Fotos von den aktuell bei uns lagernden Seifenschalen zu.<\/p>\n","protected":false},"excerpt":{"rendered":"<p>aus Keramik &#8211; jedes St\u00fcck ein Unikat<\/p>\n","protected":false},"featured_media":1360,"comment_status":"open","ping_status":"closed","template":"","meta":{"_links_to":"","_links_to_target":""},"pwb-brand":[323],"product_brand":[],"product_cat":[222],"product_tag":[314,322,305,303,302],"class_list":{"0":"post-1361","1":"product","2":"type-product","3":"status-publish","4":"has-post-thumbnail","6":"pwb-brand-kreatives-by-petra","7":"product_cat-zubehoer-zur-koerperpflege","8":"product_tag-blatt","9":"product_tag-feige","10":"product_tag-handgefertigt","11":"product_tag-keramik","12":"product_tag-seifenschale","14":"first","15":"instock","16":"taxable","17":"shipping-taxable","18":"purchasable","19":"product-type-simple"},"blog_post_layout_featured_media_urls":{"thumbnail":["https:\/\/www.lebens-qi.at\/qishop\/wp-content\/uploads\/feigenblatt-150x150.jpeg",150,150,true],"full":["https:\/\/www.lebens-qi.at\/qishop\/wp-content\/uploads\/feigenblatt.jpeg",567,567,false]},"categories":["323"],"categories_names":{"323":{"name":"Kreatives by Petra","link":"https:\/\/www.lebens-qi.at\/qishop\/brand\/kreatives-by-petra\/"}},"comments_number":"0","brands":[{"id":323,"name":"Kreatives by Petra","slug":"kreatives-by-petra"}],"_links":{"self":[{"href":"https:\/\/www.lebens-qi.at\/qishop\/wp-json\/wp\/v2\/product\/1361","targetHints":{"allow":["GET"]}}],"collection":[{"href":"https:\/\/www.lebens-qi.at\/qishop\/wp-json\/wp\/v2\/product"}],"about":[{"href":"https:\/\/www.lebens-qi.at\/qishop\/wp-json\/wp\/v2\/types\/product"}],"replies":[{"embeddable":true,"href":"https:\/\/www.lebens-qi.at\/qishop\/wp-json\/wp\/v2\/comments?post=1361"}],"wp:featuredmedia":[{"embeddable":true,"href":"https:\/\/www.lebens-qi.at\/qishop\/wp-json\/wp\/v2\/media\/1360"}],"wp:attachment":[{"href":"https:\/\/www.lebens-qi.at\/qishop\/wp-json\/wp\/v2\/media?parent=1361"}],"wp:term":[{"taxonomy":"pwb-brand","embeddable":true,"href":"https:\/\/www.lebens-qi.at\/qishop\/wp-json\/wp\/v2\/pwb-brand?post=1361"},{"taxonomy":"product_brand","embeddable":true,"href":"https:\/\/www.lebens-qi.at\/qishop\/wp-json\/wp\/v2\/product_brand?post=1361"},{"taxonomy":"product_cat","embeddable":true,"href":"https:\/\/www.lebens-qi.at\/qishop\/wp-json\/wp\/v2\/product_cat?post=1361"},{"taxonomy":"product_tag","embeddable":true,"href":"https:\/\/www.lebens-qi.at\/qishop\/wp-json\/wp\/v2\/product_tag?post=1361"}],"curies":[{"name":"wp","href":"https:\/\/api.w.org\/{rel}","templated":true}]}}