{"id":1417,"date":"2024-02-17T11:39:37","date_gmt":"2024-02-17T10:39:37","guid":{"rendered":"https:\/\/www.lebens-qi.at\/qishop\/produkt\/teebaum-m-a-bio-aetherisches-oel\/"},"modified":"2025-10-28T11:46:08","modified_gmt":"2025-10-28T10:46:08","slug":"teebaum-m-a-bio-aetherisches-oel","status":"publish","type":"product","link":"https:\/\/www.lebens-qi.at\/qishop\/produkt\/teebaum-m-a-bio-aetherisches-oel\/","title":{"rendered":"Teebaum m.a. bio &#8211; \u00c4therisches \u00d6l"},"content":{"rendered":"<p><b>Teebaum m.a. bio (Teebaum\u00f6l)<br \/>\n<\/b>Botanischer Name: Melaleuca alternifolia<\/p>\n<ul>\n<li><b>Herkunftsland<\/b>: Australien<\/li>\n<li><b>Qualit\u00e4t<\/b>: 100% naturreines \u00e4therisches \u00d6l aus Destillation<\/li>\n<li><b>Pflanzenteil<\/b>: Bl\u00e4tter<\/li>\n<li><b>Anbau<\/b>: kontrolliert biologisch<\/li>\n<li><b>Zertifizierung<\/b>: DE-\u00d6KO-007<\/li>\n<li><b>Eignung als<\/b>: Nat\u00fcrlicher Aromastoff, f\u00fcr Lebensmittel, begrenzte Verwendung.<\/li>\n<li><b>Hauptchemotypen<\/b>: Terpinene-4-ol, gamma-Terpinene, alpha-Terpinene, Paracymene, 1,8-Cineol<\/li>\n<li><b>INCI<\/b>: Melaleuca alternifolia Leaf Oil<\/li>\n<li><strong>Weitere Hinweise:<\/strong> Von Hitze und Sonnenlicht fernhalten. F\u00fcr Kinder unzug\u00e4nglich aufbewahren. Kontakt mit Augen und Schleimh\u00e4uten vermeiden.<\/li>\n<li><strong> Allergene: <\/strong> Linalool, Limonene<\/li>\n<\/ul>\n<p>F\u00fcllmenge: 5 oder 10 ml<\/p>\n","protected":false},"excerpt":{"rendered":"<p>w\u00fcrzig-streng, krautig<\/p>\n","protected":false},"featured_media":12094,"comment_status":"open","ping_status":"closed","template":"","meta":{"_links_to":"","_links_to_target":""},"pwb-brand":[134],"product_brand":[],"product_cat":[126],"product_tag":[324,325,132,420],"class_list":{"0":"post-1417","1":"product","2":"type-product","3":"status-publish","4":"has-post-thumbnail","6":"pwb-brand-oshadhi","7":"product_cat-aetherische-oele","8":"product_tag-aetherisches-oel","9":"product_tag-naturrein","10":"product_tag-oshadhi","11":"product_tag-teebaum","12":"pa_herkunft-australien","13":"pa_qualitaet-100-naturreines-aetherisches-oel-kontrolliert-biologisch","15":"first","16":"instock","17":"taxable","18":"shipping-taxable","19":"purchasable","20":"product-type-variable"},"blog_post_layout_featured_media_urls":{"thumbnail":["https:\/\/www.lebens-qi.at\/qishop\/wp-content\/uploads\/Teebaum-m.a._bio-150x150.webp",150,150,true],"full":["https:\/\/www.lebens-qi.at\/qishop\/wp-content\/uploads\/Teebaum-m.a._bio.webp",600,600,false]},"categories":["134"],"categories_names":{"134":{"name":"Oshadhi","link":"https:\/\/www.lebens-qi.at\/qishop\/brand\/oshadhi\/"}},"comments_number":"0","brands":[{"id":134,"name":"Oshadhi","slug":"oshadhi"}],"_links":{"self":[{"href":"https:\/\/www.lebens-qi.at\/qishop\/wp-json\/wp\/v2\/product\/1417","targetHints":{"allow":["GET"]}}],"collection":[{"href":"https:\/\/www.lebens-qi.at\/qishop\/wp-json\/wp\/v2\/product"}],"about":[{"href":"https:\/\/www.lebens-qi.at\/qishop\/wp-json\/wp\/v2\/types\/product"}],"replies":[{"embeddable":true,"href":"https:\/\/www.lebens-qi.at\/qishop\/wp-json\/wp\/v2\/comments?post=1417"}],"wp:featuredmedia":[{"embeddable":true,"href":"https:\/\/www.lebens-qi.at\/qishop\/wp-json\/wp\/v2\/media\/12094"}],"wp:attachment":[{"href":"https:\/\/www.lebens-qi.at\/qishop\/wp-json\/wp\/v2\/media?parent=1417"}],"wp:term":[{"taxonomy":"pwb-brand","embeddable":true,"href":"https:\/\/www.lebens-qi.at\/qishop\/wp-json\/wp\/v2\/pwb-brand?post=1417"},{"taxonomy":"product_brand","embeddable":true,"href":"https:\/\/www.lebens-qi.at\/qishop\/wp-json\/wp\/v2\/product_brand?post=1417"},{"taxonomy":"product_cat","embeddable":true,"href":"https:\/\/www.lebens-qi.at\/qishop\/wp-json\/wp\/v2\/product_cat?post=1417"},{"taxonomy":"product_tag","embeddable":true,"href":"https:\/\/www.lebens-qi.at\/qishop\/wp-json\/wp\/v2\/product_tag?post=1417"}],"curies":[{"name":"wp","href":"https:\/\/api.w.org\/{rel}","templated":true}]}}