{"id":14233,"date":"2025-04-19T11:16:05","date_gmt":"2025-04-19T09:16:05","guid":{"rendered":"https:\/\/www.lebens-qi.at\/qishop\/?post_type=product&#038;p=14233"},"modified":"2025-04-19T12:07:04","modified_gmt":"2025-04-19T10:07:04","slug":"diffuser-zazen-natur","status":"publish","type":"product","link":"https:\/\/www.lebens-qi.at\/qishop\/produkt\/diffuser-zazen-natur\/","title":{"rendered":"Diffuser ZaZen natur"},"content":{"rendered":"<p><b>Ultraschall-Aroma-Zerst\u00e4uber ZA ZEN natur<\/b><\/p>\n<p>in Holzoptik mit eingebauter Stimmungsbeleuchtung (eingebautes LED-Licht in 7 Farben, das auf die bevorzugte Farbe eingestellt werden kann) und Knopf f\u00fcr konstante bzw. intermittierende Duftverteilung. Das Ger\u00e4t hat eine Sicherheitsabschaltung wenn der F\u00fcllstand zu niedrig wird.<\/p>\n<p>In Bezug auf die Menge an Wasser und \u00d6l empfehlen wir folgende Menge:<br \/>\n200 ml: 6 bis 10 Tropfen<\/p>\n<p><em>Die Menge h\u00e4ngt ebenfalls von der Funktion des Raumes ab, von der Gr\u00f6\u00dfe des Raums und von der Duftintensit\u00e4t des \u00d6ls. Sie k\u00f6nnen nach Bedarf \u00d6l hinzuf\u00fcgen oder entfernen und so die Duftst\u00e4rke anpassen. Es empfiehlt sich f\u00fcr einen kleineren oder weniger bel\u00fcfteten Raum weniger \u00d6l zu verwenden. Wenn Sie verschiedene \u00e4therische \u00d6le mit starken Duftprofilen verteilen, besser weniger \u00d6l verwenden damit der \u00d6lduft nicht \u00fcberfordert.<\/em><\/p>\n<p><b>Ein qualitativer High-Tech-Zerst\u00e4uber f\u00fcr \u00e4therische \u00d6le!<\/b><\/p>\n<p>Produktspezifikationen<br \/>\n\u2022 200 ml F\u00fcllmenge<br \/>\n\u2022 inkl. Trafo 220\/24V<br \/>\n\u2022 Ausgang: DC 24V<br \/>\n\u2022 Betriebsdauer: 4 bis 6 Stunden<br \/>\n\u2022 Empfohlene Raumfl\u00e4che: 20-40 m2<br \/>\n\u2022 7-Farben-LED-Zyklus<br \/>\n\u2022 Schalter f\u00fcr konstante oder intermittierende Diffusion<br \/>\n\u2022 Wassermangelschutz<\/p>\n<p><strong>Bedienung<\/strong><br \/>\n1. \u00d6ffnen Sie die Abdeckung<br \/>\n2. Stecken Sie das Netzkabel ein<br \/>\n3. Wasser und \u00e4therisches \u00d6l hinzuf\u00fcgen<br \/>\n4. Beginnen Sie mit der Verwendung<\/p>\n<p><b><em>Sicherheitshinweis<\/em><\/b><br \/>\nStellen Sie das Ger\u00e4t in einem offenen Raum auf, damit sich der Nebel frei ausbreiten kann und nicht in der N\u00e4he von Wasserdampf empfindlichen Ger\u00e4ten (z. B. einem Fernseher oder anderen elektronischen Ger\u00e4ten).<br \/>\nVon Kindern und Haustieren fernhalten.<\/p>\n<p>Produktionsland: China<br \/>\nMaterial: Polyester<br \/>\nVerpackung: Wird in einem Karton mit Bedienungsanleitung in 6 Sprachen geliefert.<\/p>\n","protected":false},"excerpt":{"rendered":"<p>mit Beleuchtung und 200 ml Wasserbeh\u00e4lter<\/p>\n","protected":false},"featured_media":14236,"comment_status":"open","ping_status":"closed","template":"","meta":{"_links_to":"","_links_to_target":""},"pwb-brand":[276],"product_brand":[],"product_cat":[2118],"product_tag":[855,1489,2121,2120,2119],"class_list":{"0":"post-14233","1":"product","2":"type-product","3":"status-publish","4":"has-post-thumbnail","6":"pwb-brand-mani-bhadra-phoenix-import","7":"product_cat-diffuser","8":"product_tag-aromatherapie","9":"product_tag-diffuser","10":"product_tag-holzoptik","11":"product_tag-ultraschall","12":"product_tag-zerstaeuber","13":"pa_herkunft-china","15":"first","16":"instock","17":"taxable","18":"shipping-taxable","19":"purchasable","20":"product-type-simple"},"blog_post_layout_featured_media_urls":{"thumbnail":["https:\/\/www.lebens-qi.at\/qishop\/wp-content\/uploads\/14121-zazen-150x150.jpg",150,150,true],"full":["https:\/\/www.lebens-qi.at\/qishop\/wp-content\/uploads\/14121-zazen.jpg",800,800,false]},"categories":["276"],"categories_names":{"276":{"name":"Mani Bhadra - Phoenix Import","link":"https:\/\/www.lebens-qi.at\/qishop\/brand\/mani-bhadra-phoenix-import\/"}},"comments_number":"0","brands":[{"id":276,"name":"Mani Bhadra - Phoenix Import","slug":"mani-bhadra-phoenix-import"}],"_links":{"self":[{"href":"https:\/\/www.lebens-qi.at\/qishop\/wp-json\/wp\/v2\/product\/14233","targetHints":{"allow":["GET"]}}],"collection":[{"href":"https:\/\/www.lebens-qi.at\/qishop\/wp-json\/wp\/v2\/product"}],"about":[{"href":"https:\/\/www.lebens-qi.at\/qishop\/wp-json\/wp\/v2\/types\/product"}],"replies":[{"embeddable":true,"href":"https:\/\/www.lebens-qi.at\/qishop\/wp-json\/wp\/v2\/comments?post=14233"}],"wp:featuredmedia":[{"embeddable":true,"href":"https:\/\/www.lebens-qi.at\/qishop\/wp-json\/wp\/v2\/media\/14236"}],"wp:attachment":[{"href":"https:\/\/www.lebens-qi.at\/qishop\/wp-json\/wp\/v2\/media?parent=14233"}],"wp:term":[{"taxonomy":"pwb-brand","embeddable":true,"href":"https:\/\/www.lebens-qi.at\/qishop\/wp-json\/wp\/v2\/pwb-brand?post=14233"},{"taxonomy":"product_brand","embeddable":true,"href":"https:\/\/www.lebens-qi.at\/qishop\/wp-json\/wp\/v2\/product_brand?post=14233"},{"taxonomy":"product_cat","embeddable":true,"href":"https:\/\/www.lebens-qi.at\/qishop\/wp-json\/wp\/v2\/product_cat?post=14233"},{"taxonomy":"product_tag","embeddable":true,"href":"https:\/\/www.lebens-qi.at\/qishop\/wp-json\/wp\/v2\/product_tag?post=14233"}],"curies":[{"name":"wp","href":"https:\/\/api.w.org\/{rel}","templated":true}]}}