{"id":14262,"date":"2025-04-22T11:45:43","date_gmt":"2025-04-22T09:45:43","guid":{"rendered":"https:\/\/www.lebens-qi.at\/qishop\/?post_type=product&#038;p=14262"},"modified":"2025-04-22T11:52:39","modified_gmt":"2025-04-22T09:52:39","slug":"mandurai-jasmine-melts-fuer-duftlampen","status":"publish","type":"product","link":"https:\/\/www.lebens-qi.at\/qishop\/produkt\/mandurai-jasmine-melts-fuer-duftlampen\/","title":{"rendered":"Mandurai Jasmine Melts f\u00fcr Duftlampen"},"content":{"rendered":"<p>Nat\u00fcrliche Melts (Wachspl\u00e4ttchen zum Schmelzen) aus Sojawachs, duftend mit \u00e4therischen \u00d6len.<br \/>\nMit einem bezaubernd-blumigen Jasmin-Duft und eingepr\u00e4gtem Symbol &#8222;Blume des Lebens&#8220;.<br \/>\nDas Gesamtgewicht von 40 Gramm entspricht 7 bis 8 St\u00fcck Melts.<\/p>\n<p><strong>Material:<\/strong> Sojawachs mit \u00e4therischen \u00d6len<br \/>\n<strong>Inhalt:<\/strong> ca. 40 g (7-8 Stk.)<br \/>\n<strong>Gr\u00f6\u00dfe der Melts:<\/strong> je ca. \u00d8 3,6 cm, 8 mm hoch<\/p>\n<p><em><strong>Anwendung:<\/strong><\/em><\/p>\n<ul>\n<li>gib ein Melt in die Schale einer geeigneten Aromalampe<\/li>\n<li>z\u00fcnde ein Teelicht an<\/li>\n<li>genie\u00dfe den Duft des Melts, der durch das Schmelzen und Erw\u00e4rmen des Wachses\u00a0 den Raum erf\u00fcllt<\/li>\n<\/ul>\n","protected":false},"excerpt":{"rendered":"<p>Organic Goodness &#8211; mit eingerpr\u00e4gtem Symbol der Blume des Lebens<\/p>\n","protected":false},"featured_media":14263,"comment_status":"open","ping_status":"closed","template":"","meta":{"_links_to":"","_links_to_target":""},"pwb-brand":[690],"product_brand":[],"product_cat":[1199],"product_tag":[855,308,129,240,2555,689,2556,2557],"class_list":{"0":"post-14262","1":"product","2":"type-product","3":"status-publish","4":"has-post-thumbnail","6":"pwb-brand-song-of-india","7":"product_cat-zubehoer-fuer-aromatherapie","8":"product_tag-aromatherapie","9":"product_tag-blume-des-lebens","10":"product_tag-duft","11":"product_tag-jasmin","12":"product_tag-melts","13":"product_tag-organic-goodness","14":"product_tag-schmelzwachs","15":"product_tag-wachs","16":"pa_herkunft-indien","18":"first","19":"instock","20":"taxable","21":"shipping-taxable","22":"purchasable","23":"product-type-simple"},"blog_post_layout_featured_media_urls":{"thumbnail":["https:\/\/www.lebens-qi.at\/qishop\/wp-content\/uploads\/64585-melts-jasmin-150x150.jpg",150,150,true],"full":["https:\/\/www.lebens-qi.at\/qishop\/wp-content\/uploads\/64585-melts-jasmin.jpg",800,800,false]},"categories":["690"],"categories_names":{"690":{"name":"Song of India","link":"https:\/\/www.lebens-qi.at\/qishop\/brand\/song-of-india\/"}},"comments_number":"0","brands":[{"id":690,"name":"Song of India","slug":"song-of-india"}],"_links":{"self":[{"href":"https:\/\/www.lebens-qi.at\/qishop\/wp-json\/wp\/v2\/product\/14262","targetHints":{"allow":["GET"]}}],"collection":[{"href":"https:\/\/www.lebens-qi.at\/qishop\/wp-json\/wp\/v2\/product"}],"about":[{"href":"https:\/\/www.lebens-qi.at\/qishop\/wp-json\/wp\/v2\/types\/product"}],"replies":[{"embeddable":true,"href":"https:\/\/www.lebens-qi.at\/qishop\/wp-json\/wp\/v2\/comments?post=14262"}],"wp:featuredmedia":[{"embeddable":true,"href":"https:\/\/www.lebens-qi.at\/qishop\/wp-json\/wp\/v2\/media\/14263"}],"wp:attachment":[{"href":"https:\/\/www.lebens-qi.at\/qishop\/wp-json\/wp\/v2\/media?parent=14262"}],"wp:term":[{"taxonomy":"pwb-brand","embeddable":true,"href":"https:\/\/www.lebens-qi.at\/qishop\/wp-json\/wp\/v2\/pwb-brand?post=14262"},{"taxonomy":"product_brand","embeddable":true,"href":"https:\/\/www.lebens-qi.at\/qishop\/wp-json\/wp\/v2\/product_brand?post=14262"},{"taxonomy":"product_cat","embeddable":true,"href":"https:\/\/www.lebens-qi.at\/qishop\/wp-json\/wp\/v2\/product_cat?post=14262"},{"taxonomy":"product_tag","embeddable":true,"href":"https:\/\/www.lebens-qi.at\/qishop\/wp-json\/wp\/v2\/product_tag?post=14262"}],"curies":[{"name":"wp","href":"https:\/\/api.w.org\/{rel}","templated":true}]}}