{"id":1455,"date":"2024-02-17T11:41:01","date_gmt":"2024-02-17T10:41:01","guid":{"rendered":"https:\/\/www.lebens-qi.at\/qishop\/produkt\/kurkuma-gelbwurz-aetherisches-oel\/"},"modified":"2025-02-04T14:25:56","modified_gmt":"2025-02-04T13:25:56","slug":"kurkuma-gelbwurz-aetherisches-oel","status":"publish","type":"product","link":"https:\/\/www.lebens-qi.at\/qishop\/produkt\/kurkuma-gelbwurz-aetherisches-oel\/","title":{"rendered":"Kurkuma (Gelbwurz) &#8211; \u00c4therisches \u00d6l"},"content":{"rendered":"<p><b>Kurkuma (Gelbwurz)<br \/>\n<\/b>Botanischer Name: Curcuma longa<\/p>\n<ul>\n<li><strong>Qualit\u00e4t:<\/strong> 100% naturreines \u00e4therisches \u00d6l<\/li>\n<li><strong>Anbau<\/strong>: konventionell<\/li>\n<li><strong>Eignung als:<\/strong> Lebensmittel<\/li>\n<li><strong>Duftprofil<\/strong>: Herz<\/li>\n<li><strong>Pflanzenteil:<\/strong> Rhizom<\/li>\n<li><strong>Herkunft<\/strong>: Indien<\/li>\n<li><strong>Haupt Chemotypen:<\/strong> (INCI) Ar-Curcumene, gama-Curcumene, Zingiberene, alpha-Phelandrene<\/li>\n<\/ul>\n<p>F\u00fcllmenge: 5 ml<\/p>\n","protected":false},"excerpt":{"rendered":"<p>w\u00fcrzig, s\u00fc\u00df-holzig, warm-aromatisch<\/p>\n","protected":false},"featured_media":12051,"comment_status":"open","ping_status":"closed","template":"","meta":{"_links_to":"","_links_to_target":""},"pwb-brand":[134],"product_brand":[],"product_cat":[126],"product_tag":[324,392,266,325,132],"class_list":{"0":"post-1455","1":"product","2":"type-product","3":"status-publish","4":"has-post-thumbnail","6":"pwb-brand-oshadhi","7":"product_cat-aetherische-oele","8":"product_tag-aetherisches-oel","9":"product_tag-gelbwurz","10":"product_tag-kurkuma","11":"product_tag-naturrein","12":"product_tag-oshadhi","13":"pa_herkunft-indien","14":"pa_inhalt-5-ml","15":"pa_qualitaet-100-naturreines-aetherisches-oel","17":"first","18":"instock","19":"taxable","20":"shipping-taxable","21":"purchasable","22":"product-type-simple"},"blog_post_layout_featured_media_urls":{"thumbnail":["https:\/\/www.lebens-qi.at\/qishop\/wp-content\/uploads\/Kurkuma_Gelbwurz_pflanze-150x150.webp",150,150,true],"full":["https:\/\/www.lebens-qi.at\/qishop\/wp-content\/uploads\/Kurkuma_Gelbwurz_pflanze.webp",600,600,false]},"categories":["134"],"categories_names":{"134":{"name":"Oshadhi","link":"https:\/\/www.lebens-qi.at\/qishop\/brand\/oshadhi\/"}},"comments_number":"0","brands":[{"id":134,"name":"Oshadhi","slug":"oshadhi"}],"_links":{"self":[{"href":"https:\/\/www.lebens-qi.at\/qishop\/wp-json\/wp\/v2\/product\/1455","targetHints":{"allow":["GET"]}}],"collection":[{"href":"https:\/\/www.lebens-qi.at\/qishop\/wp-json\/wp\/v2\/product"}],"about":[{"href":"https:\/\/www.lebens-qi.at\/qishop\/wp-json\/wp\/v2\/types\/product"}],"replies":[{"embeddable":true,"href":"https:\/\/www.lebens-qi.at\/qishop\/wp-json\/wp\/v2\/comments?post=1455"}],"wp:featuredmedia":[{"embeddable":true,"href":"https:\/\/www.lebens-qi.at\/qishop\/wp-json\/wp\/v2\/media\/12051"}],"wp:attachment":[{"href":"https:\/\/www.lebens-qi.at\/qishop\/wp-json\/wp\/v2\/media?parent=1455"}],"wp:term":[{"taxonomy":"pwb-brand","embeddable":true,"href":"https:\/\/www.lebens-qi.at\/qishop\/wp-json\/wp\/v2\/pwb-brand?post=1455"},{"taxonomy":"product_brand","embeddable":true,"href":"https:\/\/www.lebens-qi.at\/qishop\/wp-json\/wp\/v2\/product_brand?post=1455"},{"taxonomy":"product_cat","embeddable":true,"href":"https:\/\/www.lebens-qi.at\/qishop\/wp-json\/wp\/v2\/product_cat?post=1455"},{"taxonomy":"product_tag","embeddable":true,"href":"https:\/\/www.lebens-qi.at\/qishop\/wp-json\/wp\/v2\/product_tag?post=1455"}],"curies":[{"name":"wp","href":"https:\/\/api.w.org\/{rel}","templated":true}]}}