{"id":1457,"date":"2024-02-17T11:41:01","date_gmt":"2024-02-17T10:41:01","guid":{"rendered":"https:\/\/www.lebens-qi.at\/qishop\/produkt\/immortelle-bio-aetherisches-oel\/"},"modified":"2025-02-04T14:24:16","modified_gmt":"2025-02-04T13:24:16","slug":"immortelle-bio-aetherisches-oel","status":"publish","type":"product","link":"https:\/\/www.lebens-qi.at\/qishop\/produkt\/immortelle-bio-aetherisches-oel\/","title":{"rendered":"Immortelle bio &#8211; \u00c4therisches \u00d6l"},"content":{"rendered":"<p><b>Immortelle bio (Currykraut, Strohblume)<br \/>\n<\/b>Botanischer Name: Helichrysum italicum<\/p>\n<ul>\n<li><b>Herkunftsland<\/b>: Frankreich<\/li>\n<li><b>Qualit\u00e4t<\/b>: 100% naturreines \u00e4therisches \u00d6l aus Destillation<\/li>\n<li><b>Pflanzenteil<\/b>: Bl\u00fcten\/Pflanze<\/li>\n<li><b>Anbau<\/b>: kontrolliert biologisch<\/li>\n<li><b>Zertifizierung<\/b>: DE-\u00d6KO-007<\/li>\n<li><b>Eignung als<\/b>: Nat\u00fcrlicher Aromastoff, f\u00fcr Lebensmittel, begrenzte Verwendung.<\/li>\n<li><b>Hauptchemotypen<\/b>: Neryl acetate, gamma-Curcumene, Italidione I+II+III, alpha-Pinene<\/li>\n<li><b>INCI<\/b>: Helichrysum italicum Flower Oil<\/li>\n<li><strong>Weitere Hinweise:<\/strong> Von Hitze und Sonnenlicht fernhalten. F\u00fcr Kinder unzug\u00e4nglich aufbewahren. Kontakt mit Augen und Schleimh\u00e4uten vermeiden.<\/li>\n<li><strong> Allergene: <\/strong> Linalool, Limonene<\/li>\n<\/ul>\n<p>F\u00fcllmenge: 3 ml<\/p>\n","protected":false},"excerpt":{"rendered":"<p>w\u00fcrzig-kr\u00e4ftig, s\u00fc\u00df-honigartig<\/p>\n","protected":false},"featured_media":12050,"comment_status":"open","ping_status":"closed","template":"","meta":{"_links_to":"","_links_to_target":""},"pwb-brand":[134],"product_brand":[],"product_cat":[126],"product_tag":[324,394,393,325,132],"class_list":{"0":"post-1457","1":"product","2":"type-product","3":"status-publish","4":"has-post-thumbnail","6":"pwb-brand-oshadhi","7":"product_cat-aetherische-oele","8":"product_tag-aetherisches-oel","9":"product_tag-currykraut","10":"product_tag-immortelle","11":"product_tag-naturrein","12":"product_tag-oshadhi","13":"pa_herkunft-frankreich","14":"pa_inhalt-3-ml","15":"pa_qualitaet-100-naturreines-aetherisches-oel-kontrolliert-biologisch","17":"first","18":"instock","19":"taxable","20":"shipping-taxable","21":"purchasable","22":"product-type-simple"},"blog_post_layout_featured_media_urls":{"thumbnail":["https:\/\/www.lebens-qi.at\/qishop\/wp-content\/uploads\/1590_Immortellebio-150x150.webp",150,150,true],"full":["https:\/\/www.lebens-qi.at\/qishop\/wp-content\/uploads\/1590_Immortellebio.webp",600,600,false]},"categories":["134"],"categories_names":{"134":{"name":"Oshadhi","link":"https:\/\/www.lebens-qi.at\/qishop\/brand\/oshadhi\/"}},"comments_number":"0","brands":[{"id":134,"name":"Oshadhi","slug":"oshadhi"}],"_links":{"self":[{"href":"https:\/\/www.lebens-qi.at\/qishop\/wp-json\/wp\/v2\/product\/1457","targetHints":{"allow":["GET"]}}],"collection":[{"href":"https:\/\/www.lebens-qi.at\/qishop\/wp-json\/wp\/v2\/product"}],"about":[{"href":"https:\/\/www.lebens-qi.at\/qishop\/wp-json\/wp\/v2\/types\/product"}],"replies":[{"embeddable":true,"href":"https:\/\/www.lebens-qi.at\/qishop\/wp-json\/wp\/v2\/comments?post=1457"}],"wp:featuredmedia":[{"embeddable":true,"href":"https:\/\/www.lebens-qi.at\/qishop\/wp-json\/wp\/v2\/media\/12050"}],"wp:attachment":[{"href":"https:\/\/www.lebens-qi.at\/qishop\/wp-json\/wp\/v2\/media?parent=1457"}],"wp:term":[{"taxonomy":"pwb-brand","embeddable":true,"href":"https:\/\/www.lebens-qi.at\/qishop\/wp-json\/wp\/v2\/pwb-brand?post=1457"},{"taxonomy":"product_brand","embeddable":true,"href":"https:\/\/www.lebens-qi.at\/qishop\/wp-json\/wp\/v2\/product_brand?post=1457"},{"taxonomy":"product_cat","embeddable":true,"href":"https:\/\/www.lebens-qi.at\/qishop\/wp-json\/wp\/v2\/product_cat?post=1457"},{"taxonomy":"product_tag","embeddable":true,"href":"https:\/\/www.lebens-qi.at\/qishop\/wp-json\/wp\/v2\/product_tag?post=1457"}],"curies":[{"name":"wp","href":"https:\/\/api.w.org\/{rel}","templated":true}]}}