{"id":14622,"date":"2025-05-05T10:42:51","date_gmt":"2025-05-05T08:42:51","guid":{"rendered":"https:\/\/www.lebens-qi.at\/qishop\/?post_type=product&#038;p=14622"},"modified":"2025-05-05T12:30:30","modified_gmt":"2025-05-05T10:30:30","slug":"taigawurzel-wurzel","status":"publish","type":"product","link":"https:\/\/www.lebens-qi.at\/qishop\/produkt\/taigawurzel-wurzel\/","title":{"rendered":"Taigawurzel &#8211; Wurzel"},"content":{"rendered":"<p><b>Taigawurzel <\/b>(Eleutherococcus senticosus) Sibirischer Ginseng, Wurzel natur geschnitten<\/p>\n<p><b>Powerwurzel:<\/b><br \/>\n<span class=\"BxUVEf ILfuVd\" lang=\"de\"><span class=\"hgKElc\">F\u00fcr mehr Widerstandskraft, zur Aktivierung und St\u00e4rke &#8211; zum R\u00e4uchern in R\u00e4umen, in denen Aktivit\u00e4t notwendig ist (z.B. Arbeitszimmern) um wach zu halten und die Leistungsf\u00e4higkeit zu steigern<\/span><\/span><\/p>\n<p><b>Inhalt:<\/b> 60 ml (ca. 16 g)<\/p>\n<p><b>Sie haben bereits ein leeres Glas? <\/b><br \/>\nDann bestellen Sie das R\u00e4ucherwerk im Papier-Nachf\u00fcllpack und sparen Sie \u20ac 1,40<br \/>\nBitte beachten Sie, dass diese Verpackung nur zur kurzfristigen Lagerung geeignet ist.<\/p>\n<p><em><b>Hinweis:<\/b> Bei diesem Produkt handelt es sich um R\u00e4ucherwerk, kein Lebensmittel!<\/em><\/p>\n<p>Quellenangabe Bild auf Etikette: Daderot &#8211; Eigenes Werk, CC0, commons.wikimedia.org<\/p>\n","protected":false},"excerpt":{"rendered":"<p>aktivierend, st\u00e4rkend<\/p>\n","protected":false},"featured_media":14627,"comment_status":"open","ping_status":"closed","template":"","meta":{"_links_to":"","_links_to_target":""},"pwb-brand":[469],"product_brand":[],"product_cat":[655],"product_tag":[640,2159,539,656,466,159,1210,657,1687,2884,1698,2872],"class_list":{"0":"post-14622","1":"product","2":"type-product","3":"status-publish","4":"has-post-thumbnail","6":"pwb-brand-lebens-qi-incense","7":"product_cat-wurzeln","8":"product_tag-energie","9":"product_tag-ginseng","10":"product_tag-kraft","11":"product_tag-pur","12":"product_tag-raeuchern","13":"product_tag-raeucherwerk","14":"product_tag-rituale","15":"product_tag-sortenrein","16":"product_tag-staerke","17":"product_tag-taigawurzel","18":"product_tag-wurzel","19":"product_tag-yang","20":"pa_herkunft-china","22":"first","23":"instock","24":"taxable","25":"shipping-taxable","26":"purchasable","27":"product-type-variable"},"blog_post_layout_featured_media_urls":{"thumbnail":["https:\/\/www.lebens-qi.at\/qishop\/wp-content\/uploads\/taigawurzel-Inhalt-150x150.png",150,150,true],"full":["https:\/\/www.lebens-qi.at\/qishop\/wp-content\/uploads\/taigawurzel-Inhalt.png",500,500,false]},"categories":["469"],"categories_names":{"469":{"name":"LEBENS-QI Incense","link":"https:\/\/www.lebens-qi.at\/qishop\/brand\/lebens-qi-incense\/"}},"comments_number":"0","brands":[{"id":469,"name":"LEBENS-QI Incense","slug":"lebens-qi-incense"}],"_links":{"self":[{"href":"https:\/\/www.lebens-qi.at\/qishop\/wp-json\/wp\/v2\/product\/14622","targetHints":{"allow":["GET"]}}],"collection":[{"href":"https:\/\/www.lebens-qi.at\/qishop\/wp-json\/wp\/v2\/product"}],"about":[{"href":"https:\/\/www.lebens-qi.at\/qishop\/wp-json\/wp\/v2\/types\/product"}],"replies":[{"embeddable":true,"href":"https:\/\/www.lebens-qi.at\/qishop\/wp-json\/wp\/v2\/comments?post=14622"}],"wp:featuredmedia":[{"embeddable":true,"href":"https:\/\/www.lebens-qi.at\/qishop\/wp-json\/wp\/v2\/media\/14627"}],"wp:attachment":[{"href":"https:\/\/www.lebens-qi.at\/qishop\/wp-json\/wp\/v2\/media?parent=14622"}],"wp:term":[{"taxonomy":"pwb-brand","embeddable":true,"href":"https:\/\/www.lebens-qi.at\/qishop\/wp-json\/wp\/v2\/pwb-brand?post=14622"},{"taxonomy":"product_brand","embeddable":true,"href":"https:\/\/www.lebens-qi.at\/qishop\/wp-json\/wp\/v2\/product_brand?post=14622"},{"taxonomy":"product_cat","embeddable":true,"href":"https:\/\/www.lebens-qi.at\/qishop\/wp-json\/wp\/v2\/product_cat?post=14622"},{"taxonomy":"product_tag","embeddable":true,"href":"https:\/\/www.lebens-qi.at\/qishop\/wp-json\/wp\/v2\/product_tag?post=14622"}],"curies":[{"name":"wp","href":"https:\/\/api.w.org\/{rel}","templated":true}]}}