{"id":1469,"date":"2024-02-17T11:41:06","date_gmt":"2024-02-17T10:41:06","guid":{"rendered":"https:\/\/www.lebens-qi.at\/qishop\/produkt\/petitgrain-bigarade-bio-aetherisches-oel\/"},"modified":"2026-02-13T21:21:13","modified_gmt":"2026-02-13T20:21:13","slug":"petitgrain-bigarade-bio-aetherisches-oel","status":"publish","type":"product","link":"https:\/\/www.lebens-qi.at\/qishop\/produkt\/petitgrain-bigarade-bio-aetherisches-oel\/","title":{"rendered":"Petitgrain Bigarade bio &#8211; \u00c4therisches \u00d6l"},"content":{"rendered":"<p><b>Petitgrain Bigarade (mit Orangenbl\u00fcten dest.) bio<br \/>\n<\/b>Botanischer Name: Citrus aurantium amara<\/p>\n<ul>\n<li><b>Herkunftsland<\/b>: \u00c4gypten<\/li>\n<li><b>Qualit\u00e4t<\/b>: 100% naturreines \u00e4therisches \u00d6l aus Destillation<\/li>\n<li><b>Pflanzenteil<\/b>: Bl\u00fcten\/Bl\u00e4tter<\/li>\n<li><b>Anbau<\/b>: kontrolliert biologisch<\/li>\n<li><b>Zertifizierung<\/b>: Bio-Rohstoff Ayus<\/li>\n<li><b>Eignung als<\/b>: Nat\u00fcrlicher Aromaextrakt zur Verwendung als Raumbeduftung.<\/li>\n<li><b>Hauptchemotypen<\/b>: Linalyl acetate, Linalool, Limonene, Geranyl acetate, Geraniol<\/li>\n<li><b>INCI<\/b>: Citrus aurantium amara Leaf\/Flower Oil<\/li>\n<\/ul>\n<p>F\u00fcllmenge: 5 ml<\/p>\n","protected":false},"excerpt":{"rendered":"<p>frisch, fein-herb<\/p>\n","protected":false},"featured_media":12037,"comment_status":"open","ping_status":"closed","template":"","meta":{"_links_to":"","_links_to_target":""},"pwb-brand":[134],"product_brand":[],"product_cat":[126],"product_tag":[324,325,382,132,381],"class_list":{"0":"post-1469","1":"product","2":"type-product","3":"status-publish","4":"has-post-thumbnail","6":"pwb-brand-oshadhi","7":"product_cat-aetherische-oele","8":"product_tag-aetherisches-oel","9":"product_tag-naturrein","10":"product_tag-orangenblueten","11":"product_tag-oshadhi","12":"product_tag-petitgrain","13":"pa_herkunft-aegypten","14":"pa_inhalt-5-ml","15":"pa_qualitaet-100-naturreines-aetherisches-oel-kontrolliert-biologisch","17":"first","18":"instock","19":"taxable","20":"shipping-taxable","21":"purchasable","22":"product-type-simple"},"blog_post_layout_featured_media_urls":{"thumbnail":["https:\/\/www.lebens-qi.at\/qishop\/wp-content\/uploads\/2451_PetitgrainBigarade_mitOrangenblutendest._bio-150x150.webp",150,150,true],"full":["https:\/\/www.lebens-qi.at\/qishop\/wp-content\/uploads\/2451_PetitgrainBigarade_mitOrangenblutendest._bio.webp",600,600,false]},"categories":["134"],"categories_names":{"134":{"name":"Oshadhi","link":"https:\/\/www.lebens-qi.at\/qishop\/brand\/oshadhi\/"}},"comments_number":"0","brands":[{"id":134,"name":"Oshadhi","slug":"oshadhi"}],"_links":{"self":[{"href":"https:\/\/www.lebens-qi.at\/qishop\/wp-json\/wp\/v2\/product\/1469","targetHints":{"allow":["GET"]}}],"collection":[{"href":"https:\/\/www.lebens-qi.at\/qishop\/wp-json\/wp\/v2\/product"}],"about":[{"href":"https:\/\/www.lebens-qi.at\/qishop\/wp-json\/wp\/v2\/types\/product"}],"replies":[{"embeddable":true,"href":"https:\/\/www.lebens-qi.at\/qishop\/wp-json\/wp\/v2\/comments?post=1469"}],"wp:featuredmedia":[{"embeddable":true,"href":"https:\/\/www.lebens-qi.at\/qishop\/wp-json\/wp\/v2\/media\/12037"}],"wp:attachment":[{"href":"https:\/\/www.lebens-qi.at\/qishop\/wp-json\/wp\/v2\/media?parent=1469"}],"wp:term":[{"taxonomy":"pwb-brand","embeddable":true,"href":"https:\/\/www.lebens-qi.at\/qishop\/wp-json\/wp\/v2\/pwb-brand?post=1469"},{"taxonomy":"product_brand","embeddable":true,"href":"https:\/\/www.lebens-qi.at\/qishop\/wp-json\/wp\/v2\/product_brand?post=1469"},{"taxonomy":"product_cat","embeddable":true,"href":"https:\/\/www.lebens-qi.at\/qishop\/wp-json\/wp\/v2\/product_cat?post=1469"},{"taxonomy":"product_tag","embeddable":true,"href":"https:\/\/www.lebens-qi.at\/qishop\/wp-json\/wp\/v2\/product_tag?post=1469"}],"curies":[{"name":"wp","href":"https:\/\/api.w.org\/{rel}","templated":true}]}}