{"id":1471,"date":"2024-02-17T11:41:07","date_gmt":"2024-02-17T10:41:07","guid":{"rendered":"https:\/\/www.lebens-qi.at\/qishop\/produkt\/bergamotte-bio-aetherisches-oel\/"},"modified":"2025-07-09T12:06:10","modified_gmt":"2025-07-09T10:06:10","slug":"bergamotte-bio-aetherisches-oel","status":"publish","type":"product","link":"https:\/\/www.lebens-qi.at\/qishop\/produkt\/bergamotte-bio-aetherisches-oel\/","title":{"rendered":"Bergamotte bio &#8211; \u00c4therisches \u00d6l"},"content":{"rendered":"<p><b>Bergamotte bio (Bergamotten\u00f6l)<br \/>\n<\/b>Botanischer Name: Citrus bergamia<\/p>\n<ul>\n<li><b>Herkunftsland<\/b>: Italien<\/li>\n<li><b>Qualit\u00e4t<\/b>: 100% naturreines \u00e4therisches \u00d6l aus Pressung<\/li>\n<li><b>Pflanzenteil<\/b>: Schalen<\/li>\n<li><b>Anbau<\/b>: kontrolliert biologisch<\/li>\n<li><b>Zertifizierung<\/b>: DE-\u00d6KO-007<\/li>\n<li><b>Eignung als<\/b>: Nat\u00fcrlicher Aromastoff, f\u00fcr Lebensmittel, begrenzte Verwendung<\/li>\n<li><b>Hauptchemotypen<\/b>: Limonene, Linalyl acetate, Linalool<\/li>\n<li><b>INCI<\/b>: Citrus bergamia Peel Oil expressed<\/li>\n<\/ul>\n<p>F\u00fcllmenge: 5 oder 10 ml<\/p>\n","protected":false},"excerpt":{"rendered":"<p>anregend, frisch, harmonisierend<\/p>\n","protected":false},"featured_media":12035,"comment_status":"open","ping_status":"closed","template":"","meta":{"_links_to":"","_links_to_target":""},"pwb-brand":[134],"product_brand":[],"product_cat":[126],"product_tag":[324,265,325,132],"class_list":{"0":"post-1471","1":"product","2":"type-product","3":"status-publish","4":"has-post-thumbnail","6":"pwb-brand-oshadhi","7":"product_cat-aetherische-oele","8":"product_tag-aetherisches-oel","9":"product_tag-bergamotte","10":"product_tag-naturrein","11":"product_tag-oshadhi","12":"pa_herkunft-italien","13":"pa_qualitaet-100-naturreines-aetherisches-oel-kontrolliert-biologisch","15":"first","16":"instock","17":"taxable","18":"shipping-taxable","19":"purchasable","20":"product-type-variable"},"blog_post_layout_featured_media_urls":{"thumbnail":["https:\/\/www.lebens-qi.at\/qishop\/wp-content\/uploads\/1175_Bergamottebio-150x150.webp",150,150,true],"full":["https:\/\/www.lebens-qi.at\/qishop\/wp-content\/uploads\/1175_Bergamottebio.webp",600,600,false]},"categories":["134"],"categories_names":{"134":{"name":"Oshadhi","link":"https:\/\/www.lebens-qi.at\/qishop\/brand\/oshadhi\/"}},"comments_number":"0","brands":[{"id":134,"name":"Oshadhi","slug":"oshadhi"}],"_links":{"self":[{"href":"https:\/\/www.lebens-qi.at\/qishop\/wp-json\/wp\/v2\/product\/1471","targetHints":{"allow":["GET"]}}],"collection":[{"href":"https:\/\/www.lebens-qi.at\/qishop\/wp-json\/wp\/v2\/product"}],"about":[{"href":"https:\/\/www.lebens-qi.at\/qishop\/wp-json\/wp\/v2\/types\/product"}],"replies":[{"embeddable":true,"href":"https:\/\/www.lebens-qi.at\/qishop\/wp-json\/wp\/v2\/comments?post=1471"}],"wp:featuredmedia":[{"embeddable":true,"href":"https:\/\/www.lebens-qi.at\/qishop\/wp-json\/wp\/v2\/media\/12035"}],"wp:attachment":[{"href":"https:\/\/www.lebens-qi.at\/qishop\/wp-json\/wp\/v2\/media?parent=1471"}],"wp:term":[{"taxonomy":"pwb-brand","embeddable":true,"href":"https:\/\/www.lebens-qi.at\/qishop\/wp-json\/wp\/v2\/pwb-brand?post=1471"},{"taxonomy":"product_brand","embeddable":true,"href":"https:\/\/www.lebens-qi.at\/qishop\/wp-json\/wp\/v2\/product_brand?post=1471"},{"taxonomy":"product_cat","embeddable":true,"href":"https:\/\/www.lebens-qi.at\/qishop\/wp-json\/wp\/v2\/product_cat?post=1471"},{"taxonomy":"product_tag","embeddable":true,"href":"https:\/\/www.lebens-qi.at\/qishop\/wp-json\/wp\/v2\/product_tag?post=1471"}],"curies":[{"name":"wp","href":"https:\/\/api.w.org\/{rel}","templated":true}]}}