{"id":14756,"date":"2025-05-07T14:15:43","date_gmt":"2025-05-07T12:15:43","guid":{"rendered":"https:\/\/www.lebens-qi.at\/qishop\/?post_type=product&#038;p=14756"},"modified":"2025-08-01T10:28:24","modified_gmt":"2025-08-01T08:28:24","slug":"stein-armband-carneol-mondstein","status":"publish","type":"product","link":"https:\/\/www.lebens-qi.at\/qishop\/produkt\/stein-armband-carneol-mondstein\/","title":{"rendered":"Stein Armband &#8211; Carneol, Mondstein"},"content":{"rendered":"<p><b>Stein-Armband<\/b><\/p>\n<p><b>Mit den Steinen:<\/b><br \/>\n\u2022 Mondstein<br \/>\n\u2022 Carneol<br \/>\ndazwischen ein <b><strong>Triqueta<\/strong>-Symbol<\/b>-Anh\u00e4nger aus Metall<\/p>\n<p><b>Detailinformationen zum Armband:<\/b><br \/>\nGr\u00f6\u00dfe: ca. 17 cm<br \/>\nohne Verschluss, elastisch<br \/>\nMaterial: Stein, Metall (Zink-Legierung<em>, nickel-, blei- und cadmiumfrei. Das bedeutet, dass diese Metalle entweder \u00fcberhaupt nicht enthalten sind oder in so geringen Mengen, dass sie unter die geltenden europ\u00e4ischen Normen f\u00fct Produktsicherheit fallen.)<\/em><\/p>\n<p><em>Hergestellt mit viel Liebe f\u00fcr die Extra-Portion Freude im LEBENS-QI Saalfelden<\/em><\/p>\n<p><b>Hinweis: <\/b>Es wird genau dieses Armband am Foto verschickt. Da wir auch ein Ladengesch\u00e4ft haben und es sich bei diesem St\u00fcck um ein Unikat handelt, ist ein zwischenzeitlicher Verkauf vorbehalten. Aktuell ist dieses Armband im Lebens-Qi Saalfelden verf\u00fcgbar.<\/p>\n","protected":false},"excerpt":{"rendered":"<p>Carneol, Mondstein mit einem Triqueta-Symbol<\/p>\n","protected":false},"featured_media":14758,"comment_status":"closed","ping_status":"closed","template":"","meta":{"_links_to":"","_links_to_target":""},"pwb-brand":[114],"product_brand":[],"product_cat":[920,921,918,919],"product_tag":[1223,1783,1775,2247,119,751],"class_list":{"0":"post-14756","1":"product","2":"type-product","3":"status-publish","4":"has-post-thumbnail","6":"pwb-brand-lebens-qi-kraft-der-steine","7":"product_cat-armbaender","8":"product_cat-armbaender-steinschmuck","9":"product_cat-unikate","10":"product_cat-unikate-steinschmuck","11":"product_tag-armband","12":"product_tag-carneol","13":"product_tag-mondstein","14":"product_tag-standort-saalfelden","15":"product_tag-steinschmuck","16":"product_tag-unikat","18":"first","19":"instock","20":"sold-individually","21":"taxable","22":"shipping-taxable","23":"purchasable","24":"product-type-simple"},"blog_post_layout_featured_media_urls":{"thumbnail":["https:\/\/www.lebens-qi.at\/qishop\/wp-content\/uploads\/Mondstein-Carneol-150x150.png",150,150,true],"full":["https:\/\/www.lebens-qi.at\/qishop\/wp-content\/uploads\/Mondstein-Carneol.png",800,800,false]},"categories":["114"],"categories_names":{"114":{"name":"Lebens-Qi Kraft der Steine","link":"https:\/\/www.lebens-qi.at\/qishop\/brand\/lebens-qi-kraft-der-steine\/"}},"comments_number":"0","brands":[{"id":114,"name":"Lebens-Qi Kraft der Steine","slug":"lebens-qi-kraft-der-steine"}],"_links":{"self":[{"href":"https:\/\/www.lebens-qi.at\/qishop\/wp-json\/wp\/v2\/product\/14756","targetHints":{"allow":["GET"]}}],"collection":[{"href":"https:\/\/www.lebens-qi.at\/qishop\/wp-json\/wp\/v2\/product"}],"about":[{"href":"https:\/\/www.lebens-qi.at\/qishop\/wp-json\/wp\/v2\/types\/product"}],"replies":[{"embeddable":true,"href":"https:\/\/www.lebens-qi.at\/qishop\/wp-json\/wp\/v2\/comments?post=14756"}],"wp:featuredmedia":[{"embeddable":true,"href":"https:\/\/www.lebens-qi.at\/qishop\/wp-json\/wp\/v2\/media\/14758"}],"wp:attachment":[{"href":"https:\/\/www.lebens-qi.at\/qishop\/wp-json\/wp\/v2\/media?parent=14756"}],"wp:term":[{"taxonomy":"pwb-brand","embeddable":true,"href":"https:\/\/www.lebens-qi.at\/qishop\/wp-json\/wp\/v2\/pwb-brand?post=14756"},{"taxonomy":"product_brand","embeddable":true,"href":"https:\/\/www.lebens-qi.at\/qishop\/wp-json\/wp\/v2\/product_brand?post=14756"},{"taxonomy":"product_cat","embeddable":true,"href":"https:\/\/www.lebens-qi.at\/qishop\/wp-json\/wp\/v2\/product_cat?post=14756"},{"taxonomy":"product_tag","embeddable":true,"href":"https:\/\/www.lebens-qi.at\/qishop\/wp-json\/wp\/v2\/product_tag?post=14756"}],"curies":[{"name":"wp","href":"https:\/\/api.w.org\/{rel}","templated":true}]}}