{"id":1481,"date":"2024-02-17T11:41:10","date_gmt":"2024-02-17T10:41:10","guid":{"rendered":"https:\/\/www.lebens-qi.at\/qishop\/produkt\/wintergreen-bio-aetherisches-oel\/"},"modified":"2025-09-05T12:00:58","modified_gmt":"2025-09-05T10:00:58","slug":"wintergreen-bio-aetherisches-oel","status":"publish","type":"product","link":"https:\/\/www.lebens-qi.at\/qishop\/produkt\/wintergreen-bio-aetherisches-oel\/","title":{"rendered":"Wintergreen bio &#8211; \u00c4therisches \u00d6l"},"content":{"rendered":"<p><b>Wintergreen (Wintergr\u00fcn) bio<br \/>\n<\/b>Botanischer Name: Gaultheria fragrantissima<\/p>\n<ul>\n<li><b>Herkunftsland<\/b>: Nepal<\/li>\n<li><b>Qualit\u00e4t<\/b>: 100% naturreines \u00e4therisches \u00d6l aus Destillation<\/li>\n<li><b>Pflanzenteil<\/b>: Bl\u00e4tter<\/li>\n<li><b>Anbau<\/b>: kontrolliert biologisch<\/li>\n<li><b>Zertifizierung<\/b>: Bio-Rohstoff Ayus<\/li>\n<li><b>Eignung als<\/b>: Nat\u00fcrlicher Aromaextrakt zur Verwendung als Raumbeduftung.<\/li>\n<li><b>Hauptchemotypen<\/b>: Methyl salicylate, Ethyl salicylate<\/li>\n<li><b>INCI<\/b>: Gaultheria fragrantissima Leaf Oil<\/li>\n<\/ul>\n<p>F\u00fcllmenge: 5 oder 10 ml<\/p>\n","protected":false},"excerpt":{"rendered":"<p>durchdringend-frisch, streng<\/p>\n","protected":false},"featured_media":12024,"comment_status":"open","ping_status":"closed","template":"","meta":{"_links_to":"","_links_to_target":""},"pwb-brand":[134],"product_brand":[],"product_cat":[126],"product_tag":[324,325,132,375,374],"class_list":{"0":"post-1481","1":"product","2":"type-product","3":"status-publish","4":"has-post-thumbnail","6":"pwb-brand-oshadhi","7":"product_cat-aetherische-oele","8":"product_tag-aetherisches-oel","9":"product_tag-naturrein","10":"product_tag-oshadhi","11":"product_tag-wintergreen","12":"product_tag-wintergruen","13":"pa_herkunft-nepal","14":"pa_qualitaet-100-naturreines-aetherisches-oel-kontrolliert-biologisch","16":"first","17":"instock","18":"taxable","19":"shipping-taxable","20":"purchasable","21":"product-type-variable"},"blog_post_layout_featured_media_urls":{"thumbnail":["https:\/\/www.lebens-qi.at\/qishop\/wp-content\/uploads\/Wintergreen_bio-150x150.webp",150,150,true],"full":["https:\/\/www.lebens-qi.at\/qishop\/wp-content\/uploads\/Wintergreen_bio.webp",600,600,false]},"categories":["134"],"categories_names":{"134":{"name":"Oshadhi","link":"https:\/\/www.lebens-qi.at\/qishop\/brand\/oshadhi\/"}},"comments_number":"0","brands":[{"id":134,"name":"Oshadhi","slug":"oshadhi"}],"_links":{"self":[{"href":"https:\/\/www.lebens-qi.at\/qishop\/wp-json\/wp\/v2\/product\/1481","targetHints":{"allow":["GET"]}}],"collection":[{"href":"https:\/\/www.lebens-qi.at\/qishop\/wp-json\/wp\/v2\/product"}],"about":[{"href":"https:\/\/www.lebens-qi.at\/qishop\/wp-json\/wp\/v2\/types\/product"}],"replies":[{"embeddable":true,"href":"https:\/\/www.lebens-qi.at\/qishop\/wp-json\/wp\/v2\/comments?post=1481"}],"wp:featuredmedia":[{"embeddable":true,"href":"https:\/\/www.lebens-qi.at\/qishop\/wp-json\/wp\/v2\/media\/12024"}],"wp:attachment":[{"href":"https:\/\/www.lebens-qi.at\/qishop\/wp-json\/wp\/v2\/media?parent=1481"}],"wp:term":[{"taxonomy":"pwb-brand","embeddable":true,"href":"https:\/\/www.lebens-qi.at\/qishop\/wp-json\/wp\/v2\/pwb-brand?post=1481"},{"taxonomy":"product_brand","embeddable":true,"href":"https:\/\/www.lebens-qi.at\/qishop\/wp-json\/wp\/v2\/product_brand?post=1481"},{"taxonomy":"product_cat","embeddable":true,"href":"https:\/\/www.lebens-qi.at\/qishop\/wp-json\/wp\/v2\/product_cat?post=1481"},{"taxonomy":"product_tag","embeddable":true,"href":"https:\/\/www.lebens-qi.at\/qishop\/wp-json\/wp\/v2\/product_tag?post=1481"}],"curies":[{"name":"wp","href":"https:\/\/api.w.org\/{rel}","templated":true}]}}