{"id":14984,"date":"2025-05-17T11:27:40","date_gmt":"2025-05-17T09:27:40","guid":{"rendered":"https:\/\/www.lebens-qi.at\/qishop\/?post_type=product&#038;p=14984"},"modified":"2025-05-17T11:40:09","modified_gmt":"2025-05-17T09:40:09","slug":"kupferarmreifen-mit-chakrasteinchen","status":"publish","type":"product","link":"https:\/\/www.lebens-qi.at\/qishop\/produkt\/kupferarmreifen-mit-chakrasteinchen\/","title":{"rendered":"Kupferarmreifen mit Chakrasteinchen"},"content":{"rendered":"<p><strong>Kupferarmreifen<\/strong><br \/>\nmit Gravur und <strong>7 gefassten Halbedelsteinen in den Chakra-Farben<\/strong>; an den Enden ist jeweils ein kleiner Magnet<\/p>\n<p>Folgende Steinchen sind verarbeitet:<br \/>\nWurzelchakra &#8211; Granat<br \/>\nSakralchakra &#8211; Karneol<br \/>\nSolarplexuschakra &#8211; Citrin<br \/>\nHerzchakra &#8211; Peridot<br \/>\nHalschakra &#8211; Iolith<br \/>\nStirnchakra- Lapislazuli<br \/>\nKronenchakra &#8211; Amethyst<\/p>\n<p><b>Material:<\/b> Kupfer, Steine, Magnet<br \/>\n<b>Gr\u00f6\u00dfe:<\/b> 9 mm breit<\/p>\n<p>Die Armreifen sind stufenlos gr\u00f6\u00dfenverstellbar und passen an fast jedes Handgelenk. Einfach den Armreif anlegen und zusammendr\u00fccken. Zum \u00d6ffnen den Armreif wieder mit Gef\u00fchl auseinander ziehen.<\/p>\n<p>&nbsp;<\/p>\n","protected":false},"excerpt":{"rendered":"<p>mit Magneten<\/p>\n","protected":false},"featured_media":14985,"comment_status":"open","ping_status":"closed","template":"","meta":{"_links_to":"","_links_to_target":""},"pwb-brand":[1051],"product_brand":[],"product_cat":[1052],"product_tag":[1054,2028,567,2891,2892,118],"class_list":{"0":"post-14984","1":"product","2":"type-product","3":"status-publish","4":"has-post-thumbnail","6":"pwb-brand-blumenkind","7":"product_cat-armreifen","8":"product_tag-armreifen","9":"product_tag-chakrasteine","10":"product_tag-kupfer","11":"product_tag-magnet","12":"product_tag-magnetschmuck","13":"product_tag-schmuck","15":"first","16":"instock","17":"taxable","18":"shipping-taxable","19":"purchasable","20":"product-type-simple"},"blog_post_layout_featured_media_urls":{"thumbnail":["https:\/\/www.lebens-qi.at\/qishop\/wp-content\/uploads\/ab-10-kupferarmreif-150x150.jpg",150,150,true],"full":["https:\/\/www.lebens-qi.at\/qishop\/wp-content\/uploads\/ab-10-kupferarmreif.jpg",600,600,false]},"categories":["1051"],"categories_names":{"1051":{"name":"blumenkind","link":"https:\/\/www.lebens-qi.at\/qishop\/brand\/blumenkind\/"}},"comments_number":"0","brands":[{"id":1051,"name":"blumenkind","slug":"blumenkind"}],"_links":{"self":[{"href":"https:\/\/www.lebens-qi.at\/qishop\/wp-json\/wp\/v2\/product\/14984","targetHints":{"allow":["GET"]}}],"collection":[{"href":"https:\/\/www.lebens-qi.at\/qishop\/wp-json\/wp\/v2\/product"}],"about":[{"href":"https:\/\/www.lebens-qi.at\/qishop\/wp-json\/wp\/v2\/types\/product"}],"replies":[{"embeddable":true,"href":"https:\/\/www.lebens-qi.at\/qishop\/wp-json\/wp\/v2\/comments?post=14984"}],"wp:featuredmedia":[{"embeddable":true,"href":"https:\/\/www.lebens-qi.at\/qishop\/wp-json\/wp\/v2\/media\/14985"}],"wp:attachment":[{"href":"https:\/\/www.lebens-qi.at\/qishop\/wp-json\/wp\/v2\/media?parent=14984"}],"wp:term":[{"taxonomy":"pwb-brand","embeddable":true,"href":"https:\/\/www.lebens-qi.at\/qishop\/wp-json\/wp\/v2\/pwb-brand?post=14984"},{"taxonomy":"product_brand","embeddable":true,"href":"https:\/\/www.lebens-qi.at\/qishop\/wp-json\/wp\/v2\/product_brand?post=14984"},{"taxonomy":"product_cat","embeddable":true,"href":"https:\/\/www.lebens-qi.at\/qishop\/wp-json\/wp\/v2\/product_cat?post=14984"},{"taxonomy":"product_tag","embeddable":true,"href":"https:\/\/www.lebens-qi.at\/qishop\/wp-json\/wp\/v2\/product_tag?post=14984"}],"curies":[{"name":"wp","href":"https:\/\/api.w.org\/{rel}","templated":true}]}}