{"id":1499,"date":"2024-02-17T11:41:30","date_gmt":"2024-02-17T10:41:30","guid":{"rendered":"https:\/\/www.lebens-qi.at\/qishop\/produkt\/patchouli-bio-aetherisches-oel\/"},"modified":"2026-02-14T21:45:58","modified_gmt":"2026-02-14T20:45:58","slug":"patchouli-bio-aetherisches-oel","status":"publish","type":"product","link":"https:\/\/www.lebens-qi.at\/qishop\/produkt\/patchouli-bio-aetherisches-oel\/","title":{"rendered":"Patchouli bio &#8211; \u00c4therisches \u00d6l"},"content":{"rendered":"<p><b>Patchouli bio (Patchouli\u00f6l)<br \/>\n<\/b>Botanischer Name: Pogostemon cablin<\/p>\n<ul>\n<li><b>Herkunftsland<\/b>: Indonesien<\/li>\n<li><b>Qualit\u00e4t<\/b>: 100% naturreines \u00e4therisches \u00d6l aus Destillation<\/li>\n<li><b>Pflanzenteil<\/b>: Bl\u00e4tter<\/li>\n<li><b>Anbau<\/b>: kontrolliert biologisch<\/li>\n<li><b>Zertifizierung<\/b>: DE-\u00d6KO-007<\/li>\n<li><b>Eignung als<\/b>: Nat\u00fcrlicher Aromastoff, f\u00fcr Lebensmittel, begrenzte Verwendung.<\/li>\n<li><b>Hauptchemotypen<\/b>: Patchouli alcohol (Patchoulol), alpha-Bulnesene, alpha-Guaiene, alpha-Patchoulene<\/li>\n<li><b>INCI<\/b>: Pogostemon cablin Leaf Oil<\/li>\n<li><strong>Weitere Hinweise:<\/strong> Von Hitze und Sonnenlicht fernhalten. F\u00fcr Kinder unzug\u00e4nglich aufbewahren. Kontakt mit Augen und Schleimh\u00e4uten vermeiden.<\/li>\n<li><strong> Allergene: <\/strong> Limonene, Citronellol, Linalool<\/li>\n<\/ul>\n<p>F\u00fcllmenge: 5 ml<\/p>\n","protected":false},"excerpt":{"rendered":"<p>inspirierend, zentrierend, stimmungsausgleichend<\/p>\n","protected":false},"featured_media":11973,"comment_status":"open","ping_status":"closed","template":"","meta":{"_links_to":"","_links_to_target":""},"pwb-brand":[134],"product_brand":[],"product_cat":[126],"product_tag":[324,325,132,232],"class_list":{"0":"post-1499","1":"product","2":"type-product","3":"status-publish","4":"has-post-thumbnail","6":"pwb-brand-oshadhi","7":"product_cat-aetherische-oele","8":"product_tag-aetherisches-oel","9":"product_tag-naturrein","10":"product_tag-oshadhi","11":"product_tag-patchouli","12":"pa_herkunft-indonesien","13":"pa_inhalt-5-ml","14":"pa_qualitaet-100-naturreines-aetherisches-oel-kontrolliert-biologisch","16":"first","17":"instock","18":"taxable","19":"shipping-taxable","20":"purchasable","21":"product-type-simple"},"blog_post_layout_featured_media_urls":{"thumbnail":["https:\/\/www.lebens-qi.at\/qishop\/wp-content\/uploads\/Patchouli_bio_5b0a6f9b-4f6a-406d-ae09-8797d14f5054-150x150.webp",150,150,true],"full":["https:\/\/www.lebens-qi.at\/qishop\/wp-content\/uploads\/Patchouli_bio_5b0a6f9b-4f6a-406d-ae09-8797d14f5054.webp",600,600,false]},"categories":["134"],"categories_names":{"134":{"name":"Oshadhi","link":"https:\/\/www.lebens-qi.at\/qishop\/brand\/oshadhi\/"}},"comments_number":"0","brands":[{"id":134,"name":"Oshadhi","slug":"oshadhi"}],"_links":{"self":[{"href":"https:\/\/www.lebens-qi.at\/qishop\/wp-json\/wp\/v2\/product\/1499","targetHints":{"allow":["GET"]}}],"collection":[{"href":"https:\/\/www.lebens-qi.at\/qishop\/wp-json\/wp\/v2\/product"}],"about":[{"href":"https:\/\/www.lebens-qi.at\/qishop\/wp-json\/wp\/v2\/types\/product"}],"replies":[{"embeddable":true,"href":"https:\/\/www.lebens-qi.at\/qishop\/wp-json\/wp\/v2\/comments?post=1499"}],"wp:featuredmedia":[{"embeddable":true,"href":"https:\/\/www.lebens-qi.at\/qishop\/wp-json\/wp\/v2\/media\/11973"}],"wp:attachment":[{"href":"https:\/\/www.lebens-qi.at\/qishop\/wp-json\/wp\/v2\/media?parent=1499"}],"wp:term":[{"taxonomy":"pwb-brand","embeddable":true,"href":"https:\/\/www.lebens-qi.at\/qishop\/wp-json\/wp\/v2\/pwb-brand?post=1499"},{"taxonomy":"product_brand","embeddable":true,"href":"https:\/\/www.lebens-qi.at\/qishop\/wp-json\/wp\/v2\/product_brand?post=1499"},{"taxonomy":"product_cat","embeddable":true,"href":"https:\/\/www.lebens-qi.at\/qishop\/wp-json\/wp\/v2\/product_cat?post=1499"},{"taxonomy":"product_tag","embeddable":true,"href":"https:\/\/www.lebens-qi.at\/qishop\/wp-json\/wp\/v2\/product_tag?post=1499"}],"curies":[{"name":"wp","href":"https:\/\/api.w.org\/{rel}","templated":true}]}}