{"id":15023,"date":"2025-05-17T15:39:25","date_gmt":"2025-05-17T13:39:25","guid":{"rendered":"https:\/\/www.lebens-qi.at\/qishop\/?post_type=product&#038;p=15023"},"modified":"2025-09-26T10:49:22","modified_gmt":"2025-09-26T08:49:22","slug":"love-rose-spiritual-smudge-raeucherstaebchen","status":"publish","type":"product","link":"https:\/\/www.lebens-qi.at\/qishop\/produkt\/love-rose-spiritual-smudge-raeucherstaebchen\/","title":{"rendered":"Love Rose &#8211; Spiritual Smudge R\u00e4ucherst\u00e4bchen"},"content":{"rendered":"<p><span style=\"color: #c24a6e;\"><strong>Rose \/ Love &#8211; Rose f\u00fcr Liebe<\/strong><\/span><\/p>\n<p><strong>Erh\u00f6he die Energie in deinem Raum mit einem bezaubernden Aroma!<\/strong><\/p>\n<p>Erlebe das herz\u00f6ffnende Aroma von Rose. Diese Smudge R\u00e4ucherst\u00e4bchen sind so zusammengestellt worden, dass sie in deinen Raum Liebe, Trost und emotionale Bes\u00e4nftigung bringen. Der s\u00fc\u00dfe, blumige Duft von Rosen kann das Herz \u00f6ffnen und emotionales Wohlbefinden steigern. Erlaube dem zauberhaften Wohlgeruch deine Seele zu ber\u00fchren!<\/p>\n<p><strong>Vorteile:<\/strong><br \/>\n\u2665 Verbindet mit Nahestehenden<br \/>\n\u2665 \u00d6ffnet das Herzchakra<br \/>\n\u2665 Steigert die Leidenschaft<\/p>\n<p><span style=\"color: #cc99ff;\"><strong>~~~ Spiritual Smudge Incenses ~~~<\/strong><\/span><\/p>\n<p>Diese R\u00e4ucherst\u00e4bchen sind Teil der Spiritual Smudge Incense Collection, erh\u00e4ltlich in 7 kraftvollen, unterschiedlichen D\u00fcften:<br \/>\n\u2714 Eukalyptus \u2013 erdend und energetisierend<br \/>\n\u2714 Rose &#8211; inspirierend und herz\u00f6ffnend<br \/>\n\u2714 Palo Santo \u2013 tiefgehend reinigend und kl\u00e4rend<br \/>\n\u2714 Drachenblut \u2013 stabilisierend und sch\u00fctzend<br \/>\n\u2714 Wei\u00dfer Salbei \u2013 reinigend<br \/>\n\u2714 Rosemarin \u2013 balancierend und fokusierend<br \/>\n\u2714 Lavendel \u2013 entspannend und balancierend<\/p>\n<p><strong>Inhalt:<\/strong> pro Einzelpackung 8 Stk. R\u00e4ucherst\u00e4bchen (ca. 16 g)<br \/>\n<b>Box: <\/b>Bei Kauf einer gesamten Schachtel (12 Packungen \u00e1 12 Stk.) sparen Sie <b>\u20ac 4,-<\/b><\/p>\n<p>\u2022 Produziert in Indien<br \/>\n\u2022 Handgerollt, mit gesegneten Kr\u00e4utern, Harzen, Holzpulver<br \/>\n\u2022 100% organic &amp; vegan<br \/>\n\u2022 Brenndauer je R\u00e4ucherst\u00e4bchen ca. 45 min<br \/>\n\u2022 kurze L\u00e4nge (!) inkl. St\u00e4bchen nur ca. 13 cm<\/p>\n<p><strong>Verwendung:<\/strong><br \/>\nGib das R\u00e4ucherst\u00e4bchen in einen geeigneten Halter. Entz\u00fcnde es an der Spitze, sobald diese rot gl\u00fcht, die Flamme ausblasen und das St\u00e4bchen abbrennen lassen.<\/p>\n<p>Achtung: nicht unbeaufsichtigt abbrennen, von Kindern und anderen brennbaren Materialien fern halten<\/p>\n<p><em>Bildquelle Produktfotos: Green Tree<\/em><\/p>\n","protected":false},"excerpt":{"rendered":"<p>Rose &#8211; Liebe<\/p>\n","protected":false},"featured_media":15026,"comment_status":"open","ping_status":"closed","template":"","meta":{"_links_to":"","_links_to_target":""},"pwb-brand":[694],"product_brand":[],"product_cat":[3020,2893],"product_tag":[693,1569,2509,1713,174,680,227,675],"class_list":{"0":"post-15023","1":"product","2":"type-product","3":"status-publish","4":"has-post-thumbnail","6":"pwb-brand-green-tree","7":"product_cat-hochzeit","8":"product_cat-spiritual-smudge","9":"product_tag-green-tree","10":"product_tag-herzchakra","11":"product_tag-herzoeffnung","12":"product_tag-leidenschaft","13":"product_tag-liebe","14":"product_tag-raeucherstaebchen","15":"product_tag-rose","16":"product_tag-smudge","18":"first","19":"instock","20":"sale","21":"taxable","22":"shipping-taxable","23":"purchasable","24":"product-type-variable"},"blog_post_layout_featured_media_urls":{"thumbnail":["https:\/\/www.lebens-qi.at\/qishop\/wp-content\/uploads\/gtss-rose-150x150.jpg",150,150,true],"full":["https:\/\/www.lebens-qi.at\/qishop\/wp-content\/uploads\/gtss-rose.jpg",521,521,false]},"categories":["694"],"categories_names":{"694":{"name":"Green Tree","link":"https:\/\/www.lebens-qi.at\/qishop\/brand\/green-tree\/"}},"comments_number":"0","brands":[{"id":694,"name":"Green Tree","slug":"green-tree"}],"_links":{"self":[{"href":"https:\/\/www.lebens-qi.at\/qishop\/wp-json\/wp\/v2\/product\/15023","targetHints":{"allow":["GET"]}}],"collection":[{"href":"https:\/\/www.lebens-qi.at\/qishop\/wp-json\/wp\/v2\/product"}],"about":[{"href":"https:\/\/www.lebens-qi.at\/qishop\/wp-json\/wp\/v2\/types\/product"}],"replies":[{"embeddable":true,"href":"https:\/\/www.lebens-qi.at\/qishop\/wp-json\/wp\/v2\/comments?post=15023"}],"wp:featuredmedia":[{"embeddable":true,"href":"https:\/\/www.lebens-qi.at\/qishop\/wp-json\/wp\/v2\/media\/15026"}],"wp:attachment":[{"href":"https:\/\/www.lebens-qi.at\/qishop\/wp-json\/wp\/v2\/media?parent=15023"}],"wp:term":[{"taxonomy":"pwb-brand","embeddable":true,"href":"https:\/\/www.lebens-qi.at\/qishop\/wp-json\/wp\/v2\/pwb-brand?post=15023"},{"taxonomy":"product_brand","embeddable":true,"href":"https:\/\/www.lebens-qi.at\/qishop\/wp-json\/wp\/v2\/product_brand?post=15023"},{"taxonomy":"product_cat","embeddable":true,"href":"https:\/\/www.lebens-qi.at\/qishop\/wp-json\/wp\/v2\/product_cat?post=15023"},{"taxonomy":"product_tag","embeddable":true,"href":"https:\/\/www.lebens-qi.at\/qishop\/wp-json\/wp\/v2\/product_tag?post=15023"}],"curies":[{"name":"wp","href":"https:\/\/api.w.org\/{rel}","templated":true}]}}