{"id":1511,"date":"2024-02-17T11:41:37","date_gmt":"2024-02-17T10:41:37","guid":{"rendered":"https:\/\/www.lebens-qi.at\/qishop\/produkt\/kiefer-foehre-waldkiefer-bio-aetherisches-oel\/"},"modified":"2025-03-14T20:04:40","modified_gmt":"2025-03-14T19:04:40","slug":"kiefer-foehre-waldkiefer-bio-aetherisches-oel","status":"publish","type":"product","link":"https:\/\/www.lebens-qi.at\/qishop\/produkt\/kiefer-foehre-waldkiefer-bio-aetherisches-oel\/","title":{"rendered":"Kiefer (F\u00f6hre, Waldkiefer) bio &#8211; \u00c4therisches \u00d6l"},"content":{"rendered":"<p><b>Kiefer (F\u00f6hre, Waldkiefer) bio<br \/>\n<\/b>Botanischer Name: Pinus sylvestris<\/p>\n<ul>\n<li><b>Herkunftsland<\/b>: Frankreich<\/li>\n<li><b>Qualit\u00e4t<\/b>: 100% naturreines \u00e4therisches \u00d6l aus Destillation<\/li>\n<li><b>Pflanzenteil<\/b>: Nadeln\/Zweige<\/li>\n<li><b>Anbau<\/b>: kontrolliert biologisch aus Wildsammlung<\/li>\n<li><b>Zertifizierung<\/b>: DE-\u00d6KO-007<\/li>\n<li><b>Eignung als<\/b>: Nat\u00fcrlicher Aromastoff, f\u00fcr Lebensmittel, begrenzte Verwendung.<\/li>\n<li><b>Hauptchemotypen<\/b>: alpha- &amp; beta-Pinene, Limonene, Camphene, delta-3-Carene, Myrcene<\/li>\n<li><b>INCI<\/b>: Pinus sylvestris Twig Leaf Oil<\/li>\n<li><strong>Weitere Hinweise:<\/strong> Von Hitze und Sonnenlicht fernhalten. F\u00fcr Kinder unzug\u00e4nglich aufbewahren. Kontakt mit Augen und Schleimh\u00e4uten vermeiden.<\/li>\n<li><strong> Allergene: <\/strong> Limonene<\/li>\n<\/ul>\n<p>F\u00fcllmenge: 5 ml<\/p>\n","protected":false},"excerpt":{"rendered":"<p>klar, waldig<\/p>\n","protected":false},"featured_media":11960,"comment_status":"open","ping_status":"closed","template":"","meta":{"_links_to":"","_links_to_target":""},"pwb-brand":[134],"product_brand":[],"product_cat":[126],"product_tag":[324,353,352,325,132,354],"class_list":{"0":"post-1511","1":"product","2":"type-product","3":"status-publish","4":"has-post-thumbnail","6":"pwb-brand-oshadhi","7":"product_cat-aetherische-oele","8":"product_tag-aetherisches-oel","9":"product_tag-foehre","10":"product_tag-kiefer","11":"product_tag-naturrein","12":"product_tag-oshadhi","13":"product_tag-waldkiefer","14":"pa_herkunft-frankreich","15":"pa_inhalt-5-ml","16":"pa_qualitaet-100-naturreines-aetherisches-oel-kontrolliert-biologisch","18":"first","19":"instock","20":"taxable","21":"shipping-taxable","22":"purchasable","23":"product-type-simple"},"blog_post_layout_featured_media_urls":{"thumbnail":["https:\/\/www.lebens-qi.at\/qishop\/wp-content\/uploads\/1475_Kiefer_Foehre_Waldkiefer-150x150.webp",150,150,true],"full":["https:\/\/www.lebens-qi.at\/qishop\/wp-content\/uploads\/1475_Kiefer_Foehre_Waldkiefer.webp",600,600,false]},"categories":["134"],"categories_names":{"134":{"name":"Oshadhi","link":"https:\/\/www.lebens-qi.at\/qishop\/brand\/oshadhi\/"}},"comments_number":"0","brands":[{"id":134,"name":"Oshadhi","slug":"oshadhi"}],"_links":{"self":[{"href":"https:\/\/www.lebens-qi.at\/qishop\/wp-json\/wp\/v2\/product\/1511","targetHints":{"allow":["GET"]}}],"collection":[{"href":"https:\/\/www.lebens-qi.at\/qishop\/wp-json\/wp\/v2\/product"}],"about":[{"href":"https:\/\/www.lebens-qi.at\/qishop\/wp-json\/wp\/v2\/types\/product"}],"replies":[{"embeddable":true,"href":"https:\/\/www.lebens-qi.at\/qishop\/wp-json\/wp\/v2\/comments?post=1511"}],"wp:featuredmedia":[{"embeddable":true,"href":"https:\/\/www.lebens-qi.at\/qishop\/wp-json\/wp\/v2\/media\/11960"}],"wp:attachment":[{"href":"https:\/\/www.lebens-qi.at\/qishop\/wp-json\/wp\/v2\/media?parent=1511"}],"wp:term":[{"taxonomy":"pwb-brand","embeddable":true,"href":"https:\/\/www.lebens-qi.at\/qishop\/wp-json\/wp\/v2\/pwb-brand?post=1511"},{"taxonomy":"product_brand","embeddable":true,"href":"https:\/\/www.lebens-qi.at\/qishop\/wp-json\/wp\/v2\/product_brand?post=1511"},{"taxonomy":"product_cat","embeddable":true,"href":"https:\/\/www.lebens-qi.at\/qishop\/wp-json\/wp\/v2\/product_cat?post=1511"},{"taxonomy":"product_tag","embeddable":true,"href":"https:\/\/www.lebens-qi.at\/qishop\/wp-json\/wp\/v2\/product_tag?post=1511"}],"curies":[{"name":"wp","href":"https:\/\/api.w.org\/{rel}","templated":true}]}}