{"id":1519,"date":"2024-02-17T11:41:46","date_gmt":"2024-02-17T10:41:46","guid":{"rendered":"https:\/\/www.lebens-qi.at\/qishop\/produkt\/ingwer-bio-aetherisches-oel\/"},"modified":"2025-07-15T10:26:48","modified_gmt":"2025-07-15T08:26:48","slug":"ingwer-bio-aetherisches-oel","status":"publish","type":"product","link":"https:\/\/www.lebens-qi.at\/qishop\/produkt\/ingwer-bio-aetherisches-oel\/","title":{"rendered":"Ingwer bio &#8211; \u00c4therisches \u00d6l"},"content":{"rendered":"<p><b>Ingwer bio (Ingwer\u00f6l)<br \/>\n<\/b>Botanischer Name: Zingiber officinalis<\/p>\n<ul>\n<li><b>Herkunftsland<\/b>: Sri Lanka<\/li>\n<li><b>Qualit\u00e4t<\/b>: 100% naturreines \u00e4therisches \u00d6l aus Destillation<\/li>\n<li><b>Pflanzenteil<\/b>: Rhizom<\/li>\n<li><b>Anbau<\/b>: kontrolliert biologisch<\/li>\n<li><b>Zertifizierung<\/b>: DE-\u00d6KO-007<\/li>\n<li><b>Eignung als<\/b>: Nat\u00fcrlicher Aromastoff, f\u00fcr Lebensmittel, begrenzte Verwendung.<\/li>\n<li><b>Hauptchemotypen<\/b>: alpha-Zingiberene, ar-Curcumene, beta-Sesquiphellandrene, Bisabolene<\/li>\n<li><b>INCI<\/b>: Zingiber officinalis Root Oil<\/li>\n<\/ul>\n<p>F\u00fcllmenge: 5 ml<\/p>\n","protected":false},"excerpt":{"rendered":"<p>exotisch, feurig, w\u00fcrzig<\/p>\n","protected":false},"featured_media":11953,"comment_status":"open","ping_status":"closed","template":"","meta":{"_links_to":"","_links_to_target":""},"pwb-brand":[134],"product_brand":[],"product_cat":[126],"product_tag":[324,335,325,132],"class_list":{"0":"post-1519","1":"product","2":"type-product","3":"status-publish","4":"has-post-thumbnail","6":"pwb-brand-oshadhi","7":"product_cat-aetherische-oele","8":"product_tag-aetherisches-oel","9":"product_tag-ingwer","10":"product_tag-naturrein","11":"product_tag-oshadhi","12":"pa_herkunft-sri-lanka","13":"pa_inhalt-5-ml","14":"pa_qualitaet-100-naturreines-aetherisches-oel-kontrolliert-biologisch","16":"first","17":"instock","18":"taxable","19":"shipping-taxable","20":"purchasable","21":"product-type-simple"},"blog_post_layout_featured_media_urls":{"thumbnail":["https:\/\/www.lebens-qi.at\/qishop\/wp-content\/uploads\/Ingwer_bio_02-150x150.webp",150,150,true],"full":["https:\/\/www.lebens-qi.at\/qishop\/wp-content\/uploads\/Ingwer_bio_02.webp",600,600,false]},"categories":["134"],"categories_names":{"134":{"name":"Oshadhi","link":"https:\/\/www.lebens-qi.at\/qishop\/brand\/oshadhi\/"}},"comments_number":"0","brands":[{"id":134,"name":"Oshadhi","slug":"oshadhi"}],"_links":{"self":[{"href":"https:\/\/www.lebens-qi.at\/qishop\/wp-json\/wp\/v2\/product\/1519","targetHints":{"allow":["GET"]}}],"collection":[{"href":"https:\/\/www.lebens-qi.at\/qishop\/wp-json\/wp\/v2\/product"}],"about":[{"href":"https:\/\/www.lebens-qi.at\/qishop\/wp-json\/wp\/v2\/types\/product"}],"replies":[{"embeddable":true,"href":"https:\/\/www.lebens-qi.at\/qishop\/wp-json\/wp\/v2\/comments?post=1519"}],"wp:featuredmedia":[{"embeddable":true,"href":"https:\/\/www.lebens-qi.at\/qishop\/wp-json\/wp\/v2\/media\/11953"}],"wp:attachment":[{"href":"https:\/\/www.lebens-qi.at\/qishop\/wp-json\/wp\/v2\/media?parent=1519"}],"wp:term":[{"taxonomy":"pwb-brand","embeddable":true,"href":"https:\/\/www.lebens-qi.at\/qishop\/wp-json\/wp\/v2\/pwb-brand?post=1519"},{"taxonomy":"product_brand","embeddable":true,"href":"https:\/\/www.lebens-qi.at\/qishop\/wp-json\/wp\/v2\/product_brand?post=1519"},{"taxonomy":"product_cat","embeddable":true,"href":"https:\/\/www.lebens-qi.at\/qishop\/wp-json\/wp\/v2\/product_cat?post=1519"},{"taxonomy":"product_tag","embeddable":true,"href":"https:\/\/www.lebens-qi.at\/qishop\/wp-json\/wp\/v2\/product_tag?post=1519"}],"curies":[{"name":"wp","href":"https:\/\/api.w.org\/{rel}","templated":true}]}}