{"id":15615,"date":"2025-06-11T16:38:54","date_gmt":"2025-06-11T14:38:54","guid":{"rendered":"https:\/\/www.lebens-qi.at\/qishop\/?post_type=product&#038;p=15615"},"modified":"2025-06-11T17:12:19","modified_gmt":"2025-06-11T15:12:19","slug":"tansanit-rohsteinanhaenger","status":"publish","type":"product","link":"https:\/\/www.lebens-qi.at\/qishop\/produkt\/tansanit-rohsteinanhaenger\/","title":{"rendered":"Tansanit Rohsteinanh\u00e4nger"},"content":{"rendered":"<p><b>Echter Tansanit Edelsteinanh\u00e4nger <\/b><br \/>\nRohstein mit Edelstahl\u00f6se. Bei diesen Anh\u00e4ngern handelt es sich um echten Tansaniten, ungeschliffen, unbehandelt. Herkunft des Steins ist Mererani \/ Arusha in Tansania. <strong>Tansanit<\/strong> ist die \u00e4u\u00dferst seltene <strong>blaue Variet\u00e4t von Zoisit<\/strong>. Der Anh\u00e4nger selbst wurde im LEBENS-QI angefertigt.<\/p>\n<p>Farbe: hellblau<br \/>\nChakrazuordnung: Stirnchakra<br \/>\nThemen: Hellsichtigkeit, Mentalkraft<br \/>\nGr\u00f6\u00dfe: je nach Auswahl, ca. 1 bis 2,5 cm (ohne \u00d6se)<\/p>\n<p><em>Hinweis: Symbolfoto \u2013 Abweichungen in Gr\u00f6\u00dfe, Farbe und Form sind bei nat\u00fcrlichen Steinen normal.<br \/>\nLieferumfang: 1 Anh\u00e4nger ohne Band\/Kette<\/em><\/p>\n","protected":false},"excerpt":{"rendered":"<p>Stein der Hellsichtigkeit<\/p>\n","protected":false},"featured_media":15619,"comment_status":"open","ping_status":"closed","template":"","meta":{"_links_to":"","_links_to_target":""},"pwb-brand":[114],"product_brand":[],"product_cat":[1739,1740],"product_tag":[117,2922,1732,2375,2920,1937,2921],"class_list":{"0":"post-15615","1":"product","2":"type-product","3":"status-publish","4":"has-post-thumbnail","6":"pwb-brand-lebens-qi-kraft-der-steine","7":"product_cat-andere-steinanhaenger","8":"product_cat-andere-steinanhaenger-steinschmuck-schmuck-mit-wirkung","9":"product_tag-anhaenger","10":"product_tag-hellsichtgkeit","11":"product_tag-rohstein","12":"product_tag-steinanhaenger","13":"product_tag-tansanit","14":"product_tag-wahrnehmung","15":"product_tag-zoisit","17":"first","18":"instock","19":"taxable","20":"shipping-taxable","21":"purchasable","22":"product-type-variable"},"blog_post_layout_featured_media_urls":{"thumbnail":["https:\/\/www.lebens-qi.at\/qishop\/wp-content\/uploads\/tansanit-150x150.png",150,150,true],"full":["https:\/\/www.lebens-qi.at\/qishop\/wp-content\/uploads\/tansanit.png",800,800,false]},"categories":["114"],"categories_names":{"114":{"name":"Lebens-Qi Kraft der Steine","link":"https:\/\/www.lebens-qi.at\/qishop\/brand\/lebens-qi-kraft-der-steine\/"}},"comments_number":"0","brands":[{"id":114,"name":"Lebens-Qi Kraft der Steine","slug":"lebens-qi-kraft-der-steine"}],"_links":{"self":[{"href":"https:\/\/www.lebens-qi.at\/qishop\/wp-json\/wp\/v2\/product\/15615","targetHints":{"allow":["GET"]}}],"collection":[{"href":"https:\/\/www.lebens-qi.at\/qishop\/wp-json\/wp\/v2\/product"}],"about":[{"href":"https:\/\/www.lebens-qi.at\/qishop\/wp-json\/wp\/v2\/types\/product"}],"replies":[{"embeddable":true,"href":"https:\/\/www.lebens-qi.at\/qishop\/wp-json\/wp\/v2\/comments?post=15615"}],"wp:featuredmedia":[{"embeddable":true,"href":"https:\/\/www.lebens-qi.at\/qishop\/wp-json\/wp\/v2\/media\/15619"}],"wp:attachment":[{"href":"https:\/\/www.lebens-qi.at\/qishop\/wp-json\/wp\/v2\/media?parent=15615"}],"wp:term":[{"taxonomy":"pwb-brand","embeddable":true,"href":"https:\/\/www.lebens-qi.at\/qishop\/wp-json\/wp\/v2\/pwb-brand?post=15615"},{"taxonomy":"product_brand","embeddable":true,"href":"https:\/\/www.lebens-qi.at\/qishop\/wp-json\/wp\/v2\/product_brand?post=15615"},{"taxonomy":"product_cat","embeddable":true,"href":"https:\/\/www.lebens-qi.at\/qishop\/wp-json\/wp\/v2\/product_cat?post=15615"},{"taxonomy":"product_tag","embeddable":true,"href":"https:\/\/www.lebens-qi.at\/qishop\/wp-json\/wp\/v2\/product_tag?post=15615"}],"curies":[{"name":"wp","href":"https:\/\/api.w.org\/{rel}","templated":true}]}}