{"id":15624,"date":"2025-06-11T17:31:31","date_gmt":"2025-06-11T15:31:31","guid":{"rendered":"https:\/\/www.lebens-qi.at\/qishop\/?post_type=product&#038;p=15624"},"modified":"2025-06-11T17:48:14","modified_gmt":"2025-06-11T15:48:14","slug":"das-arbeitsbuch-zum-tarot","status":"publish","type":"product","link":"https:\/\/www.lebens-qi.at\/qishop\/produkt\/das-arbeitsbuch-zum-tarot\/","title":{"rendered":"Das Arbeitsbuch zum Tarot"},"content":{"rendered":"<p><b>Das Arbeitsbuch zum Tarot<\/b><br \/>\n<em>von Hajo Banzhaf<br \/>\n<\/em><\/p>\n<p>Das Arbeitsbuch zum Tarot l\u00e4\u00dft sich auf vielerlei Weise gebrauchen:<\/p>\n<p>\u2022 als Lehrbuch zum Tarot, das den praktischen Einstieg ohne theoretische Vorkenntnisse weist<br \/>\n\u2022 als Orakelbuch, das bildverschl\u00fcsselte Antworten auf pers\u00f6nliche Fragen gibt<br \/>\n\u2022 als Praxisbuch, das f\u00fcr alle 78 Tarotkarten die allgemeine Alltagsbedeutung und die speziellen Aussagen f\u00fcr die Bereiche Beruf, Beziehung und Bewu\u00dftsein erl\u00e4utert<br \/>\n\u2022 als Nachschlagebuch, das die unterschiedliche Bedeutung der 78 Karten f\u00fcr alle 7 Pl\u00e4tze des Spiels &#8222;Der Weg&#8220; erl\u00e4utert<br \/>\n\u2022 als Arbeitsbuch, das dem Leser gen\u00fcgend Raum f\u00fcr seine eigenen Erfahrungen l\u00e4\u00dft.<\/p>\n<p>Der Fragende wird nicht mit einer mehr oder minder zwangsl\u00e4ufigen Entwicklung konfrontiert. Ihm werden gangbare Wege aufgezeigt, ihm wird &#8211; anhand acht verschiedener Legesysteme &#8211; deutlich gemacht, wie er sich im Hinblick auf das Fragethema bislang verhalten hat, was er statt dessen tun soll und womit er dabei rechnen darf und mu\u00df. F\u00fcr den Fortgeschrittenen sind vor allem die Alltagsbetrachtungen bereichernd, mit denen die 78 Karten in den verschiedenen Erfahrungsbereichen beschrieben werden. Dar\u00fcber hinaus schaffen die jeweiligen mythologischen Bilder, die astrologischen Zuordnungen und I Ging-Entsprechungen einen gr\u00f6\u00dferen Gesichtskreis.<\/p>\n<p>&nbsp;<\/p>\n","protected":false},"excerpt":{"rendered":"<p>Lehrbuch, Orakelbuch, Praxisbuch<\/p>\n","protected":false},"featured_media":15625,"comment_status":"open","ping_status":"closed","template":"","meta":{"_links_to":"","_links_to_target":""},"pwb-brand":[1528],"product_brand":[],"product_cat":[824],"product_tag":[580,2362,2923,1426,889],"class_list":{"0":"post-15624","1":"product","2":"type-product","3":"status-publish","4":"has-post-thumbnail","6":"pwb-brand-kailash","7":"product_cat-kartenlegen","8":"product_tag-buch","9":"product_tag-deutung","10":"product_tag-hajo-banzhaf","11":"product_tag-kartenlegen","12":"product_tag-tarot","14":"first","15":"instock","16":"taxable","17":"shipping-taxable","18":"purchasable","19":"product-type-simple"},"blog_post_layout_featured_media_urls":{"thumbnail":["https:\/\/www.lebens-qi.at\/qishop\/wp-content\/uploads\/9783720524247-tarot-150x150.jpg",150,150,true],"full":["https:\/\/www.lebens-qi.at\/qishop\/wp-content\/uploads\/9783720524247-tarot.jpg",648,648,false]},"categories":["1528"],"categories_names":{"1528":{"name":"Kailash","link":"https:\/\/www.lebens-qi.at\/qishop\/brand\/kailash\/"}},"comments_number":"0","brands":[{"id":1528,"name":"Kailash","slug":"kailash"}],"_links":{"self":[{"href":"https:\/\/www.lebens-qi.at\/qishop\/wp-json\/wp\/v2\/product\/15624","targetHints":{"allow":["GET"]}}],"collection":[{"href":"https:\/\/www.lebens-qi.at\/qishop\/wp-json\/wp\/v2\/product"}],"about":[{"href":"https:\/\/www.lebens-qi.at\/qishop\/wp-json\/wp\/v2\/types\/product"}],"replies":[{"embeddable":true,"href":"https:\/\/www.lebens-qi.at\/qishop\/wp-json\/wp\/v2\/comments?post=15624"}],"wp:featuredmedia":[{"embeddable":true,"href":"https:\/\/www.lebens-qi.at\/qishop\/wp-json\/wp\/v2\/media\/15625"}],"wp:attachment":[{"href":"https:\/\/www.lebens-qi.at\/qishop\/wp-json\/wp\/v2\/media?parent=15624"}],"wp:term":[{"taxonomy":"pwb-brand","embeddable":true,"href":"https:\/\/www.lebens-qi.at\/qishop\/wp-json\/wp\/v2\/pwb-brand?post=15624"},{"taxonomy":"product_brand","embeddable":true,"href":"https:\/\/www.lebens-qi.at\/qishop\/wp-json\/wp\/v2\/product_brand?post=15624"},{"taxonomy":"product_cat","embeddable":true,"href":"https:\/\/www.lebens-qi.at\/qishop\/wp-json\/wp\/v2\/product_cat?post=15624"},{"taxonomy":"product_tag","embeddable":true,"href":"https:\/\/www.lebens-qi.at\/qishop\/wp-json\/wp\/v2\/product_tag?post=15624"}],"curies":[{"name":"wp","href":"https:\/\/api.w.org\/{rel}","templated":true}]}}