{"id":15661,"date":"2025-06-17T14:22:58","date_gmt":"2025-06-17T12:22:58","guid":{"rendered":"https:\/\/www.lebens-qi.at\/qishop\/?post_type=product&#038;p=15661"},"modified":"2026-03-09T11:50:23","modified_gmt":"2026-03-09T10:50:23","slug":"natur-citrin-trommelstein","status":"publish","type":"product","link":"https:\/\/www.lebens-qi.at\/qishop\/produkt\/natur-citrin-trommelstein\/","title":{"rendered":"Citrin (natur) Trommelstein"},"content":{"rendered":"<p><b>Natur Citrin Trommelstein &#8211; kein gebrannter Amethyst, sondern echter Citrin!<\/b><br \/>\nFarbe: hellgelb bis goldbraun, durchsichtig<br \/>\nChakrazuordnung: Solarplexuschakra<br \/>\nThemen: Ausdruck, Lebensmut, Selbstsicherheit, Stimmungsaufhellung<br \/>\nSternzeichen: Zwilling, Jungfrau<\/p>\n<p>F\u00fcr die sog. Heilsteinwirkung lesen Sie bitte in entsprechenden B\u00fcchern nach. Aus rechtlichen Gr\u00fcnden d\u00fcrfen wir keine gesundheitlichen Aussagen treffen. <a href=\"https:\/\/www.lebens-qi.at\/qishop\/produkt-kategorie\/mehr\/buecher\/heilsteine\/\">Hier finden Sie unsere Auswahl an Steineb\u00fcchern.<\/a><\/p>\n<p>Gr\u00f6\u00dfe: je nach Auswahl ca. 2-3 cm oder 4-6 cm- bei Trommelsteinen kann diese jedoch nicht immer genau angegeben werden.<\/p>\n<p><em>Lieferumfang 1 St\u00fcck<\/em><\/p>\n","protected":false},"excerpt":{"rendered":"<p>Stein der Ausdrucksweise und Selbstsicherheit<\/p>\n","protected":false},"featured_media":15662,"comment_status":"open","ping_status":"closed","template":"","meta":{"_links_to":"","_links_to_target":""},"pwb-brand":[114],"product_brand":[],"product_cat":[755],"product_tag":[1977,1578,530,2926,756,527],"class_list":{"0":"post-15661","1":"product","2":"type-product","3":"status-publish","4":"has-post-thumbnail","6":"pwb-brand-lebens-qi-kraft-der-steine","7":"product_cat-trommelsteine","8":"product_tag-ausdruck","9":"product_tag-citrin","10":"product_tag-jungfrau","11":"product_tag-selbstsicherheit","12":"product_tag-trommelstein","13":"product_tag-zwilling","15":"first","16":"instock","17":"taxable","18":"shipping-taxable","19":"purchasable","20":"product-type-variable"},"blog_post_layout_featured_media_urls":{"thumbnail":["https:\/\/www.lebens-qi.at\/qishop\/wp-content\/uploads\/Natur-Citrin-150x150.png",150,150,true],"full":["https:\/\/www.lebens-qi.at\/qishop\/wp-content\/uploads\/Natur-Citrin.png",800,800,false]},"categories":["114"],"categories_names":{"114":{"name":"Lebens-Qi Kraft der Steine","link":"https:\/\/www.lebens-qi.at\/qishop\/brand\/lebens-qi-kraft-der-steine\/"}},"comments_number":"0","brands":[{"id":114,"name":"Lebens-Qi Kraft der Steine","slug":"lebens-qi-kraft-der-steine"}],"_links":{"self":[{"href":"https:\/\/www.lebens-qi.at\/qishop\/wp-json\/wp\/v2\/product\/15661","targetHints":{"allow":["GET"]}}],"collection":[{"href":"https:\/\/www.lebens-qi.at\/qishop\/wp-json\/wp\/v2\/product"}],"about":[{"href":"https:\/\/www.lebens-qi.at\/qishop\/wp-json\/wp\/v2\/types\/product"}],"replies":[{"embeddable":true,"href":"https:\/\/www.lebens-qi.at\/qishop\/wp-json\/wp\/v2\/comments?post=15661"}],"wp:featuredmedia":[{"embeddable":true,"href":"https:\/\/www.lebens-qi.at\/qishop\/wp-json\/wp\/v2\/media\/15662"}],"wp:attachment":[{"href":"https:\/\/www.lebens-qi.at\/qishop\/wp-json\/wp\/v2\/media?parent=15661"}],"wp:term":[{"taxonomy":"pwb-brand","embeddable":true,"href":"https:\/\/www.lebens-qi.at\/qishop\/wp-json\/wp\/v2\/pwb-brand?post=15661"},{"taxonomy":"product_brand","embeddable":true,"href":"https:\/\/www.lebens-qi.at\/qishop\/wp-json\/wp\/v2\/product_brand?post=15661"},{"taxonomy":"product_cat","embeddable":true,"href":"https:\/\/www.lebens-qi.at\/qishop\/wp-json\/wp\/v2\/product_cat?post=15661"},{"taxonomy":"product_tag","embeddable":true,"href":"https:\/\/www.lebens-qi.at\/qishop\/wp-json\/wp\/v2\/product_tag?post=15661"}],"curies":[{"name":"wp","href":"https:\/\/api.w.org\/{rel}","templated":true}]}}