{"id":15709,"date":"2025-06-26T11:18:12","date_gmt":"2025-06-26T09:18:12","guid":{"rendered":"https:\/\/www.lebens-qi.at\/qishop\/?post_type=product&#038;p=15709"},"modified":"2025-06-26T21:33:05","modified_gmt":"2025-06-26T19:33:05","slug":"tea4one-schutzengel","status":"publish","type":"product","link":"https:\/\/www.lebens-qi.at\/qishop\/produkt\/tea4one-schutzengel\/","title":{"rendered":"Tea4One &#8211; Schutzengel"},"content":{"rendered":"<p><b>Teekanne mit Teetasse f\u00fcr eine Person<\/b><\/p>\n<p><b>SCHUTZENGEL<\/b><\/p>\n<p>Ob als Gl\u00fccksbringer, f\u00fcrsorglicher Helfer oder liebevoller Beistand, der Schutzengel ist dein treuer Begleiter. Dieses sch\u00f6ne Tea-for-one Set aus feinem Porzellan zeigt einen niedlichen Schutzengel der ein Herz in seinen H\u00e4nden tr\u00e4gt. Das Tea-for-one Set, bestehend aus Kanne mit Deckel, Tasse und Unterteller ist ideal geeignet f\u00fcr eine Person.<\/p>\n<p>Material: Porzellan<br \/>\nInhalt: Kanne 0,3 l, Tasse 0,17 l<br \/>\nLieferumfang: 1 Kanne mit Deckel, Tasse, Untertasse<br \/>\nHinweis: sp\u00fclmaschinen-\/mikrowellenfest<\/p>\n","protected":false},"excerpt":{"rendered":"<p>Tee-Kanne &amp; Tasse mit Engerl<\/p>\n","protected":false},"featured_media":15710,"comment_status":"open","ping_status":"closed","template":"","meta":{"_links_to":"","_links_to_target":""},"pwb-brand":[437],"product_brand":[],"product_cat":[584,440],"product_tag":[545,1478,2650,544,2654,443,2649,1897],"class_list":{"0":"post-15709","1":"product","2":"type-product","3":"status-publish","4":"has-post-thumbnail","6":"pwb-brand-chacult","7":"product_cat-engel","8":"product_cat-tea4one","9":"product_tag-engel","10":"product_tag-herz","11":"product_tag-kanne","12":"product_tag-schutzengel","13":"product_tag-tea4one","14":"product_tag-tee","15":"product_tag-teekanne","16":"product_tag-teetasse","17":"pa_herkunft-china","19":"first","20":"instock","21":"taxable","22":"shipping-taxable","23":"purchasable","24":"product-type-simple"},"blog_post_layout_featured_media_urls":{"thumbnail":["https:\/\/www.lebens-qi.at\/qishop\/wp-content\/uploads\/30226-Tea-for-one-Set-Schutzengel--150x150.jpg",150,150,true],"full":["https:\/\/www.lebens-qi.at\/qishop\/wp-content\/uploads\/30226-Tea-for-one-Set-Schutzengel-.jpg",800,800,false]},"categories":["437"],"categories_names":{"437":{"name":"ChaCult","link":"https:\/\/www.lebens-qi.at\/qishop\/brand\/chacult\/"}},"comments_number":"0","brands":[{"id":437,"name":"ChaCult","slug":"chacult"}],"_links":{"self":[{"href":"https:\/\/www.lebens-qi.at\/qishop\/wp-json\/wp\/v2\/product\/15709","targetHints":{"allow":["GET"]}}],"collection":[{"href":"https:\/\/www.lebens-qi.at\/qishop\/wp-json\/wp\/v2\/product"}],"about":[{"href":"https:\/\/www.lebens-qi.at\/qishop\/wp-json\/wp\/v2\/types\/product"}],"replies":[{"embeddable":true,"href":"https:\/\/www.lebens-qi.at\/qishop\/wp-json\/wp\/v2\/comments?post=15709"}],"wp:featuredmedia":[{"embeddable":true,"href":"https:\/\/www.lebens-qi.at\/qishop\/wp-json\/wp\/v2\/media\/15710"}],"wp:attachment":[{"href":"https:\/\/www.lebens-qi.at\/qishop\/wp-json\/wp\/v2\/media?parent=15709"}],"wp:term":[{"taxonomy":"pwb-brand","embeddable":true,"href":"https:\/\/www.lebens-qi.at\/qishop\/wp-json\/wp\/v2\/pwb-brand?post=15709"},{"taxonomy":"product_brand","embeddable":true,"href":"https:\/\/www.lebens-qi.at\/qishop\/wp-json\/wp\/v2\/product_brand?post=15709"},{"taxonomy":"product_cat","embeddable":true,"href":"https:\/\/www.lebens-qi.at\/qishop\/wp-json\/wp\/v2\/product_cat?post=15709"},{"taxonomy":"product_tag","embeddable":true,"href":"https:\/\/www.lebens-qi.at\/qishop\/wp-json\/wp\/v2\/product_tag?post=15709"}],"curies":[{"name":"wp","href":"https:\/\/api.w.org\/{rel}","templated":true}]}}