{"id":15892,"date":"2025-07-02T16:03:12","date_gmt":"2025-07-02T14:03:12","guid":{"rendered":"https:\/\/www.lebens-qi.at\/qishop\/produkt\/red-panda-sits-on-a-branch-1000-teile-puzzle\/"},"modified":"2025-07-03T16:15:12","modified_gmt":"2025-07-03T14:15:12","slug":"red-panda-sits-on-a-branch-1000-teile-puzzle","status":"publish","type":"product","link":"https:\/\/www.lebens-qi.at\/qishop\/produkt\/red-panda-sits-on-a-branch-1000-teile-puzzle\/","title":{"rendered":"Red Panda sits on a Branch &#8211; 1000 Teile Puzzle"},"content":{"rendered":"<p><b>Tier-Puzzle mit dem Motiv \u201eRed Panda sits on a Branch\u201c\u00a0<\/b><\/p>\n<p>Der rote Pandab\u00e4r sitzt auf einem Ast und h\u00e4lt einen Zweig mit Bl\u00e4ttern.<\/p>\n<p>Teileanzahl: 1000 Teile<br \/>\nBildfl\u00e4che: 69.00 x 47.80 cm<br \/>\nVerpackung: Puzzlekarton<br \/>\nMaterial: Karton<br \/>\nAlter: Puzzle f\u00fcr Erwachsene<\/p>\n<p>Copyright: \u00a9 Kajenna Art \/ artlicensing.com<\/p>\n<p><em><b>Achtung! <\/b>Nicht f\u00fcr Kinder unter 3 Jahren geeignet!<\/em><\/p>\n","protected":false},"excerpt":{"rendered":"<p>Roter Panda sitzt auf einem Ast<\/p>\n","protected":false},"featured_media":16099,"comment_status":"open","ping_status":"closed","template":"","meta":{"_links_to":"","_links_to_target":""},"pwb-brand":[2385],"product_brand":[],"product_cat":[142],"product_tag":[2045,1110,2949,1085,141],"class_list":{"0":"post-15892","1":"product","2":"type-product","3":"status-publish","4":"has-post-thumbnail","6":"pwb-brand-alipson-puzzle","7":"product_cat-1000-teile","8":"product_tag-1000-teile","9":"product_tag-baer","10":"product_tag-kajenna-art","11":"product_tag-panda","12":"product_tag-puzzle","14":"first","15":"instock","16":"sold-individually","17":"taxable","18":"shipping-taxable","19":"purchasable","20":"product-type-simple"},"blog_post_layout_featured_media_urls":{"thumbnail":["https:\/\/www.lebens-qi.at\/qishop\/wp-content\/uploads\/alipson-puzzle-roter-panda-sitzt-auf-einem-ast-puzzle-1000-teile.99121-1.fs_-150x150.jpg",150,150,true],"full":["https:\/\/www.lebens-qi.at\/qishop\/wp-content\/uploads\/alipson-puzzle-roter-panda-sitzt-auf-einem-ast-puzzle-1000-teile.99121-1.fs_.jpg",1402,1402,false]},"categories":["2385"],"categories_names":{"2385":{"name":"Alipson Puzzle","link":"https:\/\/www.lebens-qi.at\/qishop\/brand\/alipson-puzzle\/"}},"comments_number":"0","brands":[{"id":2385,"name":"Alipson Puzzle","slug":"alipson-puzzle"}],"_links":{"self":[{"href":"https:\/\/www.lebens-qi.at\/qishop\/wp-json\/wp\/v2\/product\/15892","targetHints":{"allow":["GET"]}}],"collection":[{"href":"https:\/\/www.lebens-qi.at\/qishop\/wp-json\/wp\/v2\/product"}],"about":[{"href":"https:\/\/www.lebens-qi.at\/qishop\/wp-json\/wp\/v2\/types\/product"}],"replies":[{"embeddable":true,"href":"https:\/\/www.lebens-qi.at\/qishop\/wp-json\/wp\/v2\/comments?post=15892"}],"wp:featuredmedia":[{"embeddable":true,"href":"https:\/\/www.lebens-qi.at\/qishop\/wp-json\/wp\/v2\/media\/16099"}],"wp:attachment":[{"href":"https:\/\/www.lebens-qi.at\/qishop\/wp-json\/wp\/v2\/media?parent=15892"}],"wp:term":[{"taxonomy":"pwb-brand","embeddable":true,"href":"https:\/\/www.lebens-qi.at\/qishop\/wp-json\/wp\/v2\/pwb-brand?post=15892"},{"taxonomy":"product_brand","embeddable":true,"href":"https:\/\/www.lebens-qi.at\/qishop\/wp-json\/wp\/v2\/product_brand?post=15892"},{"taxonomy":"product_cat","embeddable":true,"href":"https:\/\/www.lebens-qi.at\/qishop\/wp-json\/wp\/v2\/product_cat?post=15892"},{"taxonomy":"product_tag","embeddable":true,"href":"https:\/\/www.lebens-qi.at\/qishop\/wp-json\/wp\/v2\/product_tag?post=15892"}],"curies":[{"name":"wp","href":"https:\/\/api.w.org\/{rel}","templated":true}]}}