{"id":16195,"date":"2025-07-04T17:37:48","date_gmt":"2025-07-04T15:37:48","guid":{"rendered":"https:\/\/www.lebens-qi.at\/qishop\/?post_type=product&#038;p=16195"},"modified":"2025-09-22T16:17:58","modified_gmt":"2025-09-22T14:17:58","slug":"mandala-meditationskissen","status":"publish","type":"product","link":"https:\/\/www.lebens-qi.at\/qishop\/produkt\/mandala-meditationskissen\/","title":{"rendered":"Mandala Meditationskissen"},"content":{"rendered":"<p>Yogi &amp; Yogini Meditationskissen mit Stickerei <b>Mandala<\/b><br \/>\nInnenkissen und Bezug aus Baumwolle, gef\u00fcllt mit nat\u00fcrlicher Buchweizenspreu.<\/p>\n<p><b>Mandala<\/b><br \/>\n<span class=\"BxUVEf ILfuVd\" lang=\"de\"><span class=\"hgKElc\">Sch\u00f6ne lotusartige Stickerei in gold, rot und rosa<\/span><\/span><\/p>\n<p><b>Verstell- und nachf\u00fcllbar<\/b><br \/>\n\u200bDie H\u00f6he des Meditationskissens kann durch Hinzuf\u00fcgen bzw. Herausnehmen von ein wenig Buchweizenspreuf\u00fcllung einfach angepasst werden. Die Buchweizenspreu im Meditationskissen setzt sich mit der Zeit etwas.<\/p>\n<p><b>Produktspezifikationen<\/b><br \/>\nBezug: Baumwolle mit Rei\u00dfverschluss an der Unterseite.Innenkissen: ungebleichte Baumwolle, mit einer Schnur geschlossen<\/p>\n<p>F\u00fcllung: gesiebte Buchweizenspreu von guter Qualit\u00e4t, ohne Stiele<\/p>\n<p><b>Farbe:<\/b> wei\u00df, dreifarbig bestickt<br \/>\n<b>Durchmesser: <\/b>33 cm<br \/>\n<b>H\u00f6he: <\/b>ca. 17 cm<\/p>\n<p>* Die Kissen k\u00f6nnen wegen unterschiedlicher Farbb\u00e4der geringe Farbunterschiede aufweisen.<\/p>\n","protected":false},"excerpt":{"rendered":"<p>bestickt mit Bezug aus Baumwolle<\/p>\n","protected":false},"featured_media":16197,"comment_status":"open","ping_status":"closed","template":"","meta":{"_links_to":"","_links_to_target":""},"pwb-brand":[922],"product_brand":[],"product_cat":[963],"product_tag":[749,831,964,969,966,967,158,965],"class_list":{"0":"post-16195","1":"product","2":"type-product","3":"status-publish","4":"has-post-thumbnail","6":"pwb-brand-yogi-yogini-meditation","7":"product_cat-meditationssitze","8":"product_tag-mandala","9":"product_tag-meditation","10":"product_tag-meditationskissen","11":"product_tag-polster","12":"product_tag-sitzkissen","13":"product_tag-sitzpolster","14":"product_tag-yoga","15":"product_tag-yogakissen","17":"first","18":"instock","19":"taxable","20":"shipping-taxable","21":"purchasable","22":"product-type-simple"},"blog_post_layout_featured_media_urls":{"thumbnail":["https:\/\/www.lebens-qi.at\/qishop\/wp-content\/uploads\/8333-meditationskissen-mandala-150x150.jpg",150,150,true],"full":["https:\/\/www.lebens-qi.at\/qishop\/wp-content\/uploads\/8333-meditationskissen-mandala.jpg",800,800,false]},"categories":["922"],"categories_names":{"922":{"name":"Yogi &amp; Yogini - Meditation","link":"https:\/\/www.lebens-qi.at\/qishop\/brand\/yogi-yogini-meditation\/"}},"comments_number":"0","brands":[{"id":922,"name":"Yogi &amp; Yogini - Meditation","slug":"yogi-yogini-meditation"}],"_links":{"self":[{"href":"https:\/\/www.lebens-qi.at\/qishop\/wp-json\/wp\/v2\/product\/16195","targetHints":{"allow":["GET"]}}],"collection":[{"href":"https:\/\/www.lebens-qi.at\/qishop\/wp-json\/wp\/v2\/product"}],"about":[{"href":"https:\/\/www.lebens-qi.at\/qishop\/wp-json\/wp\/v2\/types\/product"}],"replies":[{"embeddable":true,"href":"https:\/\/www.lebens-qi.at\/qishop\/wp-json\/wp\/v2\/comments?post=16195"}],"wp:featuredmedia":[{"embeddable":true,"href":"https:\/\/www.lebens-qi.at\/qishop\/wp-json\/wp\/v2\/media\/16197"}],"wp:attachment":[{"href":"https:\/\/www.lebens-qi.at\/qishop\/wp-json\/wp\/v2\/media?parent=16195"}],"wp:term":[{"taxonomy":"pwb-brand","embeddable":true,"href":"https:\/\/www.lebens-qi.at\/qishop\/wp-json\/wp\/v2\/pwb-brand?post=16195"},{"taxonomy":"product_brand","embeddable":true,"href":"https:\/\/www.lebens-qi.at\/qishop\/wp-json\/wp\/v2\/product_brand?post=16195"},{"taxonomy":"product_cat","embeddable":true,"href":"https:\/\/www.lebens-qi.at\/qishop\/wp-json\/wp\/v2\/product_cat?post=16195"},{"taxonomy":"product_tag","embeddable":true,"href":"https:\/\/www.lebens-qi.at\/qishop\/wp-json\/wp\/v2\/product_tag?post=16195"}],"curies":[{"name":"wp","href":"https:\/\/api.w.org\/{rel}","templated":true}]}}