{"id":16286,"date":"2025-07-15T10:50:55","date_gmt":"2025-07-15T08:50:55","guid":{"rendered":"https:\/\/www.lebens-qi.at\/qishop\/?post_type=product&#038;p=16286"},"modified":"2025-07-15T11:07:14","modified_gmt":"2025-07-15T09:07:14","slug":"1001-nacht-massageoel-bio","status":"publish","type":"product","link":"https:\/\/www.lebens-qi.at\/qishop\/produkt\/1001-nacht-massageoel-bio\/","title":{"rendered":"1001 Nacht Massage\u00f6l bio"},"content":{"rendered":"<p><strong>1001 Nacht Massage\u00f6l bio<\/strong><em><br \/>\n<\/em><\/p>\n<p><strong>Inhalt:<\/strong> 100 ml<\/p>\n<p><b>Herkunftsland<\/b>: Deutschland<br \/>\n<b>Qualit\u00e4t<\/b>: 100% naturreine \u00e4therische \u00d6le in Basis\u00f6len<br \/>\n<b>Zertifizierung<\/b>: Bio-Kosmetik Ayus<br \/>\n<b>INCI<\/b>: Helianthus annuus Seed Oil, Sesamum indicum Seed Oil, Olea europaea Fruit Oil, Argania spinosa Kernel Oil, Cocos nucifera Oil, Corylus avellana Seed Oil, Prunus amygdalus dulcis Oil, Pelargonium roseum Leaf Oil, Lavandula hybrida Oil, Coriandrum sativum Fruit Oil, Foeniculum vulgare dulce Fruit Oil, Cananga odorata Flower Oil, Jasminum grandiflorum Flower Extract, Ormenis multicaulis Flower Oil, Santalum album Wood Oil, Santalum spicata Wood Oil, Cymbopogon martinii Oil<\/p>\n<p><strong>Zeit zu zweit. Sanftes Licht. Angenehme D\u00fcfte und viel Sinnlichkeit \u2013 g\u00f6nne dir eine wohltuende Partnermassage mit dem 1001 Nacht Massage\u00f6l.<\/strong><\/p>\n<p>Die blumig-sinnliche Komposition aus Jasmin, Rosenbl\u00fcten, Rosengeranie und Ylang Ylang entfacht die Liebeslust und sorgt f\u00fcr sinnliches Vergn\u00fcgen. Hochwertige Pflanzen\u00f6le wie Sesam-, Sonnenblumen-, Mandel-, Oliven- und Argan\u00f6l pflegen die Haut besonders intensiv.<\/p>\n<h4>Anwendung<\/h4>\n<p>Gib einige Tropfen des Massage\u00f6ls auf die bereits gereinigte Haut und massiere es mit sanft-kreisenden Bewegungen ein.<\/p>\n<h4>Weitere Hinweise<\/h4>\n<p>Von Hitze und Sonnenlicht fernhalten. Nicht verwenden bei einer Allergie gegen N\u00fcsse, Mandeln oder Sesam. Nicht verwenden bei einer \u00dcberempfindlichkeit gegen Cumarin. Nicht f\u00fcr Kinder unter 3 Jahren geeignet. Enth\u00e4lt Eukalyptol und Kampfer. Kontakt mit Augen und Schleimh\u00e4uten vermeiden. Nach der Anwendung direkte Sonne und Solariumbesuche vermeiden.<\/p>\n<h4>Allergene<\/h4>\n<p>Isoeugenol, Coumarin, Benzyl Alkohol, Eugenol, Citral, Benzyl Benzoat, Limonene, Farnesol, Geraniol, Citronellol, Linalool<\/p>\n<p>&nbsp;<\/p>\n","protected":false},"excerpt":{"rendered":"<p>f\u00fcr ein sinnliches Vergn\u00fcgen<\/p>\n","protected":false},"featured_media":16287,"comment_status":"open","ping_status":"closed","template":"","meta":{"_links_to":"","_links_to_target":""},"pwb-brand":[134],"product_brand":[],"product_cat":[2233,2232],"product_tag":[855,240,2241,92,325,227,341,269],"class_list":{"0":"post-16286","1":"product","2":"type-product","3":"status-publish","4":"has-post-thumbnail","6":"pwb-brand-oshadhi","7":"product_cat-basis-massageoele-natuerliche-pflege","8":"product_cat-basis-massageoele","9":"product_tag-aromatherapie","10":"product_tag-jasmin","11":"product_tag-massageoel","12":"product_tag-naturkosmetik","13":"product_tag-naturrein","14":"product_tag-rose","15":"product_tag-rosengeranie","16":"product_tag-ylang-ylang","17":"pa_herkunft-deutschland","18":"pa_inhalt-100-ml","19":"pa_qualitaet-100-naturreine-aetherische-oele-in-basisoelen","21":"first","22":"instock","23":"taxable","24":"shipping-taxable","25":"purchasable","26":"product-type-simple"},"blog_post_layout_featured_media_urls":{"thumbnail":["https:\/\/www.lebens-qi.at\/qishop\/wp-content\/uploads\/1001-Nacht-Massageoel-Bio-150x150.png",150,150,true],"full":["https:\/\/www.lebens-qi.at\/qishop\/wp-content\/uploads\/1001-Nacht-Massageoel-Bio.png",400,400,false]},"categories":["134"],"categories_names":{"134":{"name":"Oshadhi","link":"https:\/\/www.lebens-qi.at\/qishop\/brand\/oshadhi\/"}},"comments_number":"0","brands":[{"id":134,"name":"Oshadhi","slug":"oshadhi"}],"_links":{"self":[{"href":"https:\/\/www.lebens-qi.at\/qishop\/wp-json\/wp\/v2\/product\/16286","targetHints":{"allow":["GET"]}}],"collection":[{"href":"https:\/\/www.lebens-qi.at\/qishop\/wp-json\/wp\/v2\/product"}],"about":[{"href":"https:\/\/www.lebens-qi.at\/qishop\/wp-json\/wp\/v2\/types\/product"}],"replies":[{"embeddable":true,"href":"https:\/\/www.lebens-qi.at\/qishop\/wp-json\/wp\/v2\/comments?post=16286"}],"wp:featuredmedia":[{"embeddable":true,"href":"https:\/\/www.lebens-qi.at\/qishop\/wp-json\/wp\/v2\/media\/16287"}],"wp:attachment":[{"href":"https:\/\/www.lebens-qi.at\/qishop\/wp-json\/wp\/v2\/media?parent=16286"}],"wp:term":[{"taxonomy":"pwb-brand","embeddable":true,"href":"https:\/\/www.lebens-qi.at\/qishop\/wp-json\/wp\/v2\/pwb-brand?post=16286"},{"taxonomy":"product_brand","embeddable":true,"href":"https:\/\/www.lebens-qi.at\/qishop\/wp-json\/wp\/v2\/product_brand?post=16286"},{"taxonomy":"product_cat","embeddable":true,"href":"https:\/\/www.lebens-qi.at\/qishop\/wp-json\/wp\/v2\/product_cat?post=16286"},{"taxonomy":"product_tag","embeddable":true,"href":"https:\/\/www.lebens-qi.at\/qishop\/wp-json\/wp\/v2\/product_tag?post=16286"}],"curies":[{"name":"wp","href":"https:\/\/api.w.org\/{rel}","templated":true}]}}