{"id":16290,"date":"2025-07-15T12:41:13","date_gmt":"2025-07-15T10:41:13","guid":{"rendered":"https:\/\/www.lebens-qi.at\/qishop\/?post_type=product&#038;p=16290"},"modified":"2025-07-15T12:48:57","modified_gmt":"2025-07-15T10:48:57","slug":"entspannung-calm-massageoel-bio","status":"publish","type":"product","link":"https:\/\/www.lebens-qi.at\/qishop\/produkt\/entspannung-calm-massageoel-bio\/","title":{"rendered":"Entspannung &#8211; Calm Massage\u00f6l bio"},"content":{"rendered":"<p><strong>Entspannung (Calm) Massage\u00f6l bio<\/strong><em><br \/>\n<\/em><\/p>\n<p><strong>Inhalt:<\/strong> 100 ml<\/p>\n<p><b>Herkunftsland<\/b>: Deutschland<br \/>\n<b>Qualit\u00e4t<\/b>: 100% naturreine \u00e4therische \u00d6le in Basis\u00f6len<br \/>\n<b>Zertifizierung<\/b>: Bio-Kosmetik Ayus<br \/>\n<b>INCI<\/b>: Helianthus annuus Seed Oil, Sesamum indicum Seed Oil, Olea europaea Fruit Oil, Argania spinosa Kernel Oil, Cocos nucifera Oil, Corylus avellana Seed Oil, Prunus amygdalus dulcis Oil, Dipterocarpus turbinatus Balsam Oil, Lavandula angustifolia Oil, Litsea cubeba Fruit Oil, Tsuga canadensis Leaf Oil, Cinnamomum camphora linalooliferum Wood Oil, Mentha citrata Herb Oil, Pseudotsuga menziesii Branch \/ Leaf Oil, Cananga odorata Flower Oil, Salvia sclarea Oil, Pelargonium roseum Leaf Oil, Eucalyptus globulus Leaf Oil<\/p>\n<p><strong>Einen hektischen und turbulenten Tag gehabt? Dann wird es h\u00f6chste Zeit f\u00fcr eine Massage\u2026<\/strong><\/p>\n<p>Die wohltuende Duftmischung aus Lavendel, Litsea und Ylang Ylang sorgt f\u00fcr die Extraportion Ruhe. Hochwertige Pflanzen\u00f6le wie Sesam-, Sonnenblumen-, Oliven-, und Argan\u00f6l pflegen die Haut besonders intensiv.<\/p>\n<h4>Anwendung<\/h4>\n<p>Gib einige Tropfen des Massage\u00f6ls auf die bereits gereinigte Haut und massiere es mit sanft-kreisenden Bewegungen ein.<\/p>\n<h4>Weitere Hinweise<\/h4>\n<p>Von Hitze und Sonnenlicht fernhalten. Nicht verwenden bei einer Allergie gegen N\u00fcsse, Mandeln oder Sesam. Nicht verwenden bei S\u00e4uglingen und Kleinkindern. Kontakt mit Augen und Schleimh\u00e4uten vermeiden.<\/p>\n<h4>Allergene<\/h4>\n<p>Eugenol, Isoeugenol, Citral, Geraniol, Farnesol, Linalool, Benzyl Benzoat, Citronellol, Limonene, Benzyl Alkohol, Benzyl Salicylate<\/p>\n<p>&nbsp;<\/p>\n","protected":false},"excerpt":{"rendered":"<p>f\u00fcr die Extra-Portion Ruhe<\/p>\n","protected":false},"featured_media":16291,"comment_status":"open","ping_status":"closed","template":"","meta":{"_links_to":"","_links_to_target":""},"pwb-brand":[134],"product_brand":[],"product_cat":[2232,2233],"product_tag":[855,225,422,2241,92,325,269],"class_list":{"0":"post-16290","1":"product","2":"type-product","3":"status-publish","4":"has-post-thumbnail","6":"pwb-brand-oshadhi","7":"product_cat-basis-massageoele","8":"product_cat-basis-massageoele-natuerliche-pflege","9":"product_tag-aromatherapie","10":"product_tag-lavendel","11":"product_tag-litsea","12":"product_tag-massageoel","13":"product_tag-naturkosmetik","14":"product_tag-naturrein","15":"product_tag-ylang-ylang","16":"pa_herkunft-deutschland","17":"pa_inhalt-100-ml","18":"pa_qualitaet-100-naturreine-aetherische-oele-in-basisoelen","20":"first","21":"instock","22":"taxable","23":"shipping-taxable","24":"purchasable","25":"product-type-simple"},"blog_post_layout_featured_media_urls":{"thumbnail":["https:\/\/www.lebens-qi.at\/qishop\/wp-content\/uploads\/Calm-Massageoel-Bio-150x150.png",150,150,true],"full":["https:\/\/www.lebens-qi.at\/qishop\/wp-content\/uploads\/Calm-Massageoel-Bio.png",400,400,false]},"categories":["134"],"categories_names":{"134":{"name":"Oshadhi","link":"https:\/\/www.lebens-qi.at\/qishop\/brand\/oshadhi\/"}},"comments_number":"0","brands":[{"id":134,"name":"Oshadhi","slug":"oshadhi"}],"_links":{"self":[{"href":"https:\/\/www.lebens-qi.at\/qishop\/wp-json\/wp\/v2\/product\/16290","targetHints":{"allow":["GET"]}}],"collection":[{"href":"https:\/\/www.lebens-qi.at\/qishop\/wp-json\/wp\/v2\/product"}],"about":[{"href":"https:\/\/www.lebens-qi.at\/qishop\/wp-json\/wp\/v2\/types\/product"}],"replies":[{"embeddable":true,"href":"https:\/\/www.lebens-qi.at\/qishop\/wp-json\/wp\/v2\/comments?post=16290"}],"wp:featuredmedia":[{"embeddable":true,"href":"https:\/\/www.lebens-qi.at\/qishop\/wp-json\/wp\/v2\/media\/16291"}],"wp:attachment":[{"href":"https:\/\/www.lebens-qi.at\/qishop\/wp-json\/wp\/v2\/media?parent=16290"}],"wp:term":[{"taxonomy":"pwb-brand","embeddable":true,"href":"https:\/\/www.lebens-qi.at\/qishop\/wp-json\/wp\/v2\/pwb-brand?post=16290"},{"taxonomy":"product_brand","embeddable":true,"href":"https:\/\/www.lebens-qi.at\/qishop\/wp-json\/wp\/v2\/product_brand?post=16290"},{"taxonomy":"product_cat","embeddable":true,"href":"https:\/\/www.lebens-qi.at\/qishop\/wp-json\/wp\/v2\/product_cat?post=16290"},{"taxonomy":"product_tag","embeddable":true,"href":"https:\/\/www.lebens-qi.at\/qishop\/wp-json\/wp\/v2\/product_tag?post=16290"}],"curies":[{"name":"wp","href":"https:\/\/api.w.org\/{rel}","templated":true}]}}