{"id":16302,"date":"2025-07-15T17:30:02","date_gmt":"2025-07-15T15:30:02","guid":{"rendered":"https:\/\/www.lebens-qi.at\/qishop\/?post_type=product&#038;p=16302"},"modified":"2025-07-15T18:42:03","modified_gmt":"2025-07-15T16:42:03","slug":"lavendelwasser-hochland-bio-hydrolat","status":"publish","type":"product","link":"https:\/\/www.lebens-qi.at\/qishop\/produkt\/lavendelwasser-hochland-bio-hydrolat\/","title":{"rendered":"Lavendelwasser Hochland bio &#8211; Hydrolat"},"content":{"rendered":"<p><b>Lavendelwasser bio<br \/>\n<\/b>Botanischer Name: Lavandula angustifolia<\/p>\n<ul>\n<li><b>Herkunftsland<\/b>: Frankreich<\/li>\n<li><b>Qualit\u00e4t<\/b>: 100% reines Hydrolat aus Destillation<\/li>\n<li><b>Pflanzenteil<\/b>: Bl\u00fcten\/Pflanzen<\/li>\n<li><b>Anbau<\/b>: kontrolliert biologisch<\/li>\n<li><b>Zertifizierung<\/b>: DE-\u00d6KO-007<\/li>\n<li><b>Eignung als<\/b>: Nat\u00fcrlicher Aromaextrakt zur Verwendung bei Hautpflege, Aromatherapie, Kulinarik<\/li>\n<li><b>INCI<\/b>: Lavandula angustifolia Flower Water<\/li>\n<\/ul>\n<p><strong>Inhalt:<\/strong> 100 ml<\/p>\n<p><strong>Bio Lavendelwasser \u2013 Sanfte Frische aus der Bergnatur<\/strong><\/p>\n<p>Das Lavendelwasser ist ein naturreines Pflanzenhydrolat, das bei der schonenden Wasserdampfdestillation von echtem Lavendel (Lavandula angustifolia) aus den H\u00f6henlagen der Provence entsteht. Es duftet zart blumig mit einem Hauch krautiger Frische, besonders sanft und ideal f\u00fcr die t\u00e4gliche Anwendung \u2013 von der Gesichtspflege bis zur Raumreinigung.<\/p>\n<h4>Anwendung<\/h4>\n<ul>\n<li>Als Bio-Rohstoff zur Herstellung von DIY-Gesichtswasser bei empfindlicher oder unreiner Haut oder ger\u00f6teter oder gestresster Haut nach dem Sonnenbad<\/li>\n<li>Als erfrischendes K\u00f6rperspray f\u00fcr hei\u00dfe Sommertage<\/li>\n<li>Zur dezenten Aromatisierung von Speisen und Getr\u00e4nken<\/li>\n<li>Zur energetischen Raumreinigung und in der Meditation<\/li>\n<\/ul>\n<h4>Eigenschaften<\/h4>\n<ul>\n<li>Duftnote: zart blumig mit krautiger Frische<\/li>\n<li>Hautberuhigend und regenerierend<\/li>\n<li>Wohltuend bei Spannungsgef\u00fchlen und Unruhe<\/li>\n<li>Feinstofflich sch\u00fctzend und zentrierend<\/li>\n<li>ist ohne Alkohol oder Konservierungsstoffe<\/li>\n<\/ul>\n<p><strong>Weitere Hinweise<\/strong><\/p>\n<p>Vor Hitze und Sonnenlicht sch\u00fctzen. Dieses Hydrolat ist naturbelassen. Eventuelles Flocken beeintr\u00e4chtigt nicht die Qualit\u00e4t. Um optimale Haltbarkeit zu gew\u00e4hrleisten, bitte Produkt unter 10\u00b0C lagern und nach dem \u00d6ffnen z\u00fcgig verbrauchen.<\/p>\n<p><b>Allergene<\/b><\/p>\n<p>Coumarin, Limonene, Geraniol, Linalool<\/p>\n<p>&nbsp;<\/p>\n","protected":false},"excerpt":{"rendered":"<p>von echtem Lavendel aus den H\u00f6henlagen der Provence<\/p>\n","protected":false},"featured_media":16304,"comment_status":"open","ping_status":"closed","template":"","meta":{"_links_to":"","_links_to_target":""},"pwb-brand":[134],"product_brand":[],"product_cat":[2962],"product_tag":[2242,2964,225,2965],"class_list":{"0":"post-16302","1":"product","2":"type-product","3":"status-publish","4":"has-post-thumbnail","6":"pwb-brand-oshadhi","7":"product_cat-hydrolate","8":"product_tag-diy","9":"product_tag-hydrolat","10":"product_tag-lavendel","11":"product_tag-pflanzenwasser","12":"pa_herkunft-frankreich","13":"pa_inhalt-100-ml","14":"pa_qualitaet-100-reines-hydrolat","16":"first","17":"instock","18":"taxable","19":"shipping-taxable","20":"purchasable","21":"product-type-simple"},"blog_post_layout_featured_media_urls":{"thumbnail":["https:\/\/www.lebens-qi.at\/qishop\/wp-content\/uploads\/Lavendelwasser-150x150.png",150,150,true],"full":["https:\/\/www.lebens-qi.at\/qishop\/wp-content\/uploads\/Lavendelwasser.png",460,460,false]},"categories":["134"],"categories_names":{"134":{"name":"Oshadhi","link":"https:\/\/www.lebens-qi.at\/qishop\/brand\/oshadhi\/"}},"comments_number":"0","brands":[{"id":134,"name":"Oshadhi","slug":"oshadhi"}],"_links":{"self":[{"href":"https:\/\/www.lebens-qi.at\/qishop\/wp-json\/wp\/v2\/product\/16302","targetHints":{"allow":["GET"]}}],"collection":[{"href":"https:\/\/www.lebens-qi.at\/qishop\/wp-json\/wp\/v2\/product"}],"about":[{"href":"https:\/\/www.lebens-qi.at\/qishop\/wp-json\/wp\/v2\/types\/product"}],"replies":[{"embeddable":true,"href":"https:\/\/www.lebens-qi.at\/qishop\/wp-json\/wp\/v2\/comments?post=16302"}],"wp:featuredmedia":[{"embeddable":true,"href":"https:\/\/www.lebens-qi.at\/qishop\/wp-json\/wp\/v2\/media\/16304"}],"wp:attachment":[{"href":"https:\/\/www.lebens-qi.at\/qishop\/wp-json\/wp\/v2\/media?parent=16302"}],"wp:term":[{"taxonomy":"pwb-brand","embeddable":true,"href":"https:\/\/www.lebens-qi.at\/qishop\/wp-json\/wp\/v2\/pwb-brand?post=16302"},{"taxonomy":"product_brand","embeddable":true,"href":"https:\/\/www.lebens-qi.at\/qishop\/wp-json\/wp\/v2\/product_brand?post=16302"},{"taxonomy":"product_cat","embeddable":true,"href":"https:\/\/www.lebens-qi.at\/qishop\/wp-json\/wp\/v2\/product_cat?post=16302"},{"taxonomy":"product_tag","embeddable":true,"href":"https:\/\/www.lebens-qi.at\/qishop\/wp-json\/wp\/v2\/product_tag?post=16302"}],"curies":[{"name":"wp","href":"https:\/\/api.w.org\/{rel}","templated":true}]}}