{"id":16327,"date":"2025-07-16T17:09:39","date_gmt":"2025-07-16T15:09:39","guid":{"rendered":"https:\/\/www.lebens-qi.at\/qishop\/?post_type=product&#038;p=16327"},"modified":"2025-07-17T11:18:37","modified_gmt":"2025-07-17T09:18:37","slug":"traubenkernoel-gruene-traube","status":"publish","type":"product","link":"https:\/\/www.lebens-qi.at\/qishop\/produkt\/traubenkernoel-gruene-traube\/","title":{"rendered":"Traubenkern\u00f6l &#8211; Gr\u00fcne Traube"},"content":{"rendered":"<p>Echtes Weinviertler<br \/>\n<b>TRAUBENKERN\u00d6L<\/b><br \/>\nvom Weingut Lachinger Prottes\/Nieder\u00f6sterreich<\/p>\n<p>Reich an Antioxidantien und Vitamin E &#8211; f\u00fcr Kulinarik und zur Hautpflege<\/p>\n<p>Inhalt: 100 ml<\/p>\n<p>Dieses kaltgepresste Traubenkern\u00f6l wird aus den Kernen vollreifer gr\u00fcner Wintrauben gewonnen. Es eignet sich hervorragend zum Anbraten von Steaks und zum Marinieren von Salaten. Au\u00dferdem ist es sehr hoch erhitzbar. Duft und Geschmack erinnern an Trauben, Maische und frischem Trester.<\/p>\n<p><em><strong>\u00dcber den Hersteller: Familie Lachinger Prottes<\/strong><\/em><\/p>\n<p><em>&#8222;Wein erleben!&#8220; Nach diesem Motto werden 10 ha Weinbau bewirtschaftet. Jedes neue Weinjahr ist eine Herausforderung, entsprechen der Betriebsphilosophie gebietstypische, aromareiche Weine auf hohem Niveau zu keltern.<\/em><\/p>\n","protected":false},"excerpt":{"rendered":"<p>k\u00f6stlich im Geschmack, pflegend f\u00fcr die Haut<\/p>\n","protected":false},"featured_media":16328,"comment_status":"open","ping_status":"closed","template":"","meta":{"_links_to":"","_links_to_target":""},"pwb-brand":[2967],"product_brand":[],"product_cat":[2232,2233,1760],"product_tag":[1893,1220,2971,2968,2969,1901],"class_list":{"0":"post-16327","1":"product","2":"type-product","3":"status-publish","4":"has-post-thumbnail","6":"pwb-brand-weingut-lachinger","7":"product_cat-basis-massageoele","8":"product_cat-basis-massageoele-natuerliche-pflege","9":"product_cat-marchfelder-genusseck","10":"product_tag-marchfeld","11":"product_tag-oesterreich","12":"product_tag-traubenkerne","13":"product_tag-traubenkernoel","14":"product_tag-weintraube","15":"product_tag-weinviertel","16":"pa_herkunft-oesterreich","18":"first","19":"instock","20":"taxable","21":"shipping-taxable","22":"purchasable","23":"product-type-simple"},"blog_post_layout_featured_media_urls":{"thumbnail":["https:\/\/www.lebens-qi.at\/qishop\/wp-content\/uploads\/traubenkernoel-150x150.png",150,150,true],"full":["https:\/\/www.lebens-qi.at\/qishop\/wp-content\/uploads\/traubenkernoel.png",800,800,false]},"categories":["2967"],"categories_names":{"2967":{"name":"Weingut Lachinger","link":"https:\/\/www.lebens-qi.at\/qishop\/brand\/weingut-lachinger\/"}},"comments_number":"0","brands":[{"id":2967,"name":"Weingut Lachinger","slug":"weingut-lachinger"}],"_links":{"self":[{"href":"https:\/\/www.lebens-qi.at\/qishop\/wp-json\/wp\/v2\/product\/16327","targetHints":{"allow":["GET"]}}],"collection":[{"href":"https:\/\/www.lebens-qi.at\/qishop\/wp-json\/wp\/v2\/product"}],"about":[{"href":"https:\/\/www.lebens-qi.at\/qishop\/wp-json\/wp\/v2\/types\/product"}],"replies":[{"embeddable":true,"href":"https:\/\/www.lebens-qi.at\/qishop\/wp-json\/wp\/v2\/comments?post=16327"}],"wp:featuredmedia":[{"embeddable":true,"href":"https:\/\/www.lebens-qi.at\/qishop\/wp-json\/wp\/v2\/media\/16328"}],"wp:attachment":[{"href":"https:\/\/www.lebens-qi.at\/qishop\/wp-json\/wp\/v2\/media?parent=16327"}],"wp:term":[{"taxonomy":"pwb-brand","embeddable":true,"href":"https:\/\/www.lebens-qi.at\/qishop\/wp-json\/wp\/v2\/pwb-brand?post=16327"},{"taxonomy":"product_brand","embeddable":true,"href":"https:\/\/www.lebens-qi.at\/qishop\/wp-json\/wp\/v2\/product_brand?post=16327"},{"taxonomy":"product_cat","embeddable":true,"href":"https:\/\/www.lebens-qi.at\/qishop\/wp-json\/wp\/v2\/product_cat?post=16327"},{"taxonomy":"product_tag","embeddable":true,"href":"https:\/\/www.lebens-qi.at\/qishop\/wp-json\/wp\/v2\/product_tag?post=16327"}],"curies":[{"name":"wp","href":"https:\/\/api.w.org\/{rel}","templated":true}]}}