{"id":16333,"date":"2025-07-17T11:26:08","date_gmt":"2025-07-17T09:26:08","guid":{"rendered":"https:\/\/www.lebens-qi.at\/qishop\/?post_type=product&#038;p=16333"},"modified":"2025-07-17T12:07:43","modified_gmt":"2025-07-17T10:07:43","slug":"verjus-pur","status":"publish","type":"product","link":"https:\/\/www.lebens-qi.at\/qishop\/produkt\/verjus-pur\/","title":{"rendered":"Verjus pur"},"content":{"rendered":"<p>Echter Weinviertler<br \/>\n<b>Verjus pur<\/b><br \/>\nvom Weingut Lachinger Prottes\/Nieder\u00f6sterreich<\/p>\n<p>HISTAMINFREI \u2022 ALKOHLFREI &#8211; zum Verfeinern von Speisen &amp; Getr\u00e4nken<\/p>\n<p>Inhalt: 500 ml<br \/>\nZutaten: Traubensaft und Antioxidationsmittel Ascorbins\u00e4ure<\/p>\n<p>Verjus gilt auch als die &#8222;Zitrone des Mittelalters&#8220;: S\u00e4urungs- und W\u00fcrzmittel aus dem Saft fr\u00fch geernteter Weintrauben. <strong>Milder als Essig, feiner als Zitrone.<\/strong> F\u00fcr Salatmarinaden, zum Beizen von Fleisch und Fisch, als Zitronenersatz f\u00fcr Ihr Erfrischungsgetr\u00e4nk oder im Tee. Sorgt f\u00fcr den besonderern Pfiff!<\/p>\n<p>Top auch einfach aufgepritzt mit Wasser: geschmacklich \u00e4hnlich einem Sommerspritzer, aber ohne Alkohol &#8211; eine wunderbare Alternative zum klassischen Soda-Zitrone<\/p>\n<p><em><strong>\u00dcber den Hersteller: Familie Lachinger Prottes<\/strong><\/em><\/p>\n<p><em>&#8222;Wein erleben!&#8220; Nach diesem Motto werden 10 ha Weinbau bewirtschaftet. Jedes neue Weinjahr ist eine Herausforderung, entsprechen der Betriebsphilosophie gebietstypische, aromareiche Weine auf hohem Niveau zu keltern.<\/em><\/p>\n","protected":false},"excerpt":{"rendered":"<p>histaminfreie, alkoholfreie Alternative zu Zitrone und Essig<\/p>\n","protected":false},"featured_media":16334,"comment_status":"open","ping_status":"closed","template":"","meta":{"_links_to":"","_links_to_target":""},"pwb-brand":[2967],"product_brand":[],"product_cat":[1760],"product_tag":[1893,1220,2972,2973,2969,1901],"class_list":{"0":"post-16333","1":"product","2":"type-product","3":"status-publish","4":"has-post-thumbnail","6":"pwb-brand-weingut-lachinger","7":"product_cat-marchfelder-genusseck","8":"product_tag-marchfeld","9":"product_tag-oesterreich","10":"product_tag-traubensaft","11":"product_tag-verjus","12":"product_tag-weintraube","13":"product_tag-weinviertel","14":"pa_herkunft-oesterreich","16":"first","17":"instock","18":"taxable","19":"shipping-taxable","20":"purchasable","21":"product-type-simple"},"blog_post_layout_featured_media_urls":{"thumbnail":["https:\/\/www.lebens-qi.at\/qishop\/wp-content\/uploads\/verjus-150x150.png",150,150,true],"full":["https:\/\/www.lebens-qi.at\/qishop\/wp-content\/uploads\/verjus.png",800,800,false]},"categories":["2967"],"categories_names":{"2967":{"name":"Weingut Lachinger","link":"https:\/\/www.lebens-qi.at\/qishop\/brand\/weingut-lachinger\/"}},"comments_number":"0","brands":[{"id":2967,"name":"Weingut Lachinger","slug":"weingut-lachinger"}],"_links":{"self":[{"href":"https:\/\/www.lebens-qi.at\/qishop\/wp-json\/wp\/v2\/product\/16333","targetHints":{"allow":["GET"]}}],"collection":[{"href":"https:\/\/www.lebens-qi.at\/qishop\/wp-json\/wp\/v2\/product"}],"about":[{"href":"https:\/\/www.lebens-qi.at\/qishop\/wp-json\/wp\/v2\/types\/product"}],"replies":[{"embeddable":true,"href":"https:\/\/www.lebens-qi.at\/qishop\/wp-json\/wp\/v2\/comments?post=16333"}],"wp:featuredmedia":[{"embeddable":true,"href":"https:\/\/www.lebens-qi.at\/qishop\/wp-json\/wp\/v2\/media\/16334"}],"wp:attachment":[{"href":"https:\/\/www.lebens-qi.at\/qishop\/wp-json\/wp\/v2\/media?parent=16333"}],"wp:term":[{"taxonomy":"pwb-brand","embeddable":true,"href":"https:\/\/www.lebens-qi.at\/qishop\/wp-json\/wp\/v2\/pwb-brand?post=16333"},{"taxonomy":"product_brand","embeddable":true,"href":"https:\/\/www.lebens-qi.at\/qishop\/wp-json\/wp\/v2\/product_brand?post=16333"},{"taxonomy":"product_cat","embeddable":true,"href":"https:\/\/www.lebens-qi.at\/qishop\/wp-json\/wp\/v2\/product_cat?post=16333"},{"taxonomy":"product_tag","embeddable":true,"href":"https:\/\/www.lebens-qi.at\/qishop\/wp-json\/wp\/v2\/product_tag?post=16333"}],"curies":[{"name":"wp","href":"https:\/\/api.w.org\/{rel}","templated":true}]}}