{"id":16530,"date":"2025-08-06T16:52:56","date_gmt":"2025-08-06T14:52:56","guid":{"rendered":"https:\/\/www.lebens-qi.at\/qishop\/?post_type=product&#038;p=16530"},"modified":"2025-08-13T12:42:42","modified_gmt":"2025-08-13T10:42:42","slug":"handgravierte-klangschale-om-mani-padme-hum-2","status":"publish","type":"product","link":"https:\/\/www.lebens-qi.at\/qishop\/produkt\/handgravierte-klangschale-om-mani-padme-hum-2\/","title":{"rendered":"Handgravierte Klangschale Om Mani Padme Hum"},"content":{"rendered":"<p><b>Gravierte Klangschale mit 12,5 cm Durchmesser und ca. 426 g, Handarbeit aus Nepal. Sie erhalten <strong>exakt diese Klangschale<\/strong>.<\/b><\/p>\n<p>Prachtvolle Klangschale mit graviertem Mantra &#8222;Om Mani Pad Me Hum&#8220; &#8211; dem Matra von Mitgef\u00fchl und Gnade. Sie hat einen reinen Klang mit vielen Obert\u00f6nen. Sowohl die Au\u00dfen-, als auch die Innenseite sind reich verziert.<\/p>\n<p>Symbol innen: Om Mani Padme Hum<br \/>\nSymbol au\u00dfen am Boden: tibetische Muschel &#8211; eines der 8 gl\u00fcckverhei\u00dfenden Symbole<br \/>\nSymbol au\u00dfen: Mantren &amp; 3x Agni (Feuer\/Flamme)<\/p>\n<p>Material: Metallmischung (Cu, Zn, Sn, Ag, Ni, Cd, Ru, Pd, Pt, Cr, Mn) <em><br \/>\nDiese Klangschale besteht aus einer Metallmischung, gr\u00f6\u00dftenteils aus Kupfer und Zinn (= Bronze). In der f\u00fcr diese Klangschalen verwendeten Legierung sind jedoch auch Spuren anderer Metalle enthalten, die zur Klangqualit\u00e4t beitragen.<\/em><\/p>\n<p>Bitte passendes Zubeh\u00f6r (Kl\u00f6ppel, Kissen, etc.) gleich mitbestellen!<\/p>\n<p><b>Original handgeschlagene und handgravierte Klangschale aus Nepal. Toller Klang und kunstvolle Verzierung!<br \/>\n<\/b><\/p>\n<p>Zwischenzeitlicher Verkauf vorbehalten. Wenn Sie diese Klangschale vor dem Kauf probieren m\u00f6chten: diese befindet sich aktuell an unserem <strong>Standort in G\u00e4nserndorf<\/strong>.<\/p>\n<p><strong>\u00dcber geh\u00e4mmerte Klangschalen:<\/strong> Geschlagene oder geh\u00e4mmerte Klangschalen sind vollst\u00e4ndig von Hand hergestellt. Jede einzelne Klangschale wurde sorgsam von Hand geh\u00e4mmert, was mehrere Arbeitsschritte erfordert. F\u00fcr die Herstellung werden zun\u00e4chst die verschiedenen Zusammensetzungen von Rohstoffmetallen (Kupfer, Zinn, Zink, Eisen, Blei, Gold und Silber) im Ofen geschmolzen, abh\u00e4ngig von den Manufakturanforderungen von Bronze Klangschalen oder Sieben-Metalle Klangschalen usw. Das hei\u00dfe, geschmolzene Metall wird aus dem Ofen genommen und in verschieden gro\u00dfe und schwere Becher- oder W\u00fcrfelformen gegossen. Dann werden die Metallformen in runde Metallbl\u00e4tter der erforderlichen Gr\u00f6\u00dfe und Dicke ausgewalzt. Anschlie\u00dfend werden die Bl\u00e4tter nach pr\u00e4zisen Messvorgaben von Hand geh\u00e4mmert oder geschlagen und nach Gewicht und Gr\u00f6\u00dfe kategorisiert. F\u00fcr den H\u00e4mmerprozess werden 4 bis 5 Metallbl\u00e4tter aufeinander gestapelt und dann bis zur Gluthitze aufgeheizt. Die rot gl\u00fchenden Metallbl\u00e4tter werden von einer Gruppe von Kunsthandwerkexperten geh\u00e4mmert bis die Hitze im Metall bleibt. Es folgen weitere Erhitzungen und H\u00e4mmern, um die Klangschale zu auszuformen. Das Erhitzen und Schlagen der gestapelten Metallbl\u00e4tter wird fortgesetzt bis die gew\u00fcnschte Form und Gr\u00f6\u00dfe aus dem Metallblatt entsteht. (Das ist der Grund f\u00fcr die Schwankungen in der Gr\u00f6\u00dfe der handgeh\u00e4mmerten Klangschalen). Nur wenn das Metallblatt rot gl\u00fcht kann es geh\u00e4mmert werden, k\u00fchlt es ab, verliert es seine Weichheit und Flexibilit\u00e4t, wird h\u00e4rter und bekommt Risse oder Br\u00fcche, wenn man es bearbeitet. Nach der Fertigstellung der gew\u00fcnschten Form, beginnt der individuelle Herstellungsprozess. W\u00e4hrend dieses Vorgangs wird jede Schale in die gleiche Form und Gr\u00f6\u00dfe gebracht, was wiederum Erhitzung bis zur Gluthitze erfordert.<\/p>\n<p>Nachdem Form und Gr\u00f6\u00dfe fertiggestellt sind, werden Feinheiten der Form ausgebessert. Abschlie\u00dfend werden die individuellen Klangschalen graviert und die Oberfl\u00e4che von Innen und Au\u00dfen gegl\u00e4ttet.<\/p>\n","protected":false},"excerpt":{"rendered":"<p>Original handgeschlagene Klangschale aus Nepal<\/p>\n","protected":false},"featured_media":16548,"comment_status":"open","ping_status":"closed","template":"","meta":{"_links_to":"","_links_to_target":""},"pwb-brand":[276],"product_brand":[],"product_cat":[974],"product_tag":[615,2536,976,975,831,1829,452,1187,2249,751,158],"class_list":{"0":"post-16530","1":"product","2":"type-product","3":"status-publish","4":"has-post-thumbnail","6":"pwb-brand-mani-bhadra-phoenix-import","7":"product_cat-klangschalen","8":"product_tag-8-glueckssymbole","9":"product_tag-graviert","10":"product_tag-handgehaemmert","11":"product_tag-klangschale","12":"product_tag-meditation","13":"product_tag-muschel","14":"product_tag-nepal","15":"product_tag-om-mani-padme-hum","16":"product_tag-standort-gaenserndorf","17":"product_tag-unikat","18":"product_tag-yoga","20":"first","21":"instock","22":"taxable","23":"shipping-taxable","24":"purchasable","25":"product-type-simple"},"blog_post_layout_featured_media_urls":{"thumbnail":["https:\/\/www.lebens-qi.at\/qishop\/wp-content\/uploads\/1207-152-klangschale-150x150.png",150,150,true],"full":["https:\/\/www.lebens-qi.at\/qishop\/wp-content\/uploads\/1207-152-klangschale.png",800,800,false]},"categories":["276"],"categories_names":{"276":{"name":"Mani Bhadra - Phoenix Import","link":"https:\/\/www.lebens-qi.at\/qishop\/brand\/mani-bhadra-phoenix-import\/"}},"comments_number":"0","brands":[{"id":276,"name":"Mani Bhadra - Phoenix Import","slug":"mani-bhadra-phoenix-import"}],"_links":{"self":[{"href":"https:\/\/www.lebens-qi.at\/qishop\/wp-json\/wp\/v2\/product\/16530","targetHints":{"allow":["GET"]}}],"collection":[{"href":"https:\/\/www.lebens-qi.at\/qishop\/wp-json\/wp\/v2\/product"}],"about":[{"href":"https:\/\/www.lebens-qi.at\/qishop\/wp-json\/wp\/v2\/types\/product"}],"replies":[{"embeddable":true,"href":"https:\/\/www.lebens-qi.at\/qishop\/wp-json\/wp\/v2\/comments?post=16530"}],"wp:featuredmedia":[{"embeddable":true,"href":"https:\/\/www.lebens-qi.at\/qishop\/wp-json\/wp\/v2\/media\/16548"}],"wp:attachment":[{"href":"https:\/\/www.lebens-qi.at\/qishop\/wp-json\/wp\/v2\/media?parent=16530"}],"wp:term":[{"taxonomy":"pwb-brand","embeddable":true,"href":"https:\/\/www.lebens-qi.at\/qishop\/wp-json\/wp\/v2\/pwb-brand?post=16530"},{"taxonomy":"product_brand","embeddable":true,"href":"https:\/\/www.lebens-qi.at\/qishop\/wp-json\/wp\/v2\/product_brand?post=16530"},{"taxonomy":"product_cat","embeddable":true,"href":"https:\/\/www.lebens-qi.at\/qishop\/wp-json\/wp\/v2\/product_cat?post=16530"},{"taxonomy":"product_tag","embeddable":true,"href":"https:\/\/www.lebens-qi.at\/qishop\/wp-json\/wp\/v2\/product_tag?post=16530"}],"curies":[{"name":"wp","href":"https:\/\/api.w.org\/{rel}","templated":true}]}}