{"id":16536,"date":"2025-08-08T18:25:07","date_gmt":"2025-08-08T16:25:07","guid":{"rendered":"https:\/\/www.lebens-qi.at\/qishop\/?post_type=product&#038;p=16536"},"modified":"2025-08-08T18:37:18","modified_gmt":"2025-08-08T16:37:18","slug":"das-tarot-der-hexenweisheit-karten","status":"publish","type":"product","link":"https:\/\/www.lebens-qi.at\/qishop\/produkt\/das-tarot-der-hexenweisheit-karten\/","title":{"rendered":"Das Tarot der Hexenweisheit &#8211; Karten"},"content":{"rendered":"<p><b>Karten: Das Tarot der Hexenweisheit<br \/>\n<\/b>78 Tarotkarten und Deutungsbuch<br \/>\n<em>von Phyllis Curott, Illustrationen von Danielle Barlow<\/em><\/p>\n<p><strong>Der intuitive Zugang zur verborgenen Weisheit unserer Seele<\/strong><\/p>\n<p>Die einzigartige Verbindung von moderner Hexenkunst, Schamanismus und den mystischen Kr\u00e4ften von Mutter Erde &#8211; dieses au\u00dfergew\u00f6hnliche Tarot schenkt allen spirituel Suchenden wertvolle Wegbegleitung und \u00fcberraschende Einsichten f\u00fcr das eigene Leben.<\/p>\n<p>Jede der 78 zauberhaft gestalteten Kaften verbindet uns mit m\u00e4chtigen Energien, l\u00e4sst uns die eigene magische Sch\u00f6pferkraft entfalten und er\u00f6ffnet neue Wege, um die Vergangenheit zu heilen, die Gegenwart zu deuten und die Zukunft bewusst zu gestalten. So werden die Karten zu Spiegeln unserer Seele, die uns zeigen, wie wir ein wahrhaft gl\u00fcckliches, erf\u00fclltes Leben gestalten k\u00f6nnen.<\/p>\n<p><strong>Das magische Tarot-Deck mit 78 Karten und ausf\u00fchrlichem Deutungsbuch.<\/strong><\/p>\n","protected":false},"excerpt":{"rendered":"<p>78 Tarotkarten und Deutungsbuch<\/p>\n","protected":false},"featured_media":16537,"comment_status":"open","ping_status":"closed","template":"","meta":{"_links_to":"","_links_to_target":""},"pwb-brand":[897],"product_brand":[],"product_cat":[892],"product_tag":[1150,1328,667,1159,863,2984,889,854],"class_list":{"0":"post-16536","1":"product","2":"type-product","3":"status-publish","4":"has-post-thumbnail","6":"pwb-brand-ansata","7":"product_cat-wahrsagekarten","8":"product_tag-hexen","9":"product_tag-hexenkunst","10":"product_tag-kartendeck","11":"product_tag-magie","12":"product_tag-orakel","13":"product_tag-phyllis-curott","14":"product_tag-tarot","15":"product_tag-weisheit","17":"first","18":"instock","19":"taxable","20":"shipping-taxable","21":"purchasable","22":"product-type-simple"},"blog_post_layout_featured_media_urls":{"thumbnail":["https:\/\/www.lebens-qi.at\/qishop\/wp-content\/uploads\/4250939400099-X-tarot-der-hexenweisheit-150x150.jpg",150,150,true],"full":["https:\/\/www.lebens-qi.at\/qishop\/wp-content\/uploads\/4250939400099-X-tarot-der-hexenweisheit.jpg",648,648,false]},"categories":["897"],"categories_names":{"897":{"name":"Ansata","link":"https:\/\/www.lebens-qi.at\/qishop\/brand\/ansata\/"}},"comments_number":"0","brands":[{"id":897,"name":"Ansata","slug":"ansata"}],"_links":{"self":[{"href":"https:\/\/www.lebens-qi.at\/qishop\/wp-json\/wp\/v2\/product\/16536","targetHints":{"allow":["GET"]}}],"collection":[{"href":"https:\/\/www.lebens-qi.at\/qishop\/wp-json\/wp\/v2\/product"}],"about":[{"href":"https:\/\/www.lebens-qi.at\/qishop\/wp-json\/wp\/v2\/types\/product"}],"replies":[{"embeddable":true,"href":"https:\/\/www.lebens-qi.at\/qishop\/wp-json\/wp\/v2\/comments?post=16536"}],"wp:featuredmedia":[{"embeddable":true,"href":"https:\/\/www.lebens-qi.at\/qishop\/wp-json\/wp\/v2\/media\/16537"}],"wp:attachment":[{"href":"https:\/\/www.lebens-qi.at\/qishop\/wp-json\/wp\/v2\/media?parent=16536"}],"wp:term":[{"taxonomy":"pwb-brand","embeddable":true,"href":"https:\/\/www.lebens-qi.at\/qishop\/wp-json\/wp\/v2\/pwb-brand?post=16536"},{"taxonomy":"product_brand","embeddable":true,"href":"https:\/\/www.lebens-qi.at\/qishop\/wp-json\/wp\/v2\/product_brand?post=16536"},{"taxonomy":"product_cat","embeddable":true,"href":"https:\/\/www.lebens-qi.at\/qishop\/wp-json\/wp\/v2\/product_cat?post=16536"},{"taxonomy":"product_tag","embeddable":true,"href":"https:\/\/www.lebens-qi.at\/qishop\/wp-json\/wp\/v2\/product_tag?post=16536"}],"curies":[{"name":"wp","href":"https:\/\/api.w.org\/{rel}","templated":true}]}}