{"id":16542,"date":"2025-08-11T19:57:59","date_gmt":"2025-08-11T17:57:59","guid":{"rendered":"https:\/\/www.lebens-qi.at\/qishop\/?post_type=product&#038;p=16542"},"modified":"2026-03-31T14:45:49","modified_gmt":"2026-03-31T12:45:49","slug":"lebensbaum-ohrringe-mit-herzfoermigen-gruenen-blaettern","status":"publish","type":"product","link":"https:\/\/www.lebens-qi.at\/qishop\/produkt\/lebensbaum-ohrringe-mit-herzfoermigen-gruenen-blaettern\/","title":{"rendered":"Lebensbaum Ohrringe mit herzf\u00f6rmigen gr\u00fcnen Bl\u00e4ttern"},"content":{"rendered":"<div class=\"content--description\">\n<div class=\"product--description\">\n<p><strong>Ohrringe <\/strong><strong>Lebensbaum\u00a0 mit kleinen herzf\u00f6rmigen gr\u00fcnen Bl\u00e4ttern<\/strong><\/p>\n<p>Die gr\u00fcnen Bl\u00e4tter des Yggdrasil sind in Herzform und symbolisieren die tiefe Verbundenheit von Mensch und Natur.<\/p>\n<p>Yggdrasil, der Weltenbaum, ist in der nordischen Mythologie ein Heiligtum, ein Mittler zwischen den verschiedenen Sph\u00e4ren der Existenz. Die Wurzeln stehen f\u00fcr die Unterwelt, der Stamm f\u00fcr unser Erdenreich und die \u00c4ste f\u00fcr die himmlischen Sph\u00e4ren. Er ist an keinen geographischen Ort gebunden, vielmehr wird gesagt, dass sich diese Energien \u00f6ffnen f\u00fcr jene, die tiefen Herzens ihren Ursprung suchen. In ihm bitten Weise um Heilung, Erkenntnis, Kraft und Schutz.<\/p>\n<p><em>Wird in h\u00fcbscher Geschenkbox geliefert.<\/em><\/p>\n<p>Ohrringe Lebensbaum &#8211; Yggdrasil<br \/>\n<b>Material:<\/b> Zinklegierung<br \/>\n<b>Farbe: <\/b>Silber&amp; Gr\u00fcn<br \/>\n<b>Gr\u00f6\u00dfe:<\/b> \u00f8 20 mm<\/p>\n<p>&nbsp;<\/p>\n<\/div>\n<\/div>\n","protected":false},"excerpt":{"rendered":"<p>Yggdrasil der Weltenbaum mit Herzbl\u00e4ttern<\/p>\n","protected":false},"featured_media":16544,"comment_status":"open","ping_status":"closed","template":"","meta":{"_links_to":"","_links_to_target":""},"pwb-brand":[307],"product_brand":[],"product_cat":[1746,1011],"product_tag":[312,1741,118,1954],"class_list":{"0":"post-16542","1":"product","2":"type-product","3":"status-publish","4":"has-post-thumbnail","6":"pwb-brand-berk","7":"product_cat-ohrschmuck","8":"product_cat-symbolschmuck","9":"product_tag-lebensbaum","10":"product_tag-ohrringe","11":"product_tag-schmuck","12":"product_tag-yggdrasil","14":"first","15":"instock","16":"taxable","17":"shipping-taxable","18":"purchasable","19":"product-type-simple"},"blog_post_layout_featured_media_urls":{"thumbnail":["https:\/\/www.lebens-qi.at\/qishop\/wp-content\/uploads\/lebensbaumohrringe-150x150.png",150,150,true],"full":["https:\/\/www.lebens-qi.at\/qishop\/wp-content\/uploads\/lebensbaumohrringe.png",800,800,false]},"categories":["307"],"categories_names":{"307":{"name":"Berk","link":"https:\/\/www.lebens-qi.at\/qishop\/brand\/berk\/"}},"comments_number":"0","brands":[{"id":307,"name":"Berk","slug":"berk"}],"_links":{"self":[{"href":"https:\/\/www.lebens-qi.at\/qishop\/wp-json\/wp\/v2\/product\/16542","targetHints":{"allow":["GET"]}}],"collection":[{"href":"https:\/\/www.lebens-qi.at\/qishop\/wp-json\/wp\/v2\/product"}],"about":[{"href":"https:\/\/www.lebens-qi.at\/qishop\/wp-json\/wp\/v2\/types\/product"}],"replies":[{"embeddable":true,"href":"https:\/\/www.lebens-qi.at\/qishop\/wp-json\/wp\/v2\/comments?post=16542"}],"wp:featuredmedia":[{"embeddable":true,"href":"https:\/\/www.lebens-qi.at\/qishop\/wp-json\/wp\/v2\/media\/16544"}],"wp:attachment":[{"href":"https:\/\/www.lebens-qi.at\/qishop\/wp-json\/wp\/v2\/media?parent=16542"}],"wp:term":[{"taxonomy":"pwb-brand","embeddable":true,"href":"https:\/\/www.lebens-qi.at\/qishop\/wp-json\/wp\/v2\/pwb-brand?post=16542"},{"taxonomy":"product_brand","embeddable":true,"href":"https:\/\/www.lebens-qi.at\/qishop\/wp-json\/wp\/v2\/product_brand?post=16542"},{"taxonomy":"product_cat","embeddable":true,"href":"https:\/\/www.lebens-qi.at\/qishop\/wp-json\/wp\/v2\/product_cat?post=16542"},{"taxonomy":"product_tag","embeddable":true,"href":"https:\/\/www.lebens-qi.at\/qishop\/wp-json\/wp\/v2\/product_tag?post=16542"}],"curies":[{"name":"wp","href":"https:\/\/api.w.org\/{rel}","templated":true}]}}