{"id":16588,"date":"2025-08-13T17:40:36","date_gmt":"2025-08-13T15:40:36","guid":{"rendered":"https:\/\/www.lebens-qi.at\/qishop\/?post_type=product&#038;p=16588"},"modified":"2025-08-14T11:32:11","modified_gmt":"2025-08-14T09:32:11","slug":"stein-armband-lucky-elephant","status":"publish","type":"product","link":"https:\/\/www.lebens-qi.at\/qishop\/produkt\/stein-armband-lucky-elephant\/","title":{"rendered":"Stein Armband &#8211; Lucky Elephant"},"content":{"rendered":"<p><b>Stein-Armband <\/b>aus ca. 8 mm gro\u00dfen Kugeln<\/p>\n<p><b>Mit den Steinen:<\/b><br \/>\n\u2022 Anhydrit (= Angelit)<br \/>\n\u2022 Picasso Marmor<br \/>\n\u2022 heller Fluorit<\/p>\n<p>mit einem kleinen Gl\u00fcckselefanten-Anh\u00e4nger<\/p>\n<p><b>Detailinformationen zum Armband:<\/b><br \/>\nEinzelanfertigung!<br \/>\nGr\u00f6\u00dfe: ca. 18 cm<br \/>\nohne Verschluss, elastisch<br \/>\nMaterial: Stein, nickelfreies Metall<br \/>\nVerpackung: edle schwarze Schmuckschachtel mit Lebens-Qi Logo<\/p>\n<p><em>Hergestellt mit viel Liebe f\u00fcr die Extra-Portion Freude im LEBENS-QI G\u00e4nserndorf<\/em><\/p>\n<p><b>Hinweis: <\/b>Es wird genau dieses Armband am Foto verschickt. Da wir auch ein Ladengesch\u00e4ft haben und es sich bei diesem St\u00fcck um ein Unikat handelt, ist ein zwischenzeitlicher Verkauf vorbehalten. Aktuell ist dieses Armband im Lebens-Qi G\u00e4nserndorf verf\u00fcgbar.<\/p>\n","protected":false},"excerpt":{"rendered":"<p>Unikat aus Anhydrit, Marmor &amp; Fluorit<\/p>\n","protected":false},"featured_media":16620,"comment_status":"closed","ping_status":"closed","template":"","meta":{"_links_to":"","_links_to_target":""},"pwb-brand":[114],"product_brand":[],"product_cat":[920,921,918,919],"product_tag":[1944,2731,1223,735,1590,572,2249,119,751],"class_list":{"0":"post-16588","1":"product","2":"type-product","3":"status-publish","4":"has-post-thumbnail","6":"pwb-brand-lebens-qi-kraft-der-steine","7":"product_cat-armbaender","8":"product_cat-armbaender-steinschmuck","9":"product_cat-unikate","10":"product_cat-unikate-steinschmuck","11":"product_tag-angelit","12":"product_tag-anhydrit","13":"product_tag-armband","14":"product_tag-elefant","15":"product_tag-fluorit","16":"product_tag-marmor","17":"product_tag-standort-gaenserndorf","18":"product_tag-steinschmuck","19":"product_tag-unikat","21":"first","22":"instock","23":"sold-individually","24":"taxable","25":"shipping-taxable","26":"purchasable","27":"product-type-simple"},"blog_post_layout_featured_media_urls":{"thumbnail":["https:\/\/www.lebens-qi.at\/qishop\/wp-content\/uploads\/armband-luckyelephant-150x150.png",150,150,true],"full":["https:\/\/www.lebens-qi.at\/qishop\/wp-content\/uploads\/armband-luckyelephant.png",800,800,false]},"categories":["114"],"categories_names":{"114":{"name":"Lebens-Qi Kraft der Steine","link":"https:\/\/www.lebens-qi.at\/qishop\/brand\/lebens-qi-kraft-der-steine\/"}},"comments_number":"0","brands":[{"id":114,"name":"Lebens-Qi Kraft der Steine","slug":"lebens-qi-kraft-der-steine"}],"_links":{"self":[{"href":"https:\/\/www.lebens-qi.at\/qishop\/wp-json\/wp\/v2\/product\/16588","targetHints":{"allow":["GET"]}}],"collection":[{"href":"https:\/\/www.lebens-qi.at\/qishop\/wp-json\/wp\/v2\/product"}],"about":[{"href":"https:\/\/www.lebens-qi.at\/qishop\/wp-json\/wp\/v2\/types\/product"}],"replies":[{"embeddable":true,"href":"https:\/\/www.lebens-qi.at\/qishop\/wp-json\/wp\/v2\/comments?post=16588"}],"wp:featuredmedia":[{"embeddable":true,"href":"https:\/\/www.lebens-qi.at\/qishop\/wp-json\/wp\/v2\/media\/16620"}],"wp:attachment":[{"href":"https:\/\/www.lebens-qi.at\/qishop\/wp-json\/wp\/v2\/media?parent=16588"}],"wp:term":[{"taxonomy":"pwb-brand","embeddable":true,"href":"https:\/\/www.lebens-qi.at\/qishop\/wp-json\/wp\/v2\/pwb-brand?post=16588"},{"taxonomy":"product_brand","embeddable":true,"href":"https:\/\/www.lebens-qi.at\/qishop\/wp-json\/wp\/v2\/product_brand?post=16588"},{"taxonomy":"product_cat","embeddable":true,"href":"https:\/\/www.lebens-qi.at\/qishop\/wp-json\/wp\/v2\/product_cat?post=16588"},{"taxonomy":"product_tag","embeddable":true,"href":"https:\/\/www.lebens-qi.at\/qishop\/wp-json\/wp\/v2\/product_tag?post=16588"}],"curies":[{"name":"wp","href":"https:\/\/api.w.org\/{rel}","templated":true}]}}