{"id":1671,"date":"2024-02-19T11:52:08","date_gmt":"2024-02-19T10:52:08","guid":{"rendered":"https:\/\/www.lebens-qi.at\/qishop\/produkt\/goldene-mitte-solarplexuschakra-tee\/"},"modified":"2025-05-08T11:34:22","modified_gmt":"2025-05-08T09:34:22","slug":"goldene-mitte-solarplexuschakra-tee","status":"publish","type":"product","link":"https:\/\/www.lebens-qi.at\/qishop\/produkt\/goldene-mitte-solarplexuschakra-tee\/","title":{"rendered":"Goldene Mitte &#8211; Solarplexuschakra Tee"},"content":{"rendered":"<p><b>Goldene Mitte<\/b><br \/>\nIngwer, Fenchel und Zimt<\/p>\n<p>Wir ben\u00f6tigen eine starke Verbindung zu unserer Mitte, denn es gibt Zeiten, in denen es schwer ist, die Orientierung zu behalten. Scharfer Ingwer, exotischer Zimt und milder Fenchel verweben sich in diesem Tee zu einem sanft schwingenden Ganzen, das um seine ruhende Mitte kreist. Folge dem Geschmack ins Zentrum deiner Kraft!<\/p>\n<p><b>Shoti Maa &#8211; 7 Chakren Tees<\/p>\n<p><\/b>Seit Jahrtausenden erforschen Yogis die Wirkung der Natur auf Seele und Geist. <b>Shoti Maa Tee<\/b> basiert auf traditionellem Wissen und Leidenschaft f\u00fcr hochwertigen Tee. Leckere Kr\u00e4uter- und Gew\u00fcrztees f\u00fcr jeden Tag zum erschwinglichen Preis.<br \/>\nDie feinen Mischungen sind in einzeln versiegelten Aufgussbeuteln ohne Metallklammer verpackt. Mit jedem Teebeutel gibt es eine ermunternde Lebensweisheit &#8211; <b>Genuss und die Weisheit des Yoga f\u00fcr jeden Moment.<\/p>\n<p>Inhalt:<\/b> 16 Teebeutel, 32 g<\/p>\n<p><b>Ayurvedische Kr\u00e4uter- und Gew\u00fcrzteemischung mit Ingwer, Fenchel &amp; Zimt<\/p>\n<p>Zutaten:<\/b> Ingwer* (35%), Fenchel* (25%), Zimt* (10%), Kakaoschalen*, Anis*, Kardamom*, Gelbwurz*, schwarzer Pfeffer*, Nelken*.<br \/>\n*=biologisch BIO nach EG-\u00d6k\u00f6-Verordnung<\/p>\n","protected":false},"excerpt":{"rendered":"<p>Ingwer, Fenchel &amp; Zimt &#8211; Ich will<\/p>\n","protected":false},"featured_media":14813,"comment_status":"closed","ping_status":"closed","template":"","meta":{"_links_to":"","_links_to_target":""},"pwb-brand":[432],"product_brand":[],"product_cat":[428],"product_tag":[445,446,444,443],"class_list":{"0":"post-1671","1":"product","2":"type-product","3":"status-publish","4":"has-post-thumbnail","6":"pwb-brand-shoti-maa","7":"product_cat-chakra-tee","8":"product_tag-chakratee","9":"product_tag-chakren","10":"product_tag-shoti-maa","11":"product_tag-tee","13":"first","14":"instock","15":"taxable","16":"shipping-taxable","17":"purchasable","18":"product-type-simple"},"blog_post_layout_featured_media_urls":{"thumbnail":["https:\/\/www.lebens-qi.at\/qishop\/wp-content\/uploads\/Goldene-Mitte-150x150.png",150,150,true],"full":["https:\/\/www.lebens-qi.at\/qishop\/wp-content\/uploads\/Goldene-Mitte.png",800,800,false]},"categories":["432"],"categories_names":{"432":{"name":"Shoti Maa","link":"https:\/\/www.lebens-qi.at\/qishop\/brand\/shoti-maa\/"}},"comments_number":"0","brands":[{"id":432,"name":"Shoti Maa","slug":"shoti-maa"}],"_links":{"self":[{"href":"https:\/\/www.lebens-qi.at\/qishop\/wp-json\/wp\/v2\/product\/1671","targetHints":{"allow":["GET"]}}],"collection":[{"href":"https:\/\/www.lebens-qi.at\/qishop\/wp-json\/wp\/v2\/product"}],"about":[{"href":"https:\/\/www.lebens-qi.at\/qishop\/wp-json\/wp\/v2\/types\/product"}],"replies":[{"embeddable":true,"href":"https:\/\/www.lebens-qi.at\/qishop\/wp-json\/wp\/v2\/comments?post=1671"}],"wp:featuredmedia":[{"embeddable":true,"href":"https:\/\/www.lebens-qi.at\/qishop\/wp-json\/wp\/v2\/media\/14813"}],"wp:attachment":[{"href":"https:\/\/www.lebens-qi.at\/qishop\/wp-json\/wp\/v2\/media?parent=1671"}],"wp:term":[{"taxonomy":"pwb-brand","embeddable":true,"href":"https:\/\/www.lebens-qi.at\/qishop\/wp-json\/wp\/v2\/pwb-brand?post=1671"},{"taxonomy":"product_brand","embeddable":true,"href":"https:\/\/www.lebens-qi.at\/qishop\/wp-json\/wp\/v2\/product_brand?post=1671"},{"taxonomy":"product_cat","embeddable":true,"href":"https:\/\/www.lebens-qi.at\/qishop\/wp-json\/wp\/v2\/product_cat?post=1671"},{"taxonomy":"product_tag","embeddable":true,"href":"https:\/\/www.lebens-qi.at\/qishop\/wp-json\/wp\/v2\/product_tag?post=1671"}],"curies":[{"name":"wp","href":"https:\/\/api.w.org\/{rel}","templated":true}]}}