{"id":16713,"date":"2025-08-28T14:26:16","date_gmt":"2025-08-28T12:26:16","guid":{"rendered":"https:\/\/www.lebens-qi.at\/qishop\/?post_type=product&#038;p=16713"},"modified":"2025-09-25T20:25:03","modified_gmt":"2025-09-25T18:25:03","slug":"duftbaum-zur-raumbeduftung","status":"publish","type":"product","link":"https:\/\/www.lebens-qi.at\/qishop\/produkt\/duftbaum-zur-raumbeduftung\/","title":{"rendered":"Duftbaum zur Raumbeduftung"},"content":{"rendered":"<p>Ein nat\u00fcrliche und dekorative Raumbeduftung \u2013 der Oshadhi Duftbaum aus Kirschen- und Birkenholz passt in jedes Wohnambiente und sorgt mit einem 100 % naturreinen \u00e4therischen \u00d6l f\u00fcr ganzheitliches Wohlbefinden.<\/p>\n<p>Im Set enthalten:<\/p>\n<ul>\n<li>1 Holzkorpus aus hochwertigem chinesischen Kirschenholz<\/li>\n<li>2 Baum-Duftst\u00e4bchen aus Birkenholz<\/li>\n<\/ul>\n<p><em><strong>Anwendung:<\/strong><\/em><\/p>\n<p>Zur Raumbeduftung ein Fl\u00e4schchen <a href=\"https:\/\/www.lebens-qi.at\/qishop\/produkt-kategorie\/aromatherapie\/aetherische-oele\/\">\u00e4therisches \u00d6l<\/a> oder eine <a href=\"https:\/\/www.lebens-qi.at\/qishop\/produkt-kategorie\/aromatherapie\/duftmischungen\/\">naturreine \u00e4therische Duftmischung<\/a> ausw\u00e4hlen. Nimm den Tropfeinsatz der Flasche ab und stell das Fl\u00e4schchen in den Holzkorpus, dann den Holzdeckel auflegen. Das Baum-Duftst\u00e4bchen durch die \u00d6ffnung stecken und schon kannst du die wohltuende Wirkung des Duftes genie\u00dfen!<\/p>\n","protected":false},"excerpt":{"rendered":"<p>inkl. 2 Baum-Duftst\u00e4bchen<\/p>\n","protected":false},"featured_media":16714,"comment_status":"open","ping_status":"closed","template":"","meta":{"_links_to":"","_links_to_target":""},"pwb-brand":[134],"product_brand":[],"product_cat":[3017,1199],"product_tag":[855,1489,129,2994],"class_list":{"0":"post-16713","1":"product","2":"type-product","3":"status-publish","4":"has-post-thumbnail","6":"pwb-brand-oshadhi","7":"product_cat-herbstzeit","8":"product_cat-zubehoer-fuer-aromatherapie","9":"product_tag-aromatherapie","10":"product_tag-diffuser","11":"product_tag-duft","12":"product_tag-duftbaum","14":"first","15":"instock","16":"taxable","17":"shipping-taxable","18":"purchasable","19":"product-type-simple"},"blog_post_layout_featured_media_urls":{"thumbnail":["https:\/\/www.lebens-qi.at\/qishop\/wp-content\/uploads\/duftbaum-150x150.png",150,150,true],"full":["https:\/\/www.lebens-qi.at\/qishop\/wp-content\/uploads\/duftbaum.png",800,800,false]},"categories":["134"],"categories_names":{"134":{"name":"Oshadhi","link":"https:\/\/www.lebens-qi.at\/qishop\/brand\/oshadhi\/"}},"comments_number":"0","brands":[{"id":134,"name":"Oshadhi","slug":"oshadhi"}],"_links":{"self":[{"href":"https:\/\/www.lebens-qi.at\/qishop\/wp-json\/wp\/v2\/product\/16713","targetHints":{"allow":["GET"]}}],"collection":[{"href":"https:\/\/www.lebens-qi.at\/qishop\/wp-json\/wp\/v2\/product"}],"about":[{"href":"https:\/\/www.lebens-qi.at\/qishop\/wp-json\/wp\/v2\/types\/product"}],"replies":[{"embeddable":true,"href":"https:\/\/www.lebens-qi.at\/qishop\/wp-json\/wp\/v2\/comments?post=16713"}],"wp:featuredmedia":[{"embeddable":true,"href":"https:\/\/www.lebens-qi.at\/qishop\/wp-json\/wp\/v2\/media\/16714"}],"wp:attachment":[{"href":"https:\/\/www.lebens-qi.at\/qishop\/wp-json\/wp\/v2\/media?parent=16713"}],"wp:term":[{"taxonomy":"pwb-brand","embeddable":true,"href":"https:\/\/www.lebens-qi.at\/qishop\/wp-json\/wp\/v2\/pwb-brand?post=16713"},{"taxonomy":"product_brand","embeddable":true,"href":"https:\/\/www.lebens-qi.at\/qishop\/wp-json\/wp\/v2\/product_brand?post=16713"},{"taxonomy":"product_cat","embeddable":true,"href":"https:\/\/www.lebens-qi.at\/qishop\/wp-json\/wp\/v2\/product_cat?post=16713"},{"taxonomy":"product_tag","embeddable":true,"href":"https:\/\/www.lebens-qi.at\/qishop\/wp-json\/wp\/v2\/product_tag?post=16713"}],"curies":[{"name":"wp","href":"https:\/\/api.w.org\/{rel}","templated":true}]}}