{"id":16743,"date":"2025-09-01T15:57:08","date_gmt":"2025-09-01T13:57:08","guid":{"rendered":"https:\/\/www.lebens-qi.at\/qishop\/?post_type=product&#038;p=16743"},"modified":"2025-09-01T17:50:51","modified_gmt":"2025-09-01T15:50:51","slug":"angel-breath-raeucherstaebchen","status":"publish","type":"product","link":"https:\/\/www.lebens-qi.at\/qishop\/produkt\/angel-breath-raeucherstaebchen\/","title":{"rendered":"Angel Breath &#8211; R\u00e4ucherst\u00e4bchen"},"content":{"rendered":"<p>R\u00e4ucherst\u00e4bchen aus dem Hause Green Tree in der Sechseck-Packung:<\/p>\n<p><b>ANGEL BREATH &#8211; Engel Atem<\/b><\/p>\n<p>Inhalt: pro Einzelpackung 20 Stk. R\u00e4ucherst\u00e4bchen<br \/>\n<b>Box: <\/b>Bei Kauf einer gesamten Schachtel (6 Packungen \u00e1 20 Stk.) sparen Sie <b>\u20ac 2,-<\/b><\/p>\n<p>\u2022 Produziert in Indien<br \/>\n\u2022 Handgerollt<\/p>\n","protected":false},"excerpt":{"rendered":"<p>Engel Atem &#8211; Highly fragranced incense sticks<\/p>\n","protected":false},"featured_media":16746,"comment_status":"open","ping_status":"closed","template":"","meta":{"_links_to":"","_links_to_target":""},"pwb-brand":[694],"product_brand":[],"product_cat":[697,953],"product_tag":[545,693,680],"class_list":{"0":"post-16743","1":"product","2":"type-product","3":"status-publish","4":"has-post-thumbnail","6":"pwb-brand-green-tree","7":"product_cat-hexa","8":"product_cat-raeuchern-mit-engeln","9":"product_tag-engel","10":"product_tag-green-tree","11":"product_tag-raeucherstaebchen","13":"first","14":"instock","15":"sale","16":"taxable","17":"shipping-taxable","18":"purchasable","19":"product-type-variable"},"blog_post_layout_featured_media_urls":{"thumbnail":["https:\/\/www.lebens-qi.at\/qishop\/wp-content\/uploads\/gt-21-angel-breath-150x150.jpg",150,150,true],"full":["https:\/\/www.lebens-qi.at\/qishop\/wp-content\/uploads\/gt-21-angel-breath.jpg",600,600,false]},"categories":["694"],"categories_names":{"694":{"name":"Green Tree","link":"https:\/\/www.lebens-qi.at\/qishop\/brand\/green-tree\/"}},"comments_number":"0","brands":[{"id":694,"name":"Green Tree","slug":"green-tree"}],"_links":{"self":[{"href":"https:\/\/www.lebens-qi.at\/qishop\/wp-json\/wp\/v2\/product\/16743","targetHints":{"allow":["GET"]}}],"collection":[{"href":"https:\/\/www.lebens-qi.at\/qishop\/wp-json\/wp\/v2\/product"}],"about":[{"href":"https:\/\/www.lebens-qi.at\/qishop\/wp-json\/wp\/v2\/types\/product"}],"replies":[{"embeddable":true,"href":"https:\/\/www.lebens-qi.at\/qishop\/wp-json\/wp\/v2\/comments?post=16743"}],"wp:featuredmedia":[{"embeddable":true,"href":"https:\/\/www.lebens-qi.at\/qishop\/wp-json\/wp\/v2\/media\/16746"}],"wp:attachment":[{"href":"https:\/\/www.lebens-qi.at\/qishop\/wp-json\/wp\/v2\/media?parent=16743"}],"wp:term":[{"taxonomy":"pwb-brand","embeddable":true,"href":"https:\/\/www.lebens-qi.at\/qishop\/wp-json\/wp\/v2\/pwb-brand?post=16743"},{"taxonomy":"product_brand","embeddable":true,"href":"https:\/\/www.lebens-qi.at\/qishop\/wp-json\/wp\/v2\/product_brand?post=16743"},{"taxonomy":"product_cat","embeddable":true,"href":"https:\/\/www.lebens-qi.at\/qishop\/wp-json\/wp\/v2\/product_cat?post=16743"},{"taxonomy":"product_tag","embeddable":true,"href":"https:\/\/www.lebens-qi.at\/qishop\/wp-json\/wp\/v2\/product_tag?post=16743"}],"curies":[{"name":"wp","href":"https:\/\/api.w.org\/{rel}","templated":true}]}}