{"id":16824,"date":"2025-09-03T10:24:48","date_gmt":"2025-09-03T08:24:48","guid":{"rendered":"https:\/\/www.lebens-qi.at\/qishop\/?post_type=product&#038;p=16824"},"modified":"2025-09-08T16:02:30","modified_gmt":"2025-09-08T14:02:30","slug":"refreshing-weightless-shampoo","status":"publish","type":"product","link":"https:\/\/www.lebens-qi.at\/qishop\/produkt\/refreshing-weightless-shampoo\/","title":{"rendered":"Refreshing Weightless Shampoo"},"content":{"rendered":"<p>Das Curl Bites <strong>Refreshing Weightless Shampoo<\/strong> bietet eine t\u00e4gliche, sulfatfreie* Reinigung, die dein Haar gr\u00fcndlich und schonend von Ablagerungen befreit (*frei von SLES). Mit einer wertvollen Kombination aus <strong>Malvenbl\u00fctenextrakt<\/strong> und <strong>Brennnesselextrakt<\/strong> in Bioqualit\u00e4t, sowie <strong>Apfelessig<\/strong> aus Schweizer Bio\u00e4pfeln, hilft es, gesch\u00e4digtes Haar zu reparieren und geschmeidiger zu machen.<\/p>\n<p><strong>Geeignet f\u00fcr:<\/strong> Wellen &#8211; Locken &#8211; Normale Kopfhaut &#8211; Strapaziertes Haar<\/p>\n<p>Bei den Lockenshampoos setzen Curl Bites f\u00fcr die Beduftung auf n\u00e4hrende, <strong>\u00e4therische \u00d6le<\/strong>. Diesen <strong>Duft<\/strong> kannst du bei diesem Shampoo erwarten:<br \/>\n\u2022 Erfrischende Zitrone<\/p>\n<p><span class=\"metafield-multi_line_text_field\">Auf der Suche nach einem Curly Hair Methode sicheren Shampoo, das richtig gut reinigt, dabei aber schonend ist zu Haar &amp; Kopfhaut? Dann hat die Suche jetzt ein Ende! Mach dich bereit f\u00fcr ein federleichtes, sauberes Kopfhautgef\u00fchl.<\/span><\/p>\n<p><span class=\"metafield-multi_line_text_field\">Das Refreshing Weightless Shampoo ist ideal f\u00fcr eine normale Kopfhaut und strapaziertes Haar. Die spezielle Formulierung pflegt schonend und unterst\u00fctzt die Reparatur gesch\u00e4digter Haare, w\u00e4hrend es die Schuppenschicht anlegt und so vor h\u00e4ufigem Haarewaschen sch\u00fctzt.*<\/span><\/p>\n<p><span class=\"metafield-multi_line_text_field\">Das vegan formulierte Shampoo setzt auf milde, lockenfreundliche Tenside, die wirkungsvoll, aber sanft reinigen. Ganz <strong>ohne Sodium Laureth Sulfat<\/strong> formuliert reinigt das Lockenshampoo mit \u00e4therischem Zitronen\u00f6l und Apfelextrakt f\u00fcr nat\u00fcrlichen Glanz und Geschmeidigkeit. <\/span><\/p>\n<p><span class=\"metafield-multi_line_text_field\">Das Trio aus Bio-Apfelessig &amp; Bio-Malvenbl\u00fctenextrakt aus der Schweiz sowie Bio-Brennnesselextrakt unterst\u00fctzt gesunde, geschmeidige Locken.<\/span><\/p>\n<p>Nat\u00fcrlich vegan formuliert und Curly Hair Methode-sicher<\/p>\n<p><em>*Wirkstudie des Rohstoffherstellers<\/em><\/p>\n<p><strong>Sch\u00fctzender Komplex<\/strong><br \/>\nDer einzigartige Komplex aus Bio-Apfelessig, Schweizer Bio-Malvenbl\u00fctenextrakt und Bio-Brennnesselextrakt kann gesch\u00e4digtes Haar reparieren und geschmeidiger machen. Sie kann gleichzeitig vor Sch\u00e4den durch h\u00e4ufiges Waschen sch\u00fctzen, indem sie die Schuppenschicht anlegt.<br \/>\n**Wirkstudie des Rohstoffherstellers<\/p>\n<p><strong>\u00c4therisches Zitronen\u00f6l<\/strong><br \/>\n\u00c4therisches Zitronen\u00f6l kann helfen, \u00fcbersch\u00fcssiges \u00d6l und Produktreste zu entfernen und die Kopfhaut wieder ins Gleichgewicht zu bringen. Mit seiner tonisierenden Wirkung kann es dem Haar nat\u00fcrlichen Glanz verleihen und f\u00fcr ein belebendes, erfrischtes Gef\u00fchl sorgen.<\/p>\n<p><strong>Apfelextrakt<\/strong><br \/>\nDer Apfel ist ein wahres Multitalent: prall gef\u00fcllt mit Kohlenhydraten, Fruchts\u00e4uren, Aminos\u00e4uren, Vitaminen, Mineralien und Spurenelementen. Ausgew\u00e4hlt aufgrund seiner nat\u00fcrlichen, weichmachenden und antioxidativen Eigenschaften.<\/p>\n<p><strong><span style=\"color: #339966;\">~ Vegan ~ ohne Microplastik ~ ohne synthetische Polymere ~ ohne Silikone ~ ohne Sulfate ~ ohne Parabene<\/span><\/strong><\/p>\n<p><strong>Anwendung und Hinweise:<\/strong><\/p>\n<p>Verwende dieses Shampoo als dein Go-To Shampoo f\u00fcr den t\u00e4glichen Gebrauch bei normaler Kopfhaut und strapaziertem Haar.<\/p>\n<p>Schritt 1: Trage das Shampoo auf das nasse Haar auf.<\/p>\n<p>Schritt 2: Massiere das Produkt sanft, aber kr\u00e4ftig in die Kopfhaut ein und verwende idealerweise f\u00fcr eine effektivere Einarbeitung des Produktes eine Scalp Massaging Brush.<\/p>\n<p>Schritt 3: Wiederhole die Anwendung (Double Cleansing Methode) nach Bedarf und sp\u00fcle es dann gr\u00fcndlich aus. Die Double Cleansing Methode bietet sich vor allem dann an, wenn die Haare nur 1x pro Woche gewaschen werden, um s\u00e4mtliche Ablagerungen gr\u00fcndlich abzuwaschen.<\/p>\n<p>Schritt 4: Setze deine Routine dann mit dem Weightless Detangling Conditioner fort. F\u00fcr eine noch intensivere Pflege empfehlen wir im Anschluss den Multi Protein Deep Conditioner.<\/p>\n<p><b>Bestandteile:<\/b><br \/>\nAqua (Wasser), Cocamidopropyl Betaine (mildes Tensid), Sodium Cocoyl Methyl Isethionate (mildes Tensid), Sodium Methyl Oleoyl Taurate (mildes Tensid), Sodium Methyl 2-Sulfolaurate (mildes Tensid), Sodium Chloride (Verdickungsmittel), Citrus Limon Peel Oil (Zitronenschalen\u00f6l), Malus Domestica Fruit Extract (Apfelextrakt), Urtica Dioica Leaf Extract (Brennnesselextrakt), Malva Sylvestris Flower Extract (Malvenbl\u00fctenextrakt), Sodium Lauroyl Sarcosinate (mildes Tensid), Tetrasodium Iminodisuccinate (Komplexbildner, Wasserenth\u00e4rter), Citric Acid (Zitronens\u00e4ure, pH-Regulator), Disodium 2-Sulfolaurate (mildes Tensid), Acetum (Apflessig), Limonene (Duftstoff), Guar Hydroxypropyltrimonium Chloride (konditionierender Wirkstoff), Sodium Benzoate (Konservierungsmittel), Sodium Sulfate (KEIN SLES, sondern Stabilisator), Dicaprylyl Ether (Pflegesubstanz), Decyl Glucoside (mildes Tensid), Potassium Sorbate (Konservierungsmittel), Methyl Laurate (Pflegesubstanz), Glyceryl Oleate (Pflegesubstanz), Citral (Duftstoff), Glycerin (Feuchthaltemittel), Benzoic Acid (Konservierungsmittel)<\/p>\n","protected":false},"excerpt":{"rendered":"<p>Spezieller Komplex legt die Schuppenschicht an &amp; sch\u00fctzt so vor h\u00e4ufigem Waschen<\/p>\n","protected":false},"featured_media":16828,"comment_status":"open","ping_status":"closed","template":"","meta":{"_links_to":"","_links_to_target":""},"pwb-brand":[2995],"product_brand":[],"product_cat":[2152],"product_tag":[3003,2998,250,792,3000,1927,249,275],"class_list":{"0":"post-16824","1":"product","2":"type-product","3":"status-publish","4":"has-post-thumbnail","6":"pwb-brand-curl-bites","7":"product_cat-haarpflege","8":"product_tag-apfelextrakt","9":"product_tag-curl-bites","10":"product_tag-haarpflege","11":"product_tag-haarshampoo","12":"product_tag-lockenpflege","13":"product_tag-malve","14":"product_tag-shampoo","15":"product_tag-zitrone","16":"pa_herkunft-deutschland","18":"first","19":"instock","20":"taxable","21":"shipping-taxable","22":"purchasable","23":"product-type-simple"},"blog_post_layout_featured_media_urls":{"thumbnail":["https:\/\/www.lebens-qi.at\/qishop\/wp-content\/uploads\/weightless-shampoo-150x150.png",150,150,true],"full":["https:\/\/www.lebens-qi.at\/qishop\/wp-content\/uploads\/weightless-shampoo.png",800,800,false]},"categories":["2995"],"categories_names":{"2995":{"name":"Curl Bites","link":"https:\/\/www.lebens-qi.at\/qishop\/brand\/curl-bites\/"}},"comments_number":"0","brands":[{"id":2995,"name":"Curl Bites","slug":"curl-bites"}],"_links":{"self":[{"href":"https:\/\/www.lebens-qi.at\/qishop\/wp-json\/wp\/v2\/product\/16824","targetHints":{"allow":["GET"]}}],"collection":[{"href":"https:\/\/www.lebens-qi.at\/qishop\/wp-json\/wp\/v2\/product"}],"about":[{"href":"https:\/\/www.lebens-qi.at\/qishop\/wp-json\/wp\/v2\/types\/product"}],"replies":[{"embeddable":true,"href":"https:\/\/www.lebens-qi.at\/qishop\/wp-json\/wp\/v2\/comments?post=16824"}],"wp:featuredmedia":[{"embeddable":true,"href":"https:\/\/www.lebens-qi.at\/qishop\/wp-json\/wp\/v2\/media\/16828"}],"wp:attachment":[{"href":"https:\/\/www.lebens-qi.at\/qishop\/wp-json\/wp\/v2\/media?parent=16824"}],"wp:term":[{"taxonomy":"pwb-brand","embeddable":true,"href":"https:\/\/www.lebens-qi.at\/qishop\/wp-json\/wp\/v2\/pwb-brand?post=16824"},{"taxonomy":"product_brand","embeddable":true,"href":"https:\/\/www.lebens-qi.at\/qishop\/wp-json\/wp\/v2\/product_brand?post=16824"},{"taxonomy":"product_cat","embeddable":true,"href":"https:\/\/www.lebens-qi.at\/qishop\/wp-json\/wp\/v2\/product_cat?post=16824"},{"taxonomy":"product_tag","embeddable":true,"href":"https:\/\/www.lebens-qi.at\/qishop\/wp-json\/wp\/v2\/product_tag?post=16824"}],"curies":[{"name":"wp","href":"https:\/\/api.w.org\/{rel}","templated":true}]}}