{"id":16841,"date":"2025-09-04T16:03:17","date_gmt":"2025-09-04T14:03:17","guid":{"rendered":"https:\/\/www.lebens-qi.at\/qishop\/?post_type=product&#038;p=16841"},"modified":"2025-09-08T15:41:48","modified_gmt":"2025-09-08T13:41:48","slug":"multi-protein-deep-conditioner","status":"publish","type":"product","link":"https:\/\/www.lebens-qi.at\/qishop\/produkt\/multi-protein-deep-conditioner\/","title":{"rendered":"Multi Protein Deep Conditioner"},"content":{"rendered":"<p>Der <strong>Multi Protein Deep Conditioner<\/strong> ist deine intensive Pflege f\u00fcr lockiges und welliges Haar, das besondere Aufmerksamkeit verdient! Angereichert mit einer kraftvollen Mischung aus <strong>f\u00fcnf pflanzlichen Proteinen<\/strong> \u2013 darunter Erbsen-, Reis- und Mandelproteine \u2013 hilft er, die Haarstruktur zu st\u00e4rken und Frizz zu b\u00e4ndigen.<\/p>\n<p><strong>Geeignet f\u00fcr:<\/strong> Wellen &#8211; Locken &#8211; Normales bis strapaziertes Haar &#8211; Feines bis dickes Haar<\/p>\n<p>Diesen <strong>Duft<\/strong> kannst du bei diesem Conditioner erwarten:<br \/>\n\u2022 Fruchtiger Beerenmix &#8211; Erdbeerig<\/p>\n<p>Erlebe intensive Pflege mit unserem Multi Protein Deep Conditioner, der speziell f\u00fcr die Bed\u00fcrfnisse von lockigem Haar entwickelt wurde! Ganz im Sinne unserer Philosophie, beschwert auch dieser reichhaltige Deep Conditioner deine Wellen\/Locken nicht!<\/p>\n<p>Wir haben unseren Deep Conditioner nicht umsonst Multi Protein genannt, denn wir haben nicht gespart und &#8222;vollgepackt mit Protein&#8220; eine neue Bedeutung gegeben. Im Multi Protein Deep Conditioner sind insgesamt f\u00fcnf hydrolysierte Proteine enthalten, f\u00fcr eine wahre Proteinbombe.<\/p>\n<p>Diese reichhaltige Strukturpflegeformel ist mit kraftvollen, nat\u00fcrlichen Inhaltsstoffen angereichert, die deine Naturlocken vom Ansatz bis in die Spitzen verw\u00f6hnen und gleichzeitig helfen, die durch t\u00e4gliches Styling und Umwelteinfl\u00fcsse strapazierte Haaroberfl\u00e4che zu reparieren.<\/p>\n<p>Die Formel ist reich an Sheabutter, Kokos\u00f6l, Mandel\u00f6l und Provitamin B5, die dem Haar intensive Feuchtigkeit spenden und es geschmeidig machen. Sie b\u00e4ndigt Frizz effektiv und erleichtert das Entwirren beim Waschen, sodass deine Locken voller Glanz und Definition erstrahlen.<\/p>\n<p>Dank des pflanzlichen Erbsenpeptids, das antioxidative und filmbildende Eigenschaften besitzt, wird das Haar durch und durch gepflegt.<br \/>\nDie pflanzliche Keratin-Alternative (Hydrolyzed Vegetable Protein + Hydrolyzed Pea Protein), bestehend aus einem Proteinmix mit einem Aminos\u00e4ureprofil, das tierischem Keratin sehr nahe kommt, hilft dabei, die Haarstruktur zu st\u00e4rken und die Haarqualit\u00e4t zu verbessern.<\/p>\n<p>Mit einer wertvollen Mischung aus Mandel-, Reis- und Weizenproteinen, die f\u00fcr ihre konditionierenden und filmformenden Eigenschaften bekannt sind, wird dein Haar weich, geschmeidig und erh\u00e4lt einen nat\u00fcrlichen Glanz. Abgerundet wird die Pflege durch fruchtige Erdbeer- und Himbeerextrakte sowie einen verf\u00fchrerischen Beeren-Duft.<\/p>\n<p>Vegan formuliert und Curly Hair Methode-sicher \u2013 f\u00fcr perfekt gepflegte, gesunde Locken voller Lebendigkeit und Glanz!<\/p>\n<p><strong>Kraftvoller Proteinblend<\/strong><br \/>\nDiese Formel vereint die Kraft von Erbsen-, Pflanzen-, Mandel-, Reis- und Weizenproteinen, um dein Haar intensiv zu pflegen und zu st\u00e4rken. Diese wertvollen Proteine sorgen nicht nur f\u00fcr eine gezielte Regeneration der Haarstruktur, sondern umh\u00fcllen jede Str\u00e4hne mit einem sch\u00fctzenden Film. So verleihen sie deinem Haar nat\u00fcrliche Geschmeidigkeit, reduzieren Frizz und hinterlassen ein glattes, gesundes Haargef\u00fchl. Unsere pflanzliche Keratin-Alternative (pflanzlicher Proteinblend mit einem Aminos\u00e4ureprofil, welches tierischem Keratin sehr nahe kommt) kann helfen die Haarstruktur zu st\u00e4rken und die Qualit\u00e4t des Haares zu verbessern.<\/p>\n<p><strong>Erbsenpeptid<\/strong><br \/>\nPflanzliches Erbsenpeptid wirkt wie ein nat\u00fcrlicher Schutzschild f\u00fcr dein Haar: Mit seinen filmbildenden und antioxidativen Eigenschaften pflegt es nicht nur dein Haar, sondern auch die Kopfhaut. Das Ergebnis? Geb\u00e4ndigtes, geschmeidiges und gesund aussehendes Haar, das vor \u00e4u\u00dferen Einfl\u00fcssen gesch\u00fctzt ist \u2013 f\u00fcr Locken, die strahlen!<\/p>\n<p><strong>Wertvolle \u00d6le &amp; Butter<\/strong><br \/>\nMit Sheabutter, Kokos\u00f6l, Mandel\u00f6l und Provitamin B5, um dein Haar intensiv mit Feuchtigkeit zu versorgen und es geschmeidig zu machen. Diese kraftvolle Kombination b\u00e4ndigt Frizz effektiv und erleichtert das Entwirren w\u00e4hrend des Waschens. So bringen wir deine Locken zum Strahlen \u2013 voller Glanz, Definition und nat\u00fcrlicher Lebendigkeit.<\/p>\n<p><strong><span style=\"color: #339966;\">~ Vegan ~ ohne Microplastik ~ ohne synthetische Polymere ~ ohne Silikone ~ ohne Sulfate ~ ohne Parabene<\/span><\/strong><\/p>\n<p><strong>Anwendung und Hinweise:<\/strong><\/p>\n<p>Der Multi Protein Deep Conditioner ist konzentrierter als unser Detangling Conditioner und ist damit eine etwas reichhaltigere Option. Er kann wie der Detangling Conditioner t\u00e4glich verwendet werden.<br \/>\nKeine Angst: unser Deep Conditioner beschwert trotz der tollen Pflegeeigenschaften nicht!<\/p>\n<p>Wann empfehlen wir den Multi Protein Deep Conditioner?<br \/>\nGreife zum Deep Conditioner wenn deine Haare etwas &#8222;mehr&#8220; ben\u00f6tigen:<br \/>\n&#8211; mehr Pflege,<br \/>\n&#8211; mehr Protein,<br \/>\n&#8211; mehr weichmachende Inhaltsstoffe<\/p>\n<p>Chemisch behandeltes Haar wird den Protein Boost ebenfalls lieben!<\/p>\n<p>Wie machen wir es?<br \/>\nWir wechseln zwischen dem Multi Protein Deep Conditioner und dem Detangling Conditioner.<\/p>\n<p>Schritt 1: Trage den Deep Conditioner unter der Dusche auf das nasse Haar auf, nachdem du dein Shampoo vollst\u00e4ndig ausgesp\u00fclt hast. Dr\u00fccke vor dem Auftragen des Deep Conditioners etwas Wasser aus deinen Haaren f\u00fcr eine ideale Wirkung.<\/p>\n<p>Schritt 2: Konzentriere dich beim verteilen des Conditioners besonders auf deine L\u00e4ngen und die Haarspitzen, wo dein Haar am meisten Pflege ben\u00f6tigt. Spare die Kopfhaut aus.<\/p>\n<p>Schritt 3: K\u00e4mme deine Locken durch, um sicherzustellen, dass jede einzelne Locke gleichm\u00e4\u00dfig bedeckt ist. Benutze deine Finger oder eine lockenfreundliche B\u00fcrste, um deine Locken sanft zu entwirren und alle Knoten sanft zu entfernen.<\/p>\n<p>Schritt 4: Lasse den Conditioner 5 Minuten einwirken, sp\u00fcle ihn dann gut aus und fahre mit deiner Stylingroutine fort.<br \/>\nWir empfehlen f\u00fcr optimale Styling-Ergebnisse unseren Weightless Leave-In Conditioner als Stylingbasis, gefolgt vom Power Bites Mega Definition Strong Hold Gel.<\/p>\n<p><b>Bestandteile:<\/b><br \/>\nAqua (Wasser), Cetearyl Alcohol (Fettalkohol, Emulgator), Glycerin (Feuchthaltemittel), Cocos Nucifera Oil (Kokonusss\u00f6l), Butyrospermum Parkii Butter (Sheabutter), Coco-Caprylate\/Caprate (Weichmacher), Pisum Sativum Peptide (Erbsenpeptid), Behentrimonium Methosulfate (kationisches Tensid, Pflegemittel), Cetrimonium Chloride (kationisches Tensid, Pflegemittel), Panthenol (Provitamin B5), Prunus Amygdalus Dulcis Oil (Mandel\u00f6l), Betaine (Feuchtigkeitsspender), Hydrolyzed Pea Protein (hydrolysiertes Erbsenprotein), Hydrolyzed Vegetable Protein (hydrolysiertes Pflanzenprotein), Hydrolyzed Rice Protein (hydrolysiertes Reisprotein), Hydrolyzed Sweet Almond Protein (hydrolysiertes Mandelprotein), Hydrolyzed Wheat Protein (hydrolysiertes Weizenprotein), PCA Ethyl Cocoyl Arginate (kationisches Tensid), Lactobacillus Ferment (fermentierter Inhaltsstoff), Rubus Idaeus Fruit Extract (Himbeerextrak), Fragaria Ananassa Fruit Extract (Erdbeerextrakt), Tocopherol (Vitamin E), Citric Acid (Zitronens\u00e4ure), Sodium Benzoate (Konservierungsmittel), Hydroxypropyl Guar Hydroxypropyltrimonium Chloride (kationisches Polysaccharid), Glyceryl Stearate SE (Emulgator), Potassium Sorbate (Konservierungsmittel), Parfum (Duftstoff)<\/p>\n","protected":false},"excerpt":{"rendered":"<p><span class=\"metafield-multi_line_text_field\">Kombination aus 5 verschiedenen, hydrolisierten Proteinen<\/span><\/p>\n","protected":false},"featured_media":16843,"comment_status":"open","ping_status":"closed","template":"","meta":{"_links_to":"","_links_to_target":""},"pwb-brand":[2995],"product_brand":[],"product_cat":[2152],"product_tag":[794,2998,250,3009,3000,1817,234],"class_list":{"0":"post-16841","1":"product","2":"type-product","3":"status-publish","4":"has-post-thumbnail","6":"pwb-brand-curl-bites","7":"product_cat-haarpflege","8":"product_tag-conditioner","9":"product_tag-curl-bites","10":"product_tag-haarpflege","11":"product_tag-kokosoel","12":"product_tag-lockenpflege","13":"product_tag-mandeloel","14":"product_tag-sheabutter","15":"pa_herkunft-deutschland","17":"first","18":"instock","19":"taxable","20":"shipping-taxable","21":"purchasable","22":"product-type-simple"},"blog_post_layout_featured_media_urls":{"thumbnail":["https:\/\/www.lebens-qi.at\/qishop\/wp-content\/uploads\/deep-conditioner-150x150.png",150,150,true],"full":["https:\/\/www.lebens-qi.at\/qishop\/wp-content\/uploads\/deep-conditioner.png",800,800,false]},"categories":["2995"],"categories_names":{"2995":{"name":"Curl Bites","link":"https:\/\/www.lebens-qi.at\/qishop\/brand\/curl-bites\/"}},"comments_number":"0","brands":[{"id":2995,"name":"Curl Bites","slug":"curl-bites"}],"_links":{"self":[{"href":"https:\/\/www.lebens-qi.at\/qishop\/wp-json\/wp\/v2\/product\/16841","targetHints":{"allow":["GET"]}}],"collection":[{"href":"https:\/\/www.lebens-qi.at\/qishop\/wp-json\/wp\/v2\/product"}],"about":[{"href":"https:\/\/www.lebens-qi.at\/qishop\/wp-json\/wp\/v2\/types\/product"}],"replies":[{"embeddable":true,"href":"https:\/\/www.lebens-qi.at\/qishop\/wp-json\/wp\/v2\/comments?post=16841"}],"wp:featuredmedia":[{"embeddable":true,"href":"https:\/\/www.lebens-qi.at\/qishop\/wp-json\/wp\/v2\/media\/16843"}],"wp:attachment":[{"href":"https:\/\/www.lebens-qi.at\/qishop\/wp-json\/wp\/v2\/media?parent=16841"}],"wp:term":[{"taxonomy":"pwb-brand","embeddable":true,"href":"https:\/\/www.lebens-qi.at\/qishop\/wp-json\/wp\/v2\/pwb-brand?post=16841"},{"taxonomy":"product_brand","embeddable":true,"href":"https:\/\/www.lebens-qi.at\/qishop\/wp-json\/wp\/v2\/product_brand?post=16841"},{"taxonomy":"product_cat","embeddable":true,"href":"https:\/\/www.lebens-qi.at\/qishop\/wp-json\/wp\/v2\/product_cat?post=16841"},{"taxonomy":"product_tag","embeddable":true,"href":"https:\/\/www.lebens-qi.at\/qishop\/wp-json\/wp\/v2\/product_tag?post=16841"}],"curies":[{"name":"wp","href":"https:\/\/api.w.org\/{rel}","templated":true}]}}