{"id":16871,"date":"2025-09-10T16:12:52","date_gmt":"2025-09-10T14:12:52","guid":{"rendered":"https:\/\/www.lebens-qi.at\/qishop\/?post_type=product&#038;p=16871"},"modified":"2025-09-25T20:13:45","modified_gmt":"2025-09-25T18:13:45","slug":"cherry-lady-fruechteteemischung-2","status":"publish","type":"product","link":"https:\/\/www.lebens-qi.at\/qishop\/produkt\/cherry-lady-fruechteteemischung-2\/","title":{"rendered":"Cherry Lady &#8211; Fr\u00fcchteteemischung"},"content":{"rendered":"<p><b>Cherry Lady<\/b><br \/>\nWildkirsche<\/p>\n<p>Freche Fr\u00fcchtchen! Eine fruchtig-frische Teemischung, harmonisch abgestimmt mit Hibiskusbl\u00fcten, Zitrusf\u00fcrchten und sommerlichen Kirschen.<\/p>\n<p>10-12 Minuten Ziehzeit<br \/>\n100\u00b0 C Wassertemperatur<br \/>\n4-5 geh\u00e4ufte Teel\u00f6ffel\/1 Liter<\/p>\n<p><em><b>Zutaten:<\/b><br \/>\nHibiskusbl\u00fcten, Apfelst\u00fccke s\u00fc\u00df, Hagebuttenschalen, Orangenschalen s\u00fc\u00df, Zitronenschalen, Kirschen sauer, Wildkirsch &#8211; Aroma nat\u00fcrlich<\/em><\/p>\n<p><b>Wichtig: <\/b>Immer mit sprudelnd kochendem Wasser aufgie\u00dfen, mindestens 10 Minuten ziehen lassen! Nur so erhalten Sie ein sicheres Lebensmittel.<\/p>\n<p><b>Inhalt:<\/b><br \/>\n100 g loser Tee in versiegelter Aromat\u00fcte<\/p>\n<p>Zeichnung auf der Etikette von Jassi Bis<\/p>\n","protected":false},"excerpt":{"rendered":"<p>Wildkirsche<\/p>\n","protected":false},"featured_media":16873,"comment_status":"open","ping_status":"closed","template":"","meta":{"_links_to":"","_links_to_target":""},"pwb-brand":[434],"product_brand":[],"product_cat":[2815,3022,431],"product_tag":[1913,1919,2092,2321,443,2315,458],"class_list":{"0":"post-16871","1":"product","2":"type-product","3":"status-publish","4":"has-post-thumbnail","6":"pwb-brand-lebens-qi-teehaus-qualitaet","7":"product_cat-fruechtetee","8":"product_cat-sommer-urlaubsfeeling","9":"product_cat-teehaus-qualitaet","10":"product_tag-apfel","11":"product_tag-fruechtetee","12":"product_tag-hibiskus","13":"product_tag-kirsche","14":"product_tag-tee","15":"product_tag-teehaus-qualitaet","16":"product_tag-teemischung","18":"first","19":"instock","20":"taxable","21":"shipping-taxable","22":"purchasable","23":"product-type-simple"},"blog_post_layout_featured_media_urls":{"thumbnail":["https:\/\/www.lebens-qi.at\/qishop\/wp-content\/uploads\/cherrylady-tee-150x150.png",150,150,true],"full":["https:\/\/www.lebens-qi.at\/qishop\/wp-content\/uploads\/cherrylady-tee.png",800,800,false]},"categories":["434"],"categories_names":{"434":{"name":"Teehaus-Qualit\u00e4t vom LEBENS-QI","link":"https:\/\/www.lebens-qi.at\/qishop\/brand\/lebens-qi-teehaus-qualitaet\/"}},"comments_number":"0","brands":[{"id":434,"name":"Teehaus-Qualit\u00e4t vom LEBENS-QI","slug":"lebens-qi-teehaus-qualitaet"}],"_links":{"self":[{"href":"https:\/\/www.lebens-qi.at\/qishop\/wp-json\/wp\/v2\/product\/16871","targetHints":{"allow":["GET"]}}],"collection":[{"href":"https:\/\/www.lebens-qi.at\/qishop\/wp-json\/wp\/v2\/product"}],"about":[{"href":"https:\/\/www.lebens-qi.at\/qishop\/wp-json\/wp\/v2\/types\/product"}],"replies":[{"embeddable":true,"href":"https:\/\/www.lebens-qi.at\/qishop\/wp-json\/wp\/v2\/comments?post=16871"}],"wp:featuredmedia":[{"embeddable":true,"href":"https:\/\/www.lebens-qi.at\/qishop\/wp-json\/wp\/v2\/media\/16873"}],"wp:attachment":[{"href":"https:\/\/www.lebens-qi.at\/qishop\/wp-json\/wp\/v2\/media?parent=16871"}],"wp:term":[{"taxonomy":"pwb-brand","embeddable":true,"href":"https:\/\/www.lebens-qi.at\/qishop\/wp-json\/wp\/v2\/pwb-brand?post=16871"},{"taxonomy":"product_brand","embeddable":true,"href":"https:\/\/www.lebens-qi.at\/qishop\/wp-json\/wp\/v2\/product_brand?post=16871"},{"taxonomy":"product_cat","embeddable":true,"href":"https:\/\/www.lebens-qi.at\/qishop\/wp-json\/wp\/v2\/product_cat?post=16871"},{"taxonomy":"product_tag","embeddable":true,"href":"https:\/\/www.lebens-qi.at\/qishop\/wp-json\/wp\/v2\/product_tag?post=16871"}],"curies":[{"name":"wp","href":"https:\/\/api.w.org\/{rel}","templated":true}]}}