{"id":1689,"date":"2024-02-19T11:52:44","date_gmt":"2024-02-19T10:52:44","guid":{"rendered":"https:\/\/www.lebens-qi.at\/qishop\/produkt\/classic-chai-lose-ayurvedischer-tee\/"},"modified":"2025-05-08T10:48:15","modified_gmt":"2025-05-08T08:48:15","slug":"classic-chai-lose-ayurvedischer-tee","status":"publish","type":"product","link":"https:\/\/www.lebens-qi.at\/qishop\/produkt\/classic-chai-lose-ayurvedischer-tee\/","title":{"rendered":"Classic Chai lose &#8211; Ayurvedischer Tee"},"content":{"rendered":"<p><b>CLASSIC CHAI<br \/>\nAyurvedische Gew\u00fcrzteemischung<br \/>\nloser Tee<\/b><\/p>\n<p>Exotisch, w\u00e4rmend, inspirierend.<br \/>\nDiese wunderbare Mischung aus s\u00fc\u00dfem Zimt, Kardamom, w\u00fcrzigem Ingwer, Nelken und Pfeffer inspirierte Generationen von Yogis sowie die Marke YOGI TEA\u00ae und legte den Grundstein f\u00fcr die Vielfalt unserer ayurvedischen Teemischungen. Am besten ges\u00fc\u00dft und mit Milch oder einer veganen Milchvariante genie\u00dfen.<\/p>\n<p><b>Der Tee, mit dem die Geschichte von YOGI TEA\u00ae begann.<\/b><\/p>\n<p>Zutaten: Zimt*, Kardamom*, Ingwer*, Nelken*, schwarzer Pfeffer*<br \/>\n* = kontrolliert \u00f6kologischer Anbau<\/p>\n<p><b>Inhalt:<\/b> 90 g loser Tee<\/p>\n<p><b><em>\u00dcber Yogi Tees:<\/em><\/b><br \/>\nSeit \u00fcber 40 Jahren steht YOGI TEA\u00ae f\u00fcr k\u00f6stliche Kr\u00e4uter- und Gew\u00fcrztees, die auf einzigartigen ayurvedischen Teerezepturen basieren, deren Wurzeln in der 3.000 Jahre alten indischen Philosophie des Ayurveda liegen.<\/p>\n","protected":false},"excerpt":{"rendered":"<p>Gew\u00fcrzteemischung<\/p>\n","protected":false},"featured_media":14800,"comment_status":"closed","ping_status":"closed","template":"","meta":{"_links_to":"","_links_to_target":""},"pwb-brand":[433],"product_brand":[],"product_cat":[430],"product_tag":[460,443,459],"class_list":{"0":"post-1689","1":"product","2":"type-product","3":"status-publish","4":"has-post-thumbnail","6":"pwb-brand-yogi-tea","7":"product_cat-yogi-tea","8":"product_tag-ayurvedischer-tee","9":"product_tag-tee","10":"product_tag-yogitee","12":"first","13":"instock","14":"taxable","15":"shipping-taxable","16":"purchasable","17":"product-type-simple"},"blog_post_layout_featured_media_urls":{"thumbnail":["https:\/\/www.lebens-qi.at\/qishop\/wp-content\/uploads\/Chai-Classic-150x150.png",150,150,true],"full":["https:\/\/www.lebens-qi.at\/qishop\/wp-content\/uploads\/Chai-Classic.png",800,800,false]},"categories":["433"],"categories_names":{"433":{"name":"Yogi Tea","link":"https:\/\/www.lebens-qi.at\/qishop\/brand\/yogi-tea\/"}},"comments_number":"0","brands":[{"id":433,"name":"Yogi Tea","slug":"yogi-tea"}],"_links":{"self":[{"href":"https:\/\/www.lebens-qi.at\/qishop\/wp-json\/wp\/v2\/product\/1689","targetHints":{"allow":["GET"]}}],"collection":[{"href":"https:\/\/www.lebens-qi.at\/qishop\/wp-json\/wp\/v2\/product"}],"about":[{"href":"https:\/\/www.lebens-qi.at\/qishop\/wp-json\/wp\/v2\/types\/product"}],"replies":[{"embeddable":true,"href":"https:\/\/www.lebens-qi.at\/qishop\/wp-json\/wp\/v2\/comments?post=1689"}],"wp:featuredmedia":[{"embeddable":true,"href":"https:\/\/www.lebens-qi.at\/qishop\/wp-json\/wp\/v2\/media\/14800"}],"wp:attachment":[{"href":"https:\/\/www.lebens-qi.at\/qishop\/wp-json\/wp\/v2\/media?parent=1689"}],"wp:term":[{"taxonomy":"pwb-brand","embeddable":true,"href":"https:\/\/www.lebens-qi.at\/qishop\/wp-json\/wp\/v2\/pwb-brand?post=1689"},{"taxonomy":"product_brand","embeddable":true,"href":"https:\/\/www.lebens-qi.at\/qishop\/wp-json\/wp\/v2\/product_brand?post=1689"},{"taxonomy":"product_cat","embeddable":true,"href":"https:\/\/www.lebens-qi.at\/qishop\/wp-json\/wp\/v2\/product_cat?post=1689"},{"taxonomy":"product_tag","embeddable":true,"href":"https:\/\/www.lebens-qi.at\/qishop\/wp-json\/wp\/v2\/product_tag?post=1689"}],"curies":[{"name":"wp","href":"https:\/\/api.w.org\/{rel}","templated":true}]}}