{"id":16907,"date":"2025-09-16T19:07:08","date_gmt":"2025-09-16T17:07:08","guid":{"rendered":"https:\/\/www.lebens-qi.at\/qishop\/?post_type=product&#038;p=16907"},"modified":"2025-09-16T19:14:31","modified_gmt":"2025-09-16T17:14:31","slug":"stein-armband-libellenzauber","status":"publish","type":"product","link":"https:\/\/www.lebens-qi.at\/qishop\/produkt\/stein-armband-libellenzauber\/","title":{"rendered":"Stein Armband &#8211; Libellenzauber"},"content":{"rendered":"<p><b>Stein-Armband <\/b>aus ca. 8 mm gro\u00dfen Kugeln<\/p>\n<p><b>Mit den Steinen:<\/b><br \/>\n\u2022 Fluorit<br \/>\n\u2022 Amazonit<\/p>\n<p>mit einem kleinen Libellen-Symbolanh\u00e4nger<\/p>\n<p><b>Detailinformationen zum Armband:<\/b><br \/>\nEinzelanfertigung!<br \/>\nGr\u00f6\u00dfe: ca. 18 cm<br \/>\nohne Verschluss, elastisch<br \/>\nMaterial: Stein, nickelfreies Metall<br \/>\nVerpackung: edle schwarze Schmuckschachtel mit Lebens-Qi Logo<\/p>\n<p><em>Hergestellt mit viel Liebe f\u00fcr die Extra-Portion Freude im LEBENS-QI G\u00e4nserndorf<\/em><\/p>\n<p><b>Hinweis: <\/b>Es wird genau dieses Armband am Foto verschickt. Da wir auch ein Ladengesch\u00e4ft haben und es sich bei diesem St\u00fcck um ein Unikat handelt, ist ein zwischenzeitlicher Verkauf vorbehalten. Aktuell ist dieses Armband im Lebens-Qi G\u00e4nserndorf verf\u00fcgbar.<\/p>\n","protected":false},"excerpt":{"rendered":"<p>Unikat aus Fluorit &amp; Amazonit<\/p>\n","protected":false},"featured_media":16909,"comment_status":"closed","ping_status":"closed","template":"","meta":{"_links_to":"","_links_to_target":""},"pwb-brand":[114],"product_brand":[],"product_cat":[920,921,918,919],"product_tag":[1261,1223,1590,1851,2249,119,751],"class_list":{"0":"post-16907","1":"product","2":"type-product","3":"status-publish","4":"has-post-thumbnail","6":"pwb-brand-lebens-qi-kraft-der-steine","7":"product_cat-armbaender","8":"product_cat-armbaender-steinschmuck","9":"product_cat-unikate","10":"product_cat-unikate-steinschmuck","11":"product_tag-amazonit","12":"product_tag-armband","13":"product_tag-fluorit","14":"product_tag-libelle","15":"product_tag-standort-gaenserndorf","16":"product_tag-steinschmuck","17":"product_tag-unikat","19":"first","20":"instock","21":"sold-individually","22":"taxable","23":"shipping-taxable","24":"purchasable","25":"product-type-simple"},"blog_post_layout_featured_media_urls":{"thumbnail":["https:\/\/www.lebens-qi.at\/qishop\/wp-content\/uploads\/libellenzauber-150x150.png",150,150,true],"full":["https:\/\/www.lebens-qi.at\/qishop\/wp-content\/uploads\/libellenzauber.png",800,800,false]},"categories":["114"],"categories_names":{"114":{"name":"Lebens-Qi Kraft der Steine","link":"https:\/\/www.lebens-qi.at\/qishop\/brand\/lebens-qi-kraft-der-steine\/"}},"comments_number":"0","brands":[{"id":114,"name":"Lebens-Qi Kraft der Steine","slug":"lebens-qi-kraft-der-steine"}],"_links":{"self":[{"href":"https:\/\/www.lebens-qi.at\/qishop\/wp-json\/wp\/v2\/product\/16907","targetHints":{"allow":["GET"]}}],"collection":[{"href":"https:\/\/www.lebens-qi.at\/qishop\/wp-json\/wp\/v2\/product"}],"about":[{"href":"https:\/\/www.lebens-qi.at\/qishop\/wp-json\/wp\/v2\/types\/product"}],"replies":[{"embeddable":true,"href":"https:\/\/www.lebens-qi.at\/qishop\/wp-json\/wp\/v2\/comments?post=16907"}],"wp:featuredmedia":[{"embeddable":true,"href":"https:\/\/www.lebens-qi.at\/qishop\/wp-json\/wp\/v2\/media\/16909"}],"wp:attachment":[{"href":"https:\/\/www.lebens-qi.at\/qishop\/wp-json\/wp\/v2\/media?parent=16907"}],"wp:term":[{"taxonomy":"pwb-brand","embeddable":true,"href":"https:\/\/www.lebens-qi.at\/qishop\/wp-json\/wp\/v2\/pwb-brand?post=16907"},{"taxonomy":"product_brand","embeddable":true,"href":"https:\/\/www.lebens-qi.at\/qishop\/wp-json\/wp\/v2\/product_brand?post=16907"},{"taxonomy":"product_cat","embeddable":true,"href":"https:\/\/www.lebens-qi.at\/qishop\/wp-json\/wp\/v2\/product_cat?post=16907"},{"taxonomy":"product_tag","embeddable":true,"href":"https:\/\/www.lebens-qi.at\/qishop\/wp-json\/wp\/v2\/product_tag?post=16907"}],"curies":[{"name":"wp","href":"https:\/\/api.w.org\/{rel}","templated":true}]}}