{"id":1693,"date":"2024-02-19T11:52:50","date_gmt":"2024-02-19T10:52:50","guid":{"rendered":"https:\/\/www.lebens-qi.at\/qishop\/produkt\/natuerliche-abwehr-ayurvedischer-tee\/"},"modified":"2025-09-25T20:11:58","modified_gmt":"2025-09-25T18:11:58","slug":"natuerliche-abwehr-ayurvedischer-tee","status":"publish","type":"product","link":"https:\/\/www.lebens-qi.at\/qishop\/produkt\/natuerliche-abwehr-ayurvedischer-tee\/","title":{"rendered":"Nat\u00fcrliche Abwehr &#8211; Ayurvedischer Tee"},"content":{"rendered":"<p><b>NAT\u00dcRLICHE ABWEHR<br \/>\nAyurvedische Kr\u00e4uterteemischung<br \/>\nmit Echinacea, Acerola-Kirsche, Holunderbeere<\/b><\/p>\n<p>Wohltuend, fruchtig, mit nat\u00fcrlichem Vitamin C.<br \/>\nDie Natur ist ein starker Verb\u00fcndeter. Lebe im Einklang mit der Natur und vertraue auf ihre Wunder. In YOGI TEA\u00ae Nat\u00fcrliche Abwehr kommen einige dieser Wunder zusammen: Das Vitamin C der Acerola-Kirsche kann dein Immunsystem, kombiniert mit einer abwechslungsreichen und ausgewogenen Ern\u00e4hrung als Teil einer gesunden Lebensweise, auf nat\u00fcrliche Weise unterst\u00fctzen. Mit fein-herber Echinacea und fruchtiger Holunderbeere entsteht ein wohliges Geschmackserlebnis, bei dem du dich gut aufgehoben f\u00fchlst.<\/p>\n<p><b>Der Tee f\u00fcr alle, die Kraft aus der Natur sch\u00f6pfen.<\/b><\/p>\n<p>Zutaten: Echinacea*, Hagebutte*, Getrockneter Acerolasaft*, Basilikum*, Zimt*, Ingwer*, Kardamom*, Holunderbeeren*, schwarzer Pfeffer*, Moringa*, Hibiskus*, Kakaoschalen*, S\u00fc\u00dfholz*, Fenchel*<br \/>\n* = kontrolliert \u00f6kologischer Anbau<\/p>\n<p><b>Inhalt:<\/b> 17 Teebeutel, Gewicht 34 g (17 x 2 g)<\/p>\n<p><b><em>\u00dcber Yogi Tees:<\/em><\/b><br \/>\nSeit \u00fcber 40 Jahren steht YOGI TEA\u00ae f\u00fcr k\u00f6stliche Kr\u00e4uter- und Gew\u00fcrztees, die auf einzigartigen ayurvedischen Teerezepturen basieren, deren Wurzeln in der 3.000 Jahre alten indischen Philosophie des Ayurveda liegen.<\/p>\n","protected":false},"excerpt":{"rendered":"<p>mit Echinacea, Acerola-Kirsche, Holunderbeere<\/p>\n","protected":false},"featured_media":14803,"comment_status":"closed","ping_status":"closed","template":"","meta":{"_links_to":"","_links_to_target":""},"pwb-brand":[433],"product_brand":[],"product_cat":[3017,430],"product_tag":[460,443,459],"class_list":{"0":"post-1693","1":"product","2":"type-product","3":"status-publish","4":"has-post-thumbnail","6":"pwb-brand-yogi-tea","7":"product_cat-herbstzeit","8":"product_cat-yogi-tea","9":"product_tag-ayurvedischer-tee","10":"product_tag-tee","11":"product_tag-yogitee","13":"first","14":"instock","15":"taxable","16":"shipping-taxable","17":"purchasable","18":"product-type-simple"},"blog_post_layout_featured_media_urls":{"thumbnail":["https:\/\/www.lebens-qi.at\/qishop\/wp-content\/uploads\/Natuerliche-Abwehr-150x150.png",150,150,true],"full":["https:\/\/www.lebens-qi.at\/qishop\/wp-content\/uploads\/Natuerliche-Abwehr.png",800,800,false]},"categories":["433"],"categories_names":{"433":{"name":"Yogi Tea","link":"https:\/\/www.lebens-qi.at\/qishop\/brand\/yogi-tea\/"}},"comments_number":"0","brands":[{"id":433,"name":"Yogi Tea","slug":"yogi-tea"}],"_links":{"self":[{"href":"https:\/\/www.lebens-qi.at\/qishop\/wp-json\/wp\/v2\/product\/1693","targetHints":{"allow":["GET"]}}],"collection":[{"href":"https:\/\/www.lebens-qi.at\/qishop\/wp-json\/wp\/v2\/product"}],"about":[{"href":"https:\/\/www.lebens-qi.at\/qishop\/wp-json\/wp\/v2\/types\/product"}],"replies":[{"embeddable":true,"href":"https:\/\/www.lebens-qi.at\/qishop\/wp-json\/wp\/v2\/comments?post=1693"}],"wp:featuredmedia":[{"embeddable":true,"href":"https:\/\/www.lebens-qi.at\/qishop\/wp-json\/wp\/v2\/media\/14803"}],"wp:attachment":[{"href":"https:\/\/www.lebens-qi.at\/qishop\/wp-json\/wp\/v2\/media?parent=1693"}],"wp:term":[{"taxonomy":"pwb-brand","embeddable":true,"href":"https:\/\/www.lebens-qi.at\/qishop\/wp-json\/wp\/v2\/pwb-brand?post=1693"},{"taxonomy":"product_brand","embeddable":true,"href":"https:\/\/www.lebens-qi.at\/qishop\/wp-json\/wp\/v2\/product_brand?post=1693"},{"taxonomy":"product_cat","embeddable":true,"href":"https:\/\/www.lebens-qi.at\/qishop\/wp-json\/wp\/v2\/product_cat?post=1693"},{"taxonomy":"product_tag","embeddable":true,"href":"https:\/\/www.lebens-qi.at\/qishop\/wp-json\/wp\/v2\/product_tag?post=1693"}],"curies":[{"name":"wp","href":"https:\/\/api.w.org\/{rel}","templated":true}]}}