{"id":1697,"date":"2024-02-19T11:52:57","date_gmt":"2024-02-19T10:52:57","guid":{"rendered":"https:\/\/www.lebens-qi.at\/qishop\/produkt\/abend-rooibos-vanille-ayurvedischer-tee\/"},"modified":"2025-05-07T10:51:04","modified_gmt":"2025-05-07T08:51:04","slug":"abend-rooibos-vanille-ayurvedischer-tee","status":"publish","type":"product","link":"https:\/\/www.lebens-qi.at\/qishop\/produkt\/abend-rooibos-vanille-ayurvedischer-tee\/","title":{"rendered":"Abend Rooibos Vanille &#8211; Ayurvedischer Tee"},"content":{"rendered":"<p><b>ABEND Rooibos Vanille<br \/>\nAyurvedische Kr\u00e4uterteemischung<br \/>\nmit Rooibos, Kamillenbl\u00fcten, Vanille<\/b><\/p>\n<p>Mild, s\u00fc\u00df, umarmend.<br \/>\nSch\u00f6nen, guten Abend. Leg diese Worte ruhig mal wieder auf die Goldwaage und lass das Sch\u00f6ne, Gute in dir klingen. Lass dich vom weichen Rotbusch und duftender Vanille sanft umarmen und gleite entspannt in die Nacht. Ein sch\u00f6ner Ausklang des Tages, dieser Abend-Tee!\u00a0<b><\/b><\/p>\n<p>Der Tee f\u00fcr alle, die zur Kr\u00f6nung des Tages etwas S\u00fc\u00dfes m\u00f6gen.<\/p>\n<p>Zutaten: Rotbusch*, Kamillenbl\u00fcten*, Kakaoschalen*, S\u00fc\u00dfholz*, Vanilleextrakt*, Zimt*, Kardamom*, Zitronenmelissenextrakt*, Muskat*, Ingwer*, Nelken*, schwarzer Pfeffer*<br \/>\n* = kontrolliert \u00f6kologischer Anbau<\/p>\n<p><b>Inhalt:<\/b> 17 Teebeutel, Gewicht 30,6 g (17 x 1,8 g)<\/p>\n<p><b><em>\u00dcber Yogi Tees:<\/em><\/b><br \/>\nSeit \u00fcber 40 Jahren steht YOGI TEA\u00ae f\u00fcr k\u00f6stliche Kr\u00e4uter- und Gew\u00fcrztees, die auf einzigartigen ayurvedischen Teerezepturen basieren, deren Wurzeln in der 3.000 Jahre alten indischen Philosophie des Ayurveda liegen.<\/p>\n","protected":false},"excerpt":{"rendered":"<p>mit Rooibos, Kamillenbl\u00fcten, Vanille<\/p>\n","protected":false},"featured_media":14713,"comment_status":"closed","ping_status":"closed","template":"","meta":{"_links_to":"","_links_to_target":""},"pwb-brand":[433],"product_brand":[],"product_cat":[430],"product_tag":[460,443,459],"class_list":{"0":"post-1697","1":"product","2":"type-product","3":"status-publish","4":"has-post-thumbnail","6":"pwb-brand-yogi-tea","7":"product_cat-yogi-tea","8":"product_tag-ayurvedischer-tee","9":"product_tag-tee","10":"product_tag-yogitee","12":"first","13":"instock","14":"taxable","15":"shipping-taxable","16":"purchasable","17":"product-type-simple"},"blog_post_layout_featured_media_urls":{"thumbnail":["https:\/\/www.lebens-qi.at\/qishop\/wp-content\/uploads\/Abend-150x150.png",150,150,true],"full":["https:\/\/www.lebens-qi.at\/qishop\/wp-content\/uploads\/Abend.png",800,800,false]},"categories":["433"],"categories_names":{"433":{"name":"Yogi Tea","link":"https:\/\/www.lebens-qi.at\/qishop\/brand\/yogi-tea\/"}},"comments_number":"0","brands":[{"id":433,"name":"Yogi Tea","slug":"yogi-tea"}],"_links":{"self":[{"href":"https:\/\/www.lebens-qi.at\/qishop\/wp-json\/wp\/v2\/product\/1697","targetHints":{"allow":["GET"]}}],"collection":[{"href":"https:\/\/www.lebens-qi.at\/qishop\/wp-json\/wp\/v2\/product"}],"about":[{"href":"https:\/\/www.lebens-qi.at\/qishop\/wp-json\/wp\/v2\/types\/product"}],"replies":[{"embeddable":true,"href":"https:\/\/www.lebens-qi.at\/qishop\/wp-json\/wp\/v2\/comments?post=1697"}],"wp:featuredmedia":[{"embeddable":true,"href":"https:\/\/www.lebens-qi.at\/qishop\/wp-json\/wp\/v2\/media\/14713"}],"wp:attachment":[{"href":"https:\/\/www.lebens-qi.at\/qishop\/wp-json\/wp\/v2\/media?parent=1697"}],"wp:term":[{"taxonomy":"pwb-brand","embeddable":true,"href":"https:\/\/www.lebens-qi.at\/qishop\/wp-json\/wp\/v2\/pwb-brand?post=1697"},{"taxonomy":"product_brand","embeddable":true,"href":"https:\/\/www.lebens-qi.at\/qishop\/wp-json\/wp\/v2\/product_brand?post=1697"},{"taxonomy":"product_cat","embeddable":true,"href":"https:\/\/www.lebens-qi.at\/qishop\/wp-json\/wp\/v2\/product_cat?post=1697"},{"taxonomy":"product_tag","embeddable":true,"href":"https:\/\/www.lebens-qi.at\/qishop\/wp-json\/wp\/v2\/product_tag?post=1697"}],"curies":[{"name":"wp","href":"https:\/\/api.w.org\/{rel}","templated":true}]}}