{"id":1699,"date":"2024-02-19T11:52:59","date_gmt":"2024-02-19T10:52:59","guid":{"rendered":"https:\/\/www.lebens-qi.at\/qishop\/produkt\/frauen-power-ayurvedischer-tee\/"},"modified":"2026-04-07T12:06:01","modified_gmt":"2026-04-07T10:06:01","slug":"frauen-power-ayurvedischer-tee","status":"publish","type":"product","link":"https:\/\/www.lebens-qi.at\/qishop\/produkt\/frauen-power-ayurvedischer-tee\/","title":{"rendered":"Frauen Power &#8211; Ayurvedischer Tee"},"content":{"rendered":"<p><b>FRAUEN POWER<br \/>\nAyurvedische Kr\u00e4uterteemischung<br \/>\nmit Hibiskus, Angelikawurzel, Ingwer<\/b><\/p>\n<p>Vollmundig, inspirierend, fruchtig.<br \/>\nAusdauer ist eine F\u00e4higkeit, die von manchen Menschen mehr gefordert wird als von anderen. Die gute Nachricht ist, dass du alles, was du brauchst in dir tr\u00e4gst. Beschwingt durch fruchtigen Hibiskus, S\u00fc\u00dfholz und Himbeerbl\u00e4tter stimulierst du deine inneren Quellen und findest dabei ganz neue Wege.<\/p>\n<p><b>Der Tee f\u00fcr alle, die etwas bewegen.<\/b><\/p>\n<p>Zutaten: Hibiskus*, S\u00fc\u00dfholz*, Pfefferminze*, Himbeerbl\u00e4tter*, schwarzer Pfeffer*, Angelikawurzelextrakt, Zimt*, Ingwer*, Kardamom*, Nelken*<br \/>\nEnth\u00e4lt S\u00fc\u00dfholz \u2013 bei hohem Blutdruck sollte ein \u00fcberm\u00e4\u00dfiger Verzehr dieses Erzeugnisses vermieden werden.<br \/>\n* = kontrolliert \u00f6kologischer Anbau<\/p>\n<p><b>Inhalt:<\/b> 17 Teebeutel, Gewicht 30,6 g (17 x 1,8 g)<\/p>\n<p><b><em>\u00dcber Yogi Tees:<\/em><\/b><br \/>\nSeit \u00fcber 40 Jahren steht YOGI TEA\u00ae f\u00fcr k\u00f6stliche Kr\u00e4uter- und Gew\u00fcrztees, die auf einzigartigen ayurvedischen Teerezepturen basieren, deren Wurzeln in der 3.000 Jahre alten indischen Philosophie des Ayurveda liegen.<\/p>\n","protected":false},"excerpt":{"rendered":"<p>mit Hibiskus, Angelikawurzel, Ingwer<\/p>\n","protected":false},"featured_media":14710,"comment_status":"closed","ping_status":"closed","template":"","meta":{"_links_to":"","_links_to_target":""},"pwb-brand":[433],"product_brand":[],"product_cat":[3168,430],"product_tag":[460,443,459],"class_list":{"0":"post-1699","1":"product","2":"type-product","3":"status-publish","4":"has-post-thumbnail","6":"pwb-brand-yogi-tea","7":"product_cat-fuer-goettinnen-weibliche-kraft","8":"product_cat-yogi-tea","9":"product_tag-ayurvedischer-tee","10":"product_tag-tee","11":"product_tag-yogitee","13":"first","14":"instock","15":"taxable","16":"shipping-taxable","17":"purchasable","18":"product-type-simple"},"blog_post_layout_featured_media_urls":{"thumbnail":["https:\/\/www.lebens-qi.at\/qishop\/wp-content\/uploads\/Frauen-Power-150x150.png",150,150,true],"full":["https:\/\/www.lebens-qi.at\/qishop\/wp-content\/uploads\/Frauen-Power.png",800,800,false]},"categories":["433"],"categories_names":{"433":{"name":"Yogi Tea","link":"https:\/\/www.lebens-qi.at\/qishop\/brand\/yogi-tea\/"}},"comments_number":"0","brands":[{"id":433,"name":"Yogi Tea","slug":"yogi-tea"}],"_links":{"self":[{"href":"https:\/\/www.lebens-qi.at\/qishop\/wp-json\/wp\/v2\/product\/1699","targetHints":{"allow":["GET"]}}],"collection":[{"href":"https:\/\/www.lebens-qi.at\/qishop\/wp-json\/wp\/v2\/product"}],"about":[{"href":"https:\/\/www.lebens-qi.at\/qishop\/wp-json\/wp\/v2\/types\/product"}],"replies":[{"embeddable":true,"href":"https:\/\/www.lebens-qi.at\/qishop\/wp-json\/wp\/v2\/comments?post=1699"}],"wp:featuredmedia":[{"embeddable":true,"href":"https:\/\/www.lebens-qi.at\/qishop\/wp-json\/wp\/v2\/media\/14710"}],"wp:attachment":[{"href":"https:\/\/www.lebens-qi.at\/qishop\/wp-json\/wp\/v2\/media?parent=1699"}],"wp:term":[{"taxonomy":"pwb-brand","embeddable":true,"href":"https:\/\/www.lebens-qi.at\/qishop\/wp-json\/wp\/v2\/pwb-brand?post=1699"},{"taxonomy":"product_brand","embeddable":true,"href":"https:\/\/www.lebens-qi.at\/qishop\/wp-json\/wp\/v2\/product_brand?post=1699"},{"taxonomy":"product_cat","embeddable":true,"href":"https:\/\/www.lebens-qi.at\/qishop\/wp-json\/wp\/v2\/product_cat?post=1699"},{"taxonomy":"product_tag","embeddable":true,"href":"https:\/\/www.lebens-qi.at\/qishop\/wp-json\/wp\/v2\/product_tag?post=1699"}],"curies":[{"name":"wp","href":"https:\/\/api.w.org\/{rel}","templated":true}]}}